{"id":18859,"date":"2014-06-02T09:22:38","date_gmt":"2014-06-02T09:22:38","guid":{"rendered":"http:\/\/demo.select-themes.com\/stockholm8\/?page_id=18859"},"modified":"2015-08-01T19:33:18","modified_gmt":"2015-08-01T17:33:18","slug":"idea","status":"publish","type":"page","link":"https:\/\/pix.house\/en\/idea\/","title":{"rendered":"IDEA2"},"content":{"rendered":"<div class=\"wpb-content-wrapper\"><div class=\"vc_row wpb_row section vc_row-fluid  grid_section\" style='background-color:#f5f5f5; padding-top:90px; padding-bottom:100px; text-align:left;'><div class=\"section_inner clearfix\"><div class='section_inner_margin clearfix'><div class=\"wpb_column vc_column_container vc_col-sm-6\"><div class=\"vc_column-inner\"><div class=\"wpb_wrapper\">\n\t<div class=\"wpb_text_column wpb_content_element\">\n\t\t<div class=\"wpb_wrapper\">\n\t\t\t<h2>_ THE IDEA<\/h2>\n\n\t\t<\/div>\n\t<\/div><div class=\"separator  transparent center\" style=\"border-width:1px;margin-top:40px;margin-bottom:0px\"><\/div>\n\t<div class=\"wpb_text_column wpb_content_element\">\n\t\t<div class=\"wpb_wrapper\">\n\t\t\t<p>Fotografowie dokumentali\u015bci zwi\u0105zani ze<strong>\u00a0ZPAF<\/strong>\u00a0Okr\u0119g Wielkopolski chc\u0105 stworzy\u0107 w Poznaniu\u00a0<strong>miejsce dla fotografii<\/strong>.<\/p>\n<p><strong><a href=\"https:\/\/www.facebook.com\/events\/767748079960742\/791747740894109\/\" target=\"_blank\">Inicjatyw\u0119 na facebooku popar\u0142o ju\u017c ponad 5000 os\u00f3b.<\/a><\/strong><\/p>\n<p>Organizatorom akcji uda\u0142o si\u0119 znale\u017a\u0107 i wst\u0119pnie wynaj\u0105\u0107 od miasta\u00a0<strong>lokal na dzia\u0142alno\u015b\u0107.<\/strong><\/p>\n<p>W miejscu gdzie niegdy\u015b mie\u015bci\u0142a si\u0119 wypo\u017cyczalnia kaset video\u00a0<strong>EROTICA<\/strong>\u00a0i klub nocny\u00a0<strong>EXTREME<\/strong>\u00a0teraz swoj\u0105 przestrze\u0144 odnajdzie fotografia\u2026<\/p>\n\n\t\t<\/div>\n\t<\/div><\/div><\/div><\/div><div class=\"wpb_column vc_column_container vc_col-sm-6\"><div class=\"vc_column-inner\"><div class=\"wpb_wrapper\"><div class=\"separator  transparent center\" style=\"border-width:1px;margin-top:65px;margin-bottom:0px\"><\/div><div class='q_progress_bar'><h4 class='progress_title_holder clearfix' style='color: #393939;'><span class='progress_title'>that's how many people said yes to photography in Pozna\u0144: <\/span><span class='progress_number without_mark' style='color: #393939;'><span>0<\/span><\/span><\/h4><div class='progress_content_outer' style=''><div data-percentage='5000' class='progress_content' style=''><\/div><\/div><\/div><div class=\"separator  transparent center\" style=\"border-width:1px;margin-top:33px;margin-bottom:0px\"><\/div><div class='q_progress_bar'><h4 class='progress_title_holder clearfix' style='color: #393939;'><span class='progress_title'>The amount of photographs submitted for the first exhibition: <\/span><span class='progress_number without_mark' style='color: #393939;'><span>0<\/span><\/span><\/h4><div class='progress_content_outer' style=''><div data-percentage='639' class='progress_content' style=''><\/div><\/div><\/div><div class=\"separator  transparent center\" style=\"border-width:1px;margin-top:33px;margin-bottom:0px\"><\/div><div class='q_progress_bar'><h4 class='progress_title_holder clearfix' style='color: #393939;'><span class='progress_title'>The amount of photographers who participated in the first exhibition: <\/span><span class='progress_number without_mark' style='color: #393939;'><span>0<\/span><\/span><\/h4><div class='progress_content_outer' style=''><div data-percentage='214' class='progress_content' style=''><\/div><\/div><\/div><\/div><\/div><\/div><\/div><\/div><\/div><div     class=\"vc_row wpb_row section vc_row-fluid  grid_section\" style='background-color:#ffffff; padding-top:90px; padding-bottom:100px; text-align:left;'><div class=\"section_inner clearfix\"><div class='section_inner_margin clearfix'><div class=\"wpb_column vc_column_container vc_col-sm-2\"><div class=\"vc_column-inner\"><div class=\"wpb_wrapper\"><\/div><\/div><\/div><div class=\"wpb_column vc_column_container vc_col-sm-8\"><div class=\"vc_column-inner\"><div class=\"wpb_wrapper\">\n\t<div class=\"wpb_text_column wpb_content_element\">\n\t\t<div class=\"wpb_wrapper\">\n\t\t\t<h2>_ GOAL<\/h2>\n\n\t\t<\/div>\n\t<\/div><div class=\"separator  transparent center\" style=\"border-width:1px;margin-top:40px;margin-bottom:0px\"><\/div>\n\t<div class=\"wpb_text_column wpb_content_element\">\n\t\t<div class=\"wpb_wrapper\">\n\t\t\t<p class=\"translation-block\">Our main goal is to create an open place on the cultural map of Pozna\u0144, a meeting place for everyone \u2013 the local community, photography enthusiasts, amateur photographers, supporters of culture and cultural events, as well as artists from Pozna\u0144, all of Poland and other countries.<\/p>\n\n\t\t<\/div>\n\t<\/div><\/div><\/div><\/div><div class=\"wpb_column vc_column_container vc_col-sm-2\"><div class=\"vc_column-inner\"><div class=\"wpb_wrapper\"><\/div><\/div><\/div><\/div><\/div><\/div><div     class=\"vc_row wpb_row section vc_row-fluid  grid_section\" style='background-color:#f5f5f5; padding-top:90px; padding-bottom:100px; text-align:left;'><div class=\"section_inner clearfix\"><div class='section_inner_margin clearfix'><div class=\"wpb_column vc_column_container vc_col-sm-6\"><div class=\"vc_column-inner\"><div class=\"wpb_wrapper\">\n\t<div class=\"wpb_text_column wpb_content_element\">\n\t\t<div class=\"wpb_wrapper\">\n\t\t\t<h2>_ INTEGRATION<\/h2>\n\n\t\t<\/div>\n\t<\/div><div class=\"separator  transparent center\" style=\"border-width:1px;margin-top:40px;margin-bottom:0px\"><\/div>\n\t<div class=\"wpb_text_column wpb_content_element\">\n\t\t<div class=\"wpb_wrapper\">\n\t\t\t<p>Our activities are based on close contact between the local community of Pozna\u0144 and tourists who come to our city with the art of photography in the following ways: <strong>open, direct and free.\u00a0<\/strong><\/p>\n\n\t\t<\/div>\n\t<\/div><\/div><\/div><\/div><div class=\"wpb_column vc_column_container vc_col-sm-6\"><div class=\"vc_column-inner\"><div class=\"wpb_wrapper\">\n\t<div class=\"wpb_video_widget wpb_content_element vc_clearfix   vc_video-aspect-ratio-169 vc_video-el-width-100 vc_video-align-left\" >\n\t\t<div class=\"wpb_wrapper\">\n\t\t\t\n\t\t\t<div class=\"wpb_video_wrapper\"><a href=\"https:\/\/www.youtube.com\/watch?v=qEgeAVk670U&#038;feature=autoshare\">https:\/\/www.youtube.com\/watch?v=qEgeAVk670U&#038;feature=autoshare<\/a><\/div>\n\t\t<\/div>\n\t<\/div>\n<\/div><\/div><\/div><\/div><\/div><\/div><div     class=\"vc_row wpb_row section vc_row-fluid\" style=' text-align:left;'><div class=\"full_section_inner clearfix\"><div class=\"wpb_column vc_column_container vc_col-sm-12\"><div class=\"vc_column-inner\"><div class=\"wpb_wrapper\"><div class=\"separator  transparent center\" style=\"margin-top:55px;margin-bottom:0px\"><\/div>\n\t<div class=\"wpb_single_image wpb_content_element vc_align_center\">\n\t\t<div class=\"wpb_wrapper\">\n\t\t\t\n\t\t\t<a href=\" https:\/\/www.facebook.com\/events\/767748079960742\/\" target=\"_blank\"><div class=\"vc_single_image-wrapper   vc_box_border_grey\"><img loading=\"lazy\" decoding=\"async\" width=\"251\" height=\"300\" src=\"https:\/\/pix.house\/wp-content\/uploads\/2014\/06\/tak_tak-251x300.png\" class=\"vc_single_image-img attachment-medium\" alt=\"\" title=\"tak_tak\" srcset=\"https:\/\/pix.house\/wp-content\/uploads\/2014\/06\/tak_tak-251x300.png 251w, https:\/\/pix.house\/wp-content\/uploads\/2014\/06\/tak_tak-800x955.png 800w, https:\/\/pix.house\/wp-content\/uploads\/2014\/06\/tak_tak-768x916.png 768w, https:\/\/pix.house\/wp-content\/uploads\/2014\/06\/tak_tak-600x716.png 600w, https:\/\/pix.house\/wp-content\/uploads\/2014\/06\/tak_tak-700x835.png 700w, https:\/\/pix.house\/wp-content\/uploads\/2014\/06\/tak_tak-300x358.png 300w, https:\/\/pix.house\/wp-content\/uploads\/2014\/06\/tak_tak.png 963w\" sizes=\"auto, (max-width: 251px) 100vw, 251px\" \/><\/div><\/a>\n\t\t<\/div>\n\t<\/div>\n<\/div><\/div><\/div><\/div><\/div><div     class=\"vc_row wpb_row section vc_row-fluid  grid_section\" style='background-color:#ffffff; padding-top:90px; padding-bottom:100px; text-align:left;'><div class=\"section_inner clearfix\"><div class='section_inner_margin clearfix'><div class=\"wpb_column vc_column_container vc_col-sm-2\"><div class=\"vc_column-inner\"><div class=\"wpb_wrapper\"><\/div><\/div><\/div><div class=\"wpb_column vc_column_container vc_col-sm-8\"><div class=\"vc_column-inner\"><div class=\"wpb_wrapper\">\n\t<div class=\"wpb_text_column wpb_content_element\">\n\t\t<div class=\"wpb_wrapper\">\n\t\t\t<h2>_\u00a0DZIA\u0141ANIA<\/h2>\n\n\t\t<\/div>\n\t<\/div><div class=\"separator  transparent center\" style=\"border-width:1px;margin-top:40px;margin-bottom:0px\"><\/div>\n\t<div class=\"wpb_text_column wpb_content_element\">\n\t\t<div class=\"wpb_wrapper\">\n\t\t\t<p>\u25a0 multimedialne wystawy najlepszych polskich i zagranicznych fotograf\u00f3w<br \/>\n\u25a0 spotkania autorskie<br \/>\n\u25a0 innowacyjne warsztaty fotograficzne dla dzieci, m\u0142odzie\u017cy, doros\u0142ych<br \/>\n\u25a0 przegl\u0105dy portfolio m\u0142odych tw\u00f3rc\u00f3w<br \/>\n\u25a0 pokazy slajd\u00f3w, film\u00f3w o fotografii i multimedi\u00f3w fotograficznych (fotokasty, prezentacje<br \/>\nmultimedialne, albumy interaktywne)<br \/>\n\u25a0 akcje outdoorowe \u2013 wystawy plenerowe, pokazy zdj\u0119\u0107 w miejscach publicznych<br \/>\n\u25a0\u00a0archiwum spo\u0142eczne &#8211; stworzymy interaktywne archiwum fotografii dokumentuj\u0105cych dzielnic\u0119 \u0141azarz, Pozna\u0144 i ca\u0142\u0105 Wielkopolsk\u0119<\/p>\n\n\t\t<\/div>\n\t<\/div><\/div><\/div><\/div><div class=\"wpb_column vc_column_container vc_col-sm-2\"><div class=\"vc_column-inner\"><div class=\"wpb_wrapper\"><\/div><\/div><\/div><\/div><\/div><\/div><div     class=\"vc_row wpb_row section vc_row-fluid  grid_section\" style='background-color:#ffffff; padding-top:90px; padding-bottom:100px; text-align:left;'><div class=\"section_inner clearfix\"><div class='section_inner_margin clearfix'><div class=\"wpb_column vc_column_container vc_col-sm-3\"><div class=\"vc_column-inner\"><div class=\"wpb_wrapper\">\n\t<div class=\"wpb_text_column wpb_content_element\">\n\t\t<div class=\"wpb_wrapper\">\n\t\t\t<h2>_\u00a0WSP\u00d3\u0141PRACA<\/h2>\n\n\t\t<\/div>\n\t<\/div><\/div><\/div><\/div><div class=\"wpb_column vc_column_container vc_col-sm-9\"><div class=\"vc_column-inner\"><div class=\"wpb_wrapper\">\n\t<div class=\"wpb_single_image wpb_content_element vc_align_left\">\n\t\t<div class=\"wpb_wrapper\">\n\t\t\t\n\t\t\t<div class=\"vc_single_image-wrapper   vc_box_border_grey\"><img loading=\"lazy\" decoding=\"async\" width=\"2048\" height=\"1018\" src=\"https:\/\/pix.house\/wp-content\/uploads\/2014\/06\/na_strone_wspolpraa.jpg\" class=\"vc_single_image-img attachment-full\" alt=\"\" title=\"na_strone_wspolpraa\" srcset=\"https:\/\/pix.house\/wp-content\/uploads\/2014\/06\/na_strone_wspolpraa.jpg 2048w, https:\/\/pix.house\/wp-content\/uploads\/2014\/06\/na_strone_wspolpraa-800x398.jpg 800w, https:\/\/pix.house\/wp-content\/uploads\/2014\/06\/na_strone_wspolpraa-300x149.jpg 300w, https:\/\/pix.house\/wp-content\/uploads\/2014\/06\/na_strone_wspolpraa-768x382.jpg 768w, https:\/\/pix.house\/wp-content\/uploads\/2014\/06\/na_strone_wspolpraa-1280x636.jpg 1280w, https:\/\/pix.house\/wp-content\/uploads\/2014\/06\/na_strone_wspolpraa-600x298.jpg 600w, https:\/\/pix.house\/wp-content\/uploads\/2014\/06\/na_strone_wspolpraa-700x348.jpg 700w, https:\/\/pix.house\/wp-content\/uploads\/2014\/06\/na_strone_wspolpraa-1100x547.jpg 1100w\" sizes=\"auto, (max-width: 2048px) 100vw, 2048px\" \/><\/div>\n\t\t<\/div>\n\t<\/div>\n<\/div><\/div><\/div><\/div><\/div><\/div>\n<\/div>","protected":false},"excerpt":{"rendered":"_ IDEA Fotografowie dokumentali\u015bci zwi\u0105zani ze\u00a0ZPAF\u00a0Okr\u0119g Wielkopolski chc\u0105 stworzy\u0107 w Poznaniu\u00a0miejsce dla fotografii. Inicjatyw\u0119 na facebooku popar\u0142o ju\u017c ponad 5000 os\u00f3b. Organizatorom akcji uda\u0142o si\u0119 znale\u017a\u0107 i wst\u0119pnie wynaj\u0105\u0107 od miasta\u00a0lokal na dzia\u0142alno\u015b\u0107. W miejscu gdzie niegdy\u015b mie\u015bci\u0142a si\u0119 wypo\u017cyczalnia kaset video\u00a0EROTICA\u00a0i klub nocny\u00a0EXTREME\u00a0teraz swoj\u0105...","protected":false},"author":387,"featured_media":0,"parent":0,"menu_order":0,"comment_status":"open","ping_status":"open","template":"full_width.php","meta":{"_monsterinsights_skip_tracking":false,"_monsterinsights_sitenote_active":false,"_monsterinsights_sitenote_note":"","_monsterinsights_sitenote_category":0,"footnotes":""},"class_list":["post-18859","page","type-page","status-publish","hentry"],"_links":{"self":[{"href":"https:\/\/pix.house\/en\/wp-json\/wp\/v2\/pages\/18859","targetHints":{"allow":["GET"]}}],"collection":[{"href":"https:\/\/pix.house\/en\/wp-json\/wp\/v2\/pages"}],"about":[{"href":"https:\/\/pix.house\/en\/wp-json\/wp\/v2\/types\/page"}],"author":[{"embeddable":true,"href":"https:\/\/pix.house\/en\/wp-json\/wp\/v2\/users\/387"}],"replies":[{"embeddable":true,"href":"https:\/\/pix.house\/en\/wp-json\/wp\/v2\/comments?post=18859"}],"version-history":[{"count":0,"href":"https:\/\/pix.house\/en\/wp-json\/wp\/v2\/pages\/18859\/revisions"}],"wp:attachment":[{"href":"https:\/\/pix.house\/en\/wp-json\/wp\/v2\/media?parent=18859"}],"curies":[{"name":"wp","href":"https:\/\/api.w.org\/{rel}","templated":true}]}}