{"id":18918,"date":"2014-06-02T11:17:04","date_gmt":"2014-06-02T11:17:04","guid":{"rendered":"http:\/\/demo.select-themes.com\/stockholm8\/?page_id=18918"},"modified":"2026-03-25T17:08:57","modified_gmt":"2026-03-25T16:08:57","slug":"kontakt","status":"publish","type":"page","link":"https:\/\/pix.house\/en\/kontakt\/","title":{"rendered":"CONTACT"},"content":{"rendered":"<div class=\"wpb-content-wrapper\"><div class=\"vc_row wpb_row section vc_row-fluid  full_screen_section\" style=' text-align:left;'><div class=\"full_section_inner clearfix\" style='padding-left: 100px;padding-right: 100px'><div class=\"wpb_column vc_column_container vc_col-sm-4\"><div class=\"vc_column-inner vc_custom_1498024799690\"><div class=\"wpb_wrapper\">\n\t<div class=\"wpb_text_column wpb_content_element\">\n\t\t<div class=\"wpb_wrapper\">\n\t\t\t<p><b>Obecnie trwa wystawa:<br \/>\n<\/b><\/p>\n<p><b>Stanis\u0142aw Ciok | Fotografie<\/b><\/p>\n<p>galeria czynna w :<br \/>\n<b>\u015brody &#8211; 17:00 &#8211; 20:00<br \/>\nsoboty &#8211; 11:00 &#8211; 15:00<\/b><\/p>\n\n\t\t<\/div> \n\t<\/div> <div class=\"separator  normal\" style=\"border-color: #ffffff;margin-bottom:10px\"><\/div>\n<div class='q_icon_with_title  circle'><div class=\"icon_holder\" style=\" \"><div class=\"icon_holder_inner\"><span class=\"q_font_elegant_holder circle  custom-font\" style=\"font-size: 25px;\"><span class=\"icon_text_icon q_font_elegant_icon icon_pin_alt\" aria-hidden=\"true\" style=\"font-size: 25px;\"><\/span><\/span><\/div><\/div><div class=\"icon_text_holder\" style=\"padding-left: 86px\"><div class=\"icon_text_inner\" style=\"\"><h4 class=\"icon_title\" style=\"\">ADRESS<\/h4><p style=''>G\u0142ogowska 35a; 60-736 Pozna\u0144<\/p><\/div><\/div><\/div><div class='q_icon_with_title  circle'><div class=\"icon_holder\" style=\" \"><div class=\"icon_holder_inner\"><span class=\"q_font_elegant_holder circle  custom-font\" style=\"font-size: 25px;\"><span class=\"icon_text_icon q_font_elegant_icon social_youtube\" aria-hidden=\"true\" style=\"font-size: 25px;\"><\/span><\/span><\/div><\/div><div class=\"icon_text_holder\" style=\"padding-left: 86px\"><div class=\"icon_text_inner\" style=\"\"><h4 class=\"icon_title\" style=\"\"><\/h4><p style=''><\/p><a class='icon_with_title_link' href='https:\/\/www.youtube.com\/channel\/UCoplfTl86ceLNAYZU7M7-eg' target='_self' style=''>our YT channel<\/a><\/div><\/div><\/div><\/div><\/div><\/div><div class=\"wpb_column vc_column_container vc_col-sm-4\"><div class=\"vc_column-inner\"><div class=\"wpb_wrapper\"><div class=\"separator  normal\" style=\"border-color: #ffffff;margin-bottom:130px\"><\/div>\n<div class=\"separator  normal\" style=\"border-color: #ffffff;margin-bottom:53px\"><\/div>\n<div class='q_icon_with_title  circle'><div class=\"icon_holder\" style=\" \"><div class=\"icon_holder_inner\"><span class=\"q_font_elegant_holder circle  custom-font\" style=\"font-size: 25px;\"><span class=\"icon_text_icon q_font_elegant_icon icon_phone\" aria-hidden=\"true\" style=\"font-size: 25px;\"><\/span><\/span><\/div><\/div><div class=\"icon_text_holder\" style=\"padding-left: 100px\"><div class=\"icon_text_inner\" style=\"\"><h4 class=\"icon_title\" style=\"\">PHONE<\/h4><p style=''>+48 607 290 671 | +48 601 700 111<\/p><\/div><\/div><\/div><div class='q_icon_with_title  circle'><div class=\"icon_holder\" style=\" \"><div class=\"icon_holder_inner\"><span class=\"q_font_elegant_holder circle  custom-font\" style=\"font-size: 25px;\"><span class=\"icon_text_icon q_font_elegant_icon social_instagram_circle\" aria-hidden=\"true\" style=\"font-size: 25px;\"><\/span><\/span><\/div><\/div><div class=\"icon_text_holder\" style=\"padding-left: 100px\"><div class=\"icon_text_inner\" style=\"\"><h4 class=\"icon_title\" style=\"\"><\/h4><p style=''><\/p><a class='icon_with_title_link' href='https:\/\/www.instagram.com\/pix.house' target='_blank' style=''>our IG profile<\/a><\/div><\/div><\/div><\/div><\/div><\/div><div class=\"wpb_column vc_column_container vc_col-sm-4\"><div class=\"vc_column-inner\"><div class=\"wpb_wrapper\"><div class=\"separator  normal\" style=\"border-color: #ffffff;margin-bottom:130px\"><\/div>\n<div class=\"separator  normal\" style=\"border-color: #ffffff;margin-bottom:53px\"><\/div>\n<div class='q_icon_with_title  circle'><div class=\"icon_holder\" style=\" \"><div class=\"icon_holder_inner\"><span class=\"q_font_elegant_holder circle  custom-font\" style=\"font-size: 25px;\"><span class=\"icon_text_icon q_font_elegant_icon icon_mail_alt\" aria-hidden=\"true\" style=\"font-size: 25px;\"><\/span><\/span><\/div><\/div><div class=\"icon_text_holder\" style=\"padding-left: 100px\"><div class=\"icon_text_inner\" style=\"\"><h4 class=\"icon_title\" style=\"\">E-MAIL<\/h4><p style=''>galeria@pix.house<\/p><\/div><\/div><\/div><div class='q_icon_with_title  circle'><div class=\"icon_holder\" style=\" \"><div class=\"icon_holder_inner\"><span class=\"q_font_elegant_holder circle  custom-font\" style=\"font-size: 25px;\"><span class=\"icon_text_icon q_font_elegant_icon social_facebook_circle\" aria-hidden=\"true\" style=\"font-size: 25px;\"><\/span><\/span><\/div><\/div><div class=\"icon_text_holder\" style=\"padding-left: 100px\"><div class=\"icon_text_inner\" style=\"\"><h4 class=\"icon_title\" style=\"\"><\/h4><p style=''><\/p><a class='icon_with_title_link' href='https:\/\/www.facebook.com\/pixhousepoznan\/' target='_blank' style=''>our FB fanpage<\/a><\/div><\/div><\/div><\/div><\/div><\/div><\/div><\/div><div     class=\"vc_row wpb_row section vc_row-fluid\" style=' text-align:left;'><div class=\"full_section_inner clearfix\"><div class=\"wpb_column vc_column_container vc_col-sm-12\"><div class=\"vc_column-inner\"><div class=\"wpb_wrapper\"><div class=\"separator  normal\" style=\"border-color: #FFFFFF;margin-bottom:70px\"><\/div>\n<\/div><\/div><\/div><\/div><\/div>\n<\/div>","protected":false},"excerpt":{"rendered":"Obecnie trwa wystawa: Stanis\u0142aw Ciok | Fotografie galeria czynna w : \u015brody - 17:00 - 20:00 soboty - 11:00 - 15:00 ADRESG\u0142ogowska 35a; 60-736 Pozna\u0144nasz kana\u0142 na YT TELEFON+48 607 290 671 | +48 601 700 111nasz profil na IG E-MAILgaleria@pix.housenasz fanpage na FB","protected":false},"author":387,"featured_media":0,"parent":0,"menu_order":0,"comment_status":"closed","ping_status":"closed","template":"contact-page.php","meta":{"_monsterinsights_skip_tracking":false,"_monsterinsights_sitenote_active":false,"_monsterinsights_sitenote_note":"","_monsterinsights_sitenote_category":0,"footnotes":""},"class_list":["post-18918","page","type-page","status-publish","hentry"],"_links":{"self":[{"href":"https:\/\/pix.house\/en\/wp-json\/wp\/v2\/pages\/18918","targetHints":{"allow":["GET"]}}],"collection":[{"href":"https:\/\/pix.house\/en\/wp-json\/wp\/v2\/pages"}],"about":[{"href":"https:\/\/pix.house\/en\/wp-json\/wp\/v2\/types\/page"}],"author":[{"embeddable":true,"href":"https:\/\/pix.house\/en\/wp-json\/wp\/v2\/users\/387"}],"replies":[{"embeddable":true,"href":"https:\/\/pix.house\/en\/wp-json\/wp\/v2\/comments?post=18918"}],"version-history":[{"count":42,"href":"https:\/\/pix.house\/en\/wp-json\/wp\/v2\/pages\/18918\/revisions"}],"predecessor-version":[{"id":40063,"href":"https:\/\/pix.house\/en\/wp-json\/wp\/v2\/pages\/18918\/revisions\/40063"}],"wp:attachment":[{"href":"https:\/\/pix.house\/en\/wp-json\/wp\/v2\/media?parent=18918"}],"curies":[{"name":"wp","href":"https:\/\/api.w.org\/{rel}","templated":true}]}}