{"id":23458,"date":"2016-06-28T13:47:03","date_gmt":"2016-06-28T11:47:03","guid":{"rendered":"http:\/\/pix.house\/?page_id=23458"},"modified":"2022-11-04T12:05:16","modified_gmt":"2022-11-04T11:05:16","slug":"dostawa_platnosc","status":"publish","type":"page","link":"https:\/\/pix.house\/en\/dostawa_platnosc\/","title":{"rendered":"DOSTAWA I P\u0141ATNO\u015a\u0106 | sklep PIX.HOUSE"},"content":{"rendered":"<div class=\"wpb-content-wrapper\"><div class=\"vc_row wpb_row section vc_row-fluid  grid_section\" style=' text-align:left;'><div class=\"section_inner clearfix\"><div class='section_inner_margin clearfix'><div class=\"wpb_column vc_column_container vc_col-sm-12\"><div class=\"vc_column-inner\"><div class=\"wpb_wrapper\"><div class=\"vc_empty_space\"   style=\"height: 25px\"><span class=\"vc_empty_space_inner\"><\/span><\/div>\n\t<div class=\"wpb_text_column wpb_content_element\">\n\t\t<div class=\"wpb_wrapper\">\n\t\t\t<p><strong>All proceeds from the sale of products in the store are allocated to purposes outlined in the statutory provisions of the PIX.HOUSE Foundation. We promote, support, and popularize photography.\u00a0<\/strong><\/p>\n<p>&nbsp;<\/p>\n<h4><span lang=\"pl-pl\" xml:lang=\"pl-pl\"><strong>PAYMENTS:<\/strong><br \/>\n<\/span><\/h4>\n<div class=\"rightside\">In our store you can pay in two ways:<\/div>\n<div class=\"innerbox\">\n<div class=\"resetcss\">\n<p><strong>1. Transfer<\/strong><br \/>\n<strong>\u2013 made from any bank or post office<\/strong><\/p>\n<p>the transfer details are:<br \/>\n<strong>28 1140 2004 0000 3302 7625 8525 (<\/strong>Mbank)<br \/>\nFundacja PIX.HOUSE<\/p>\n<p>In the title of the payment please state <strong>the order number<\/strong><\/p>\n<p>Failure to include the order number in the transfer title may delay the order processing time.<\/p>\n<p>&nbsp;<\/p>\n<p><strong>2<\/strong><strong>. Przelewy24.pl <\/strong><br \/>\n<strong>\u2013 payment cards, quick transfers:<\/strong><\/p>\n<\/div>\n<\/div>\n<p><img loading=\"lazy\" decoding=\"async\" class=\"size-full wp-image-23459 alignleft\" src=\"http:\/\/pix.house\/wp-content\/uploads\/2016\/06\/przelewy24_loga_klodka_05.png\" alt=\"przelewy24_loga_klodka_05\" width=\"139\" height=\"139\" srcset=\"https:\/\/pix.house\/wp-content\/uploads\/2016\/06\/przelewy24_loga_klodka_05.png 139w, https:\/\/pix.house\/wp-content\/uploads\/2016\/06\/przelewy24_loga_klodka_05-100x100.png 100w\" sizes=\"auto, (max-width: 139px) 100vw, 139px\" \/><\/p>\n<p>&nbsp;<\/p>\n<p>&nbsp;<\/p>\n<p>&nbsp;<\/p>\n<p>&nbsp;<\/p>\n<p>&nbsp;<\/p>\n<h4><strong>DELIVERY:<\/strong><\/h4>\n<p>Orders\u00a0are\u00a0shipped by <strong>BY INPOST PARCEL LOCKER OR COURIER.\u00a0<\/strong><\/p>\n<p>Shipping prices include packaging costs.<\/p>\n<p>&nbsp;<\/p>\n<p><strong>Parcel locker \u2013 Inpost:<\/strong><br \/>\n15z\u0142<\/p>\n<p>&nbsp;<\/p>\n<p><strong>Courier shipment up to 5 kg:<\/strong><\/p>\n<p>20 z\u0142<\/p>\n<p>&nbsp;<\/p>\n<p><strong>Personal collection (free of charge) - <em>please contact us and arrange a suitable delivery date<\/em>:<\/strong><\/p>\n<p>ksi\u0119garnia PIX.HOUSE ul. G\u0142ogowska 35 Pozna\u0144<\/p>\n<p>Shipping abroad is possible after determining costs.<\/p>\n\n\t\t<\/div> \n\t<\/div> <div class=\"vc_empty_space\"   style=\"height: 25px\"><span class=\"vc_empty_space_inner\"><\/span><\/div><\/div><\/div><\/div><\/div><\/div><\/div><div     class=\"vc_row wpb_row section vc_row-fluid\" style=' text-align:left;'><div class=\"full_section_inner clearfix\"><div class=\"wpb_column vc_column_container vc_col-sm-12\"><div class=\"vc_column-inner\"><div class=\"wpb_wrapper\"><div class=\"vc_empty_space\"   style=\"height: 25px\"><span class=\"vc_empty_space_inner\"><\/span><\/div><\/div><\/div><\/div><\/div><\/div><div     class=\"vc_row wpb_row section vc_row-fluid\" style=' text-align:left;'><div class=\"full_section_inner clearfix\"><div class=\"wpb_column vc_column_container vc_col-sm-12\"><div class=\"vc_column-inner\"><div class=\"wpb_wrapper\"><div class=\"vc_empty_space\"   style=\"height: 25px\"><span class=\"vc_empty_space_inner\"><\/span><\/div><\/div><\/div><\/div><\/div><\/div><div     class=\"vc_row wpb_row section vc_row-fluid\" style=' text-align:left;'><div class=\"full_section_inner clearfix\"><div class=\"wpb_column vc_column_container vc_col-sm-12\"><div class=\"vc_column-inner\"><div class=\"wpb_wrapper\">\n\t<div class=\"wpb_text_column wpb_content_element\">\n\t\t<div class=\"wpb_wrapper\">\n\t\t\t<p><\/p>\n\n\t\t<\/div> \n\t<\/div> <\/div><\/div><\/div><\/div><\/div><div     class=\"vc_row wpb_row section vc_row-fluid\" style=' text-align:left;'><div class=\"full_section_inner clearfix\"><div class=\"wpb_column vc_column_container vc_col-sm-12\"><div class=\"vc_column-inner\"><div class=\"wpb_wrapper\">\n\t<div class=\"wpb_text_column wpb_content_element\">\n\t\t<div class=\"wpb_wrapper\">\n\t\t\t<p><\/p>\n\n\t\t<\/div> \n\t<\/div> <\/div><\/div><\/div><\/div><\/div><div     class=\"vc_row wpb_row section vc_row-fluid\" style=' text-align:left;'><div class=\"full_section_inner clearfix\"><div class=\"wpb_column vc_column_container vc_col-sm-12\"><div class=\"vc_column-inner\"><div class=\"wpb_wrapper\">\n\t<div class=\"wpb_text_column wpb_content_element\">\n\t\t<div class=\"wpb_wrapper\">\n\t\t\t<p><\/p>\n\n\t\t<\/div> \n\t<\/div> <\/div><\/div><\/div><\/div><\/div>\n<\/div>","protected":false},"excerpt":{"rendered":"Wszystkie \u015brodki uzyskane ze sprzeda\u017cy produkt\u00f3w w sklepie s\u0105 przeznaczone na cele zgodnie z zapisami statutowymi Fundacji PIX.HOUSE. Promujemy, animujemy i popularyzujemy fotografi\u0119.\u00a0 &nbsp; P\u0141ATNO\u015aCI: W naszym sklepie mo\u017cna p\u0142aci\u0107 na dwa sposoby: 1. Przelew - dokonywany z dowolnego banku lub urz\u0119du pocztowego dane do...","protected":false},"author":387,"featured_media":0,"parent":0,"menu_order":0,"comment_status":"open","ping_status":"open","template":"full_width.php","meta":{"_monsterinsights_skip_tracking":false,"_monsterinsights_sitenote_active":false,"_monsterinsights_sitenote_note":"","_monsterinsights_sitenote_category":0,"footnotes":""},"class_list":["post-23458","page","type-page","status-publish","hentry"],"_links":{"self":[{"href":"https:\/\/pix.house\/en\/wp-json\/wp\/v2\/pages\/23458","targetHints":{"allow":["GET"]}}],"collection":[{"href":"https:\/\/pix.house\/en\/wp-json\/wp\/v2\/pages"}],"about":[{"href":"https:\/\/pix.house\/en\/wp-json\/wp\/v2\/types\/page"}],"author":[{"embeddable":true,"href":"https:\/\/pix.house\/en\/wp-json\/wp\/v2\/users\/387"}],"replies":[{"embeddable":true,"href":"https:\/\/pix.house\/en\/wp-json\/wp\/v2\/comments?post=23458"}],"version-history":[{"count":7,"href":"https:\/\/pix.house\/en\/wp-json\/wp\/v2\/pages\/23458\/revisions"}],"predecessor-version":[{"id":35935,"href":"https:\/\/pix.house\/en\/wp-json\/wp\/v2\/pages\/23458\/revisions\/35935"}],"wp:attachment":[{"href":"https:\/\/pix.house\/en\/wp-json\/wp\/v2\/media?parent=23458"}],"curies":[{"name":"wp","href":"https:\/\/api.w.org\/{rel}","templated":true}]}}