{"id":24534,"date":"2017-04-21T18:06:28","date_gmt":"2017-04-21T16:06:28","guid":{"rendered":"http:\/\/pix.house\/?page_id=24534"},"modified":"2017-04-23T15:14:24","modified_gmt":"2017-04-23T13:14:24","slug":"o-projekcie","status":"publish","type":"page","link":"https:\/\/pix.house\/en\/o-projekcie\/","title":{"rendered":"O PROJEKCIE"},"content":{"rendered":"<div class=\"wpb-content-wrapper\"><div class=\"vc_row wpb_row section vc_row-fluid\" style=' text-align:left;'><div class=\"full_section_inner clearfix\"><div class=\"wpb_column vc_column_container vc_col-sm-12\"><div class=\"vc_column-inner\"><div class=\"wpb_wrapper\"><div class=\"separator  normal\" style=\"border-color: #ffffff\"><\/div>\n<div class=\"separator  normal\" style=\"border-color: #ffffff\"><\/div>\n<div class=\"separator  normal\" style=\"border-color: #ffffff\"><\/div>\n<div class=\"separator  normal\" style=\"border-color: #ffffff\"><\/div>\n<div class=\"separator  normal\" style=\"border-color: #ffffff\"><\/div>\n\n\t<div class=\"wpb_text_column wpb_content_element\">\n\t\t<div class=\"wpb_wrapper\">\n\t\t\t<h4>Archiwum fotografii WIELKOPOLSKA\/TERAZ<\/h4>\n\n\t\t<\/div> \n\t<\/div> <div class=\"separator  normal\" style=\"border-color: #ffffff\"><\/div>\n\n\t<div class=\"wpb_text_column wpb_content_element\">\n\t\t<div class=\"wpb_wrapper\">\n\t\t\t<p>Mieszkamy w Wielkopolsce. Fotografujemy zmiany i kolekcjonujemy stare zdj\u0119cia. Tak w 2013 roku powsta\u0142 pomys\u0142 stworzenia archiwum opisuj\u0105cego region w kt\u00f3rym \u017cyjemy. WIELKOPOLSKA\/TERAZ to projekt, kt\u00f3ry \u0142\u0105czy stare z nieco nowszym. Projekt, kt\u00f3ry pr\u00f3buje ocali\u0107 od zapomnienia.<\/p>\n\n\t\t<\/div> \n\t<\/div> <div class=\"separator  normal\" style=\"border-color: #ffffff\"><\/div>\n<\/div><\/div><\/div><\/div><\/div><div     class=\"vc_row wpb_row section vc_row-fluid\" style=' text-align:left;'><div class=\"full_section_inner clearfix\"><div class=\"wpb_column vc_column_container vc_col-sm-12\"><div class=\"vc_column-inner\"><div class=\"wpb_wrapper\">\n\t<div class=\"wpb_text_column wpb_content_element\">\n\t\t<div class=\"wpb_wrapper\">\n\t\t\t<p style=\"text-align: justify;\"><strong>O WIELKOPOLSCE Z PRZYMRU\u017bENIEM\u00a0OKA:\u00a0<\/strong><\/p>\n<p style=\"text-align: justify;\">Teren z lekka pofa\u0142dowany. Wystarcz\u0105 dwie godziny, \u017ceby przejecha\u0107 now\u0105 autostrad\u0105 ca\u0142\u0105 Wielkopolsk\u0119 z zachodu na wsch\u00f3d, abo trzy, by dosta\u0107 si\u0119 z po\u0142udnia na p\u00f3\u0142noc. Drogi niez\u0142e. Oznakowanie dobre. \u017badnych niespodzianek. Nuda.<br \/>\nPost\u00f3j w miasteczku. Idziemy na rynek b\u0105d\u017a pod sklep, z lud\u017ami porozmawia\u0107. I \u017cycie nabiera barw codzienno\u015bci, bogactwa osobowo\u015bci, przesz\u0142o\u015bci, przyzwyczaje\u0144, wizji dobrobytu, pora\u017cek, zrealizowanych, ewentualnie niezrealizowanych potrzeb.<\/p>\n<p style=\"text-align: justify;\">Wesele we wsi Bardo jest tak samo wa\u017cne, jak Juwenalia w Poznaniu, jaroci\u0144ski festiwal rockowy &#8211; jak biesiada dudziarska w Zb\u0105szyniu. We wsp\u00f3\u0142czesnej \u015bwiadomo\u015bci na tutejszych terenach gdzie\u015b g\u0142\u0119boko tkwi\u0105 pocz\u0105tki pa\u0144stwa polskiego, sztywny gorset pruskiego zaboru oraz przymusowa germanizacja. Na wygl\u0105d i jako\u015b\u0107 tego kawa\u0142ka Polski wp\u0142yn\u0105\u0142 r\u00f3wnie mocno \u00f3w pruski porz\u0105dek, ale te\u017c polski pozytywizm. Zadbane ogr\u00f3dki przed domami, g\u0119sto rosn\u0105ce zbo\u017ca na polach to echo wielkopolskich ziemian, przygotowane przez Wy\u017csz\u0105 Szko\u0142\u0119 Rolnicz\u0105 w \u017babikowie, kt\u00f3r\u0105 za\u0142o\u017cy\u0142 arystokrata August Cieszkowski. Do dzi\u015b czytelne stare, a dobre rozwi\u0105zania urbanistyczne lub rozk\u0142ad pomieszcze\u0144 w dawnych obej\u015bciach i kamienicach, wynikaj\u0105 z pruskich przepis\u00f3w budowlanych.<\/p>\n<p style=\"text-align: justify;\">Ca\u0142a Wielkopolska przesi\u0105kni\u0119ta jest wymieszan\u0105 tradycj\u0105 rozmaitych narod\u00f3w i kultur, jakie przewin\u0119\u0142y si\u0119 przez nasz region w ci\u0105gu wiek\u00f3w. 25 lat od przemian systemowych kraju przywdzia\u0142a now\u0105, europejsk\u0105 sk\u00f3r\u0119. Efekt? Zobacz jak wygl\u0105da Wielkopolska. Teraz.<\/p>\n\n\t\t<\/div> \n\t<\/div> <div class=\"separator  normal\" style=\"border-color: #ffffff\"><\/div>\n<\/div><\/div><\/div><\/div><\/div><div     class=\"vc_row wpb_row section vc_row-fluid\" style=' text-align:left;'><div class=\"full_section_inner clearfix\"><div class=\"wpb_column vc_column_container vc_col-sm-12\"><div class=\"vc_column-inner\"><div class=\"wpb_wrapper\"><div class=\"separator  normal\" style=\"border-color: #ffffff\"><\/div>\n\n\t<div class=\"wpb_video_widget wpb_content_element vc_clearfix   vc_video-aspect-ratio-169 vc_video-el-width-100 vc_video-align-left\" >\n\t\t<div class=\"wpb_wrapper\">\n\t\t\t\n\t\t\t<div class=\"wpb_video_wrapper\"><iframe loading=\"lazy\" title=\"Wrzesnia2012\" src=\"https:\/\/player.vimeo.com\/video\/103889649?dnt=1&amp;app_id=122963\" width=\"500\" height=\"184\" frameborder=\"0\" allow=\"autoplay; fullscreen; picture-in-picture; clipboard-write\"><\/iframe><\/div>\n\t\t<\/div>\n\t<\/div>\n<div class=\"separator  normal\" style=\"border-color: #ffffff\"><\/div>\n<\/div><\/div><\/div><\/div><\/div><div     class=\"vc_row wpb_row section vc_row-fluid\" style=' text-align:left;'><div class=\"full_section_inner clearfix\"><div class=\"wpb_column vc_column_container vc_col-sm-12\"><div class=\"vc_column-inner\"><div class=\"wpb_wrapper\">\n\t<div class=\"wpb_text_column wpb_content_element\">\n\t\t<div class=\"wpb_wrapper\">\n\t\t\t<p style=\"text-align: justify;\"><strong>Wielkopolska\/Teraz<\/strong> to projekt realizowany przez pi\u0105tk\u0119\u00a0fotograf\u00f3w: Micha\u0142a Adamskiego, Andrzeja Dobosza, Mariusza Foreckiego, Micha\u0142a Sit\u0119 i Adriana Wykrot\u0119, kt\u00f3rzy postawili sobie za cel dokumentowanie codziennego \u017cycia regionu w kt\u00f3rym mieszkaj\u0105 i pracuj\u0105. W projekcie znajd\u0105 si\u0119 te\u017c zdj\u0119cia z legendarnej ju\u017c Kolekcji Wrzesi\u0144skiej realizowanej przez miasto Wrze\u015bnia przy wsparciu Kwartalnika FOTOGRAFIA oraz zdj\u0119cia z projektu PKS Ko\u015bcian 2002-2012. W 2015 roku swoje zbiory fotografii udost\u0119pnili r\u00f3wnie\u017c: <strong>Zbigniew Wielgosz, Piotr Jasiczek, Maciej Kuszela, W\u0142adys\u0142aw Nielipi\u0144ski oraz Grzegorz Dembi\u0144ski. <\/strong>Laureatami corocznego konkursu WLKP\/TERAZ byli:<strong>\u00a0Artur Kucharczak,\u00a0Karol Szymkowiak, Marek Zakrzewski, Sebastian Czopik, Stepan Rudik, Jacek Kulm\u00a0<\/strong>&#8211; zdj\u0119cia laureat\u00f3w r\u00f3wnie\u017c znajduj\u0105 si\u0119 w naszym archiwum.<\/p>\n<p style=\"text-align: justify;\"><strong>Micha\u0142 Adamski<\/strong> | <a href=\"http:\/\/www.michaladamski.com.pl\" target=\"_blank\" rel=\"noopener noreferrer\">www.michaladamski.com.pl<\/a><\/p>\n<p style=\"text-align: justify;\">Fotograf dokumentalista. Zajmuje si\u0119 realizacj\u0105 temat\u00f3w spo\u0142ecznych i dokumentalnych, w kt\u00f3rych wa\u017cny jest cz\u0142owiek i jego \u017cycie we wsp\u00f3\u0142czesnym \u015bwiecie. Stypendysta Marsza\u0142ka Wojew\u00f3dztwa Wielkopolskiego oraz Ministara Kultury i Dziedzictwa Narodowego. Laureat konkurs\u00f3w fotograficznych, m.in. \u00a0International Photography Award, PRIX DE LA PHOTOGRAPHIE PARIS (PX3), Grand Press Photo, Wielkopolska Press Photo. W 2015 roku wyda\u0142 album \u201eNie mog\u0119 przebrn\u0105\u0107 przez chaos\u201c, kt\u00f3ry dotyka\u0142 tematu straty bliskich, wyr\u00f3zniony w International Photography Awards, ENCONTROS DA IMAGEM Photo Festival w Bradze (2015) oraz Fotograficzna Publikacja Roku na Fotofestiwalu w \u0141odzi (2016). Swoje prace wystawia\u0142 m.in. w Berlinie, Miami, Warszwie, Poznaniu, Pile i Krakowie. Jeden z za\u0142o\u017cycieli Fundacji Pix.house, cz\u0142onek ZPAF, wsp\u00f3\u0142pracuje z Polsk\u0105 Agencj\u0105 Fotograf\u00f3w FORUM.<\/p>\n<p><strong>Andrzej Dobosz<\/strong> | <a href=\"http:\/\/www.dobosch.com\" target=\"_blank\" rel=\"noopener noreferrer\">www.dobosch.com<\/a><\/p>\n<p>Designer. Photographer. Documentarian. Member of ZPAF. Co-founder of the Pozna\u0144-based photography group Streetm, with a focus on social documentary photography. A multiple award winner in contests such as Wielkopolska Press Photo, Moja Wielkopolska, and BZWBK Press Photo. Co-founder and long-time art director of Chigo Studio. Since 2000, he has been engaged in various aspects of graphic design, specializing in brand identity creation and developing visual communication systems. Aesthetic architect, constantly seeking balance between market demands and visual culture in his work. He has collaborated on numerous creative projects for some of the most renowned and demanding brands.<\/p>\n<p style=\"text-align: justify;\"><strong>Mariusz Forecki<\/strong> | <a href=\"http:\/\/www.forecki.pl\" target=\"_blank\" rel=\"noopener noreferrer\">www.forecki.pl<\/a><\/p>\n<p style=\"text-align: justify;\">Dokumentuje zmiany zachodz\u0105ce w Polsce po 1989 roku. Autor kilkunastu wystaw fotograficznych o tematyce spo\u0142ecznej. Uczestniczy\u0142 m.in. w holenderskim Noorderlicht Festival, Biennale Fotografii w Pradze, Miesi\u0105cu Fotografii w Bratys\u0142awie, Biennale Fotografii w Poznaniu. Wyr\u00f3\u017cniony za tw\u00f3rczo\u015b\u0107 przez ZPAF (Zwi\u0105zek Polskich Artyst\u00f3w Fotografik\u00f3w). Jest w\u0142a\u015bcicielem wydawnictwa 5shots publikuj\u0105cego albumy fotograficzne przeznaczone do ogl\u0105dania na tabletach. Laureat Nagrody Artystycznej Miasta Poznania w 2010 roku. Autor ksi\u0105\u017cek I LOVE POLAND, POZNA\u0143 &#8211; KULTURA NA KA\u017bD\u0104 POR\u0118, KOLEKCJA WRZESI\u0143SKA 2011. Absolwent Instytutu Kreatywnej Fotografii Uniwersytetu \u015al\u0105skiego w Opawie (Czechy).<\/p>\n<p style=\"text-align: justify;\"><strong>Micha\u0142 Sita<\/strong> |\u00a0<a href=\"http:\/\/michalsita.com\" target=\"_blank\" rel=\"noopener noreferrer\">http:\/\/michalsita.com<\/a><\/p>\n<p style=\"text-align: justify;\">Fotograf dokumentalista. Absolwent fotografii na ITF (Institut Tv\u016fr\u010d\u00ed Fotografie PFP SU), Opava, Czechy \u2013 2009 i antropologii kulturowej na UAM w Poznaniu \u2013 2011. Pracuje nad d\u0142ugoterminowymi cyklami, jak tymi dotycz\u0105cymi plemienno\u015bci w irackim Kurdystanie, amatorskich muze\u00f3w w Finlandii, \u017cycia codziennego w G\u00f3rnym Karabachu, Sudanie i w Wielkopolsce. Kurator wystaw i publikacji w ramach interdycsyplinarnego przedsi\u0119wzi\u0119cia analizuj\u0105cego archiwalne fotografie zoologiczne, kurator festiwalu ksi\u0105\u017cek fotograficznych XPRINT. Jeden z za\u0142o\u017cycieli fundacji PIX.HOUSE prowadz\u0105cej w Poznaniu galeri\u0119 fotografii dokumentalnej oraz dom wydawniczy.<\/p>\n<p><strong>Adrian Wykrota<\/strong> |<a href=\"http:\/\/adrianwykrota.com\" target=\"_blank\" rel=\"noopener noreferrer\"> http:\/\/adrianwykrota.com<\/a><\/p>\n<p>Fotograf, dokumentalista, wsp\u00f3\u0142za\u0142o\u017cyciel i kurator galerii PIX.HOUSE. Urodzony w Ostrowcu \u015awi\u0119tokrzyskim, mieszkaj\u0105cy w Poznaniu. Fotoreporter Polska Press (G\u0142os Wielkopolski). Cz\u0142onek ZPAF (Zwi\u0105zku Polskich Artyst\u00f3w Fotografik\u00f3w) i kolektywu fotograf\u00f3w ulicznych UNPOSED. Uko\u0144czy\u0142 kulturoznawstwo \u2013 medioznawstwo i filologi\u0119 angielsk\u0105. Stypendysta Marsza\u0142ka Wojew\u00f3dztwa Wielkopolskiego i miasta Pozna\u0144. Uczestnik warsztat\u00f3w agencji Magnum Photos w Birmingham i Belfa\u015bcie. W 2014 roku wybrany jednym z 30 najlepszych na \u015bwiecie fotograf\u00f3w przed 30 przez Magnum Photos. Zwyci\u0119zca wielu istotnych konkurs\u00f3w: Top 30 Under 30 Magnum Photos, IPA, Grand Press Photo, BzWBK Press Photo, Lumix Festival, Leica Street Photo. Prezentowa\u0142 swoje prace na wielu wystawach w Polsce i na \u015bwiecie. Bloger: \u201cCo z t\u0105 fotografi\u0105?\u201d.<\/p>\n<p style=\"text-align: justify;\"><strong>Koordynator projektu:<\/strong><\/p>\n<p style=\"text-align: justify;\">Anna Molter<\/p>\n\n\t\t<\/div> \n\t<\/div> <\/div><\/div><\/div><\/div><\/div><div     class=\"vc_row wpb_row section vc_row-fluid\" style=' text-align:left;'><div class=\"full_section_inner clearfix\"><div class=\"wpb_column vc_column_container vc_col-sm-12\"><div class=\"vc_column-inner\"><div class=\"wpb_wrapper\">\n\t<div class=\"wpb_text_column wpb_content_element\">\n\t\t<div class=\"wpb_wrapper\">\n\t\t\t<p><strong>Projekt realizowany dzi\u0119ki wsparciu\u00a0Urz\u0119du Marsza\u0142kowskiego Wojew\u00f3dztwa Wielkopolskiego\u00a0<\/strong><\/p>\n<p><img loading=\"lazy\" decoding=\"async\" class=\"alignleft wp-image-24556 size-medium\" src=\"http:\/\/pix.house\/wp-content\/uploads\/2017\/04\/Urz\u0105d-Marsza\u0142kowski-Wojew\u00f3dztwa-Wielkopolskiego-900x300-300x100.jpg\" alt=\"\" width=\"300\" height=\"100\" srcset=\"https:\/\/pix.house\/wp-content\/uploads\/2017\/04\/Urz\u0105d-Marsza\u0142kowski-Wojew\u00f3dztwa-Wielkopolskiego-900x300-300x100.jpg 300w, https:\/\/pix.house\/wp-content\/uploads\/2017\/04\/Urz\u0105d-Marsza\u0142kowski-Wojew\u00f3dztwa-Wielkopolskiego-900x300-768x256.jpg 768w, https:\/\/pix.house\/wp-content\/uploads\/2017\/04\/Urz\u0105d-Marsza\u0142kowski-Wojew\u00f3dztwa-Wielkopolskiego-900x300-600x200.jpg 600w, https:\/\/pix.house\/wp-content\/uploads\/2017\/04\/Urz\u0105d-Marsza\u0142kowski-Wojew\u00f3dztwa-Wielkopolskiego-900x300-700x233.jpg 700w, https:\/\/pix.house\/wp-content\/uploads\/2017\/04\/Urz\u0105d-Marsza\u0142kowski-Wojew\u00f3dztwa-Wielkopolskiego-900x300-800x267.jpg 800w, https:\/\/pix.house\/wp-content\/uploads\/2017\/04\/Urz\u0105d-Marsza\u0142kowski-Wojew\u00f3dztwa-Wielkopolskiego-900x300.jpg 900w\" sizes=\"auto, (max-width: 300px) 100vw, 300px\" \/><\/p>\n\n\t\t<\/div> \n\t<\/div> <\/div><\/div><\/div><\/div><\/div>\n<\/div>","protected":false},"excerpt":{"rendered":"Archiwum fotografii WIELKOPOLSKA\/TERAZ Mieszkamy w Wielkopolsce. Fotografujemy zmiany i kolekcjonujemy stare zdj\u0119cia. Tak w 2013 roku powsta\u0142 pomys\u0142 stworzenia archiwum opisuj\u0105cego region w kt\u00f3rym \u017cyjemy. WIELKOPOLSKA\/TERAZ to projekt, kt\u00f3ry \u0142\u0105czy stare z nieco nowszym. Projekt, kt\u00f3ry pr\u00f3buje ocali\u0107 od zapomnienia. O WIELKOPOLSCE Z PRZYMRU\u017bENIEM\u00a0OKA:\u00a0 Teren...","protected":false},"author":11,"featured_media":0,"parent":0,"menu_order":0,"comment_status":"closed","ping_status":"closed","template":"","meta":{"_monsterinsights_skip_tracking":false,"_monsterinsights_sitenote_active":false,"_monsterinsights_sitenote_note":"","_monsterinsights_sitenote_category":0,"footnotes":""},"class_list":["post-24534","page","type-page","status-publish","hentry"],"_links":{"self":[{"href":"https:\/\/pix.house\/en\/wp-json\/wp\/v2\/pages\/24534","targetHints":{"allow":["GET"]}}],"collection":[{"href":"https:\/\/pix.house\/en\/wp-json\/wp\/v2\/pages"}],"about":[{"href":"https:\/\/pix.house\/en\/wp-json\/wp\/v2\/types\/page"}],"author":[{"embeddable":true,"href":"https:\/\/pix.house\/en\/wp-json\/wp\/v2\/users\/11"}],"replies":[{"embeddable":true,"href":"https:\/\/pix.house\/en\/wp-json\/wp\/v2\/comments?post=24534"}],"version-history":[{"count":2,"href":"https:\/\/pix.house\/en\/wp-json\/wp\/v2\/pages\/24534\/revisions"}],"predecessor-version":[{"id":25472,"href":"https:\/\/pix.house\/en\/wp-json\/wp\/v2\/pages\/24534\/revisions\/25472"}],"wp:attachment":[{"href":"https:\/\/pix.house\/en\/wp-json\/wp\/v2\/media?parent=24534"}],"curies":[{"name":"wp","href":"https:\/\/api.w.org\/{rel}","templated":true}]}}