{"id":32169,"date":"2020-07-16T18:02:17","date_gmt":"2020-07-16T16:02:17","guid":{"rendered":"https:\/\/pix.house\/?page_id=32169"},"modified":"2020-07-16T18:02:17","modified_gmt":"2020-07-16T16:02:17","slug":"pracownia_inicjatywy","status":"publish","type":"page","link":"https:\/\/pix.house\/en\/pracownia_inicjatywy\/","title":{"rendered":"PRACOWNIA &#8211; INICJATYWY"},"content":{"rendered":"<div class=\"wpb-content-wrapper\"><div     class=\"vc_row wpb_row section vc_row-fluid\" style=' text-align:left;'><div class=\"full_section_inner clearfix\"><div class=\"wpb_column vc_column_container vc_col-sm-12\"><div class=\"vc_column-inner\"><div class=\"wpb_wrapper\">\n\t<div class=\"wpb_text_column wpb_content_element\">\n\t\t<div class=\"wpb_wrapper\">\n\t\t\t<h4>INICJATYWY:<\/h4>\n<div id=\"gtx-trans\" style=\"position: absolute; left: -5px; top: -3.94618px;\">\n<div class=\"gtx-trans-icon\"><\/div>\n<\/div>\n\n\t\t<\/div> \n\t<\/div> <div class=\"separator  normal\" style=\"border-color: #ffffff\"><\/div>\n<div class='projects_holder_outer v4 portfolio_with_space portfolio_standard'><div class='projects_holder clearfix v4 standard portfolio_default_image'>\n<article class='mix portfolio_category_71'><div class='image_holder default_hover'><span class='image'><img loading=\"lazy\" decoding=\"async\" width=\"550\" height=\"498\" src=\"https:\/\/pix.house\/wp-content\/uploads\/2024\/11\/ZW_030-550x498.jpg\" class=\"attachment-portfolio-default size-portfolio-default wp-post-image\" alt=\"\" srcset=\"https:\/\/pix.house\/wp-content\/uploads\/2024\/11\/ZW_030-550x498.jpg 550w, https:\/\/pix.house\/wp-content\/uploads\/2024\/11\/ZW_030-480x434.jpg 480w, https:\/\/pix.house\/wp-content\/uploads\/2024\/11\/ZW_030-125x112.jpg 125w\" sizes=\"auto, (max-width: 550px) 100vw, 550px\" \/><\/span><a class='portfolio_link_class' href='https:\/\/pix.house\/en\/portfolio_page\/podsumowanie24\/' target='_self'><\/a><div class=\"portfolio_shader\"><\/div><div class=\"icons_holder\"><div class=\"icons_holder_inner\"><\/div><\/div><\/div><div class='portfolio_description'><h4 class=\"portfolio_title\" ><a href=\"https:\/\/pix.house\/en\/portfolio_page\/podsumowanie24\/\" target=\"_self\">Podsumowanie sezonu 24 \/ Pix.house<\/a><\/h4><h6 class=\"portfolio_subtitle\"><\/h6><\/div><\/article>\n<article class='mix portfolio_category_71'><div class='image_holder default_hover'><span class='image'><img loading=\"lazy\" decoding=\"async\" width=\"550\" height=\"498\" src=\"https:\/\/pix.house\/wp-content\/uploads\/2024\/05\/talent_roku_24_pix_house_curator_lab_katerina_kouzmitcheva_hm-2-550x498.jpg\" class=\"attachment-portfolio-default size-portfolio-default wp-post-image\" alt=\"\" srcset=\"https:\/\/pix.house\/wp-content\/uploads\/2024\/05\/talent_roku_24_pix_house_curator_lab_katerina_kouzmitcheva_hm-2-550x498.jpg 550w, https:\/\/pix.house\/wp-content\/uploads\/2024\/05\/talent_roku_24_pix_house_curator_lab_katerina_kouzmitcheva_hm-2-480x434.jpg 480w, https:\/\/pix.house\/wp-content\/uploads\/2024\/05\/talent_roku_24_pix_house_curator_lab_katerina_kouzmitcheva_hm-2-125x112.jpg 125w\" sizes=\"auto, (max-width: 550px) 100vw, 550px\" \/><\/span><a class='portfolio_link_class' href='https:\/\/pix.house\/en\/portfolio_page\/inkubator\/' target='_self'><\/a><div class=\"portfolio_shader\"><\/div><div class=\"icons_holder\"><div class=\"icons_holder_inner\"><\/div><\/div><\/div><div class='portfolio_description'><h4 class=\"portfolio_title\" ><a href=\"https:\/\/pix.house\/en\/portfolio_page\/inkubator\/\" target=\"_self\">Inkubator Inicjatyw Fotograficznych<\/a><\/h4><h6 class=\"portfolio_subtitle\"><\/h6><\/div><\/article>\n<article class='mix portfolio_category_71'><div class='image_holder default_hover'><span class='image'><img loading=\"lazy\" decoding=\"async\" width=\"550\" height=\"498\" src=\"https:\/\/pix.house\/wp-content\/uploads\/2021\/07\/skanowanie_16-550x498.jpg\" class=\"attachment-portfolio-default size-portfolio-default wp-post-image\" alt=\"\" srcset=\"https:\/\/pix.house\/wp-content\/uploads\/2021\/07\/skanowanie_16-550x498.jpg 550w, https:\/\/pix.house\/wp-content\/uploads\/2021\/07\/skanowanie_16-480x434.jpg 480w, https:\/\/pix.house\/wp-content\/uploads\/2021\/07\/skanowanie_16-125x112.jpg 125w\" sizes=\"auto, (max-width: 550px) 100vw, 550px\" \/><\/span><a class='portfolio_link_class' href='https:\/\/pix.house\/en\/portfolio_page\/skanowanie\/' target='_self'><\/a><div class=\"portfolio_shader\"><\/div><div class=\"icons_holder\"><div class=\"icons_holder_inner\"><\/div><\/div><\/div><div class='portfolio_description'><h4 class=\"portfolio_title\" ><a href=\"https:\/\/pix.house\/en\/portfolio_page\/skanowanie\/\" target=\"_self\">Skanowanie i digitalizacja<\/a><\/h4><h6 class=\"portfolio_subtitle\"><\/h6><\/div><\/article>\n<article class='mix portfolio_category_71'><div class='image_holder default_hover'><span class='image'><img loading=\"lazy\" decoding=\"async\" width=\"550\" height=\"498\" src=\"https:\/\/pix.house\/wp-content\/uploads\/2015\/06\/XPRINT_2017-1-kopia-550x498.jpg\" class=\"attachment-portfolio-default size-portfolio-default wp-post-image\" alt=\"\" srcset=\"https:\/\/pix.house\/wp-content\/uploads\/2015\/06\/XPRINT_2017-1-kopia-550x498.jpg 550w, https:\/\/pix.house\/wp-content\/uploads\/2015\/06\/XPRINT_2017-1-kopia-480x434.jpg 480w, https:\/\/pix.house\/wp-content\/uploads\/2015\/06\/XPRINT_2017-1-kopia-125x112.jpg 125w\" sizes=\"auto, (max-width: 550px) 100vw, 550px\" \/><\/span><a class='portfolio_link_class' href='https:\/\/pix.house\/en\/portfolio_page\/wolontariat-miedzynarodowy-festiwal-ksiazek-xprint-2017-2\/' target='_self'><\/a><div class=\"portfolio_shader\"><\/div><div class=\"icons_holder\"><div class=\"icons_holder_inner\"><\/div><\/div><\/div><div class='portfolio_description'><h4 class=\"portfolio_title\" ><a href=\"https:\/\/pix.house\/en\/portfolio_page\/wolontariat-miedzynarodowy-festiwal-ksiazek-xprint-2017-2\/\" target=\"_self\">Wolontariat | mi\u0119dzynarodowy festiwal ksi\u0105\u017cek XPRINT 2017<\/a><\/h4><h6 class=\"portfolio_subtitle\"><\/h6><\/div><\/article>\n<article class='mix portfolio_category_71'><div class='image_holder default_hover'><span class='image'><img loading=\"lazy\" decoding=\"async\" width=\"550\" height=\"498\" src=\"https:\/\/pix.house\/wp-content\/uploads\/2017\/06\/archiwum_05-1-550x498.jpg\" class=\"attachment-portfolio-default size-portfolio-default wp-post-image\" alt=\"\" srcset=\"https:\/\/pix.house\/wp-content\/uploads\/2017\/06\/archiwum_05-1-550x498.jpg 550w, https:\/\/pix.house\/wp-content\/uploads\/2017\/06\/archiwum_05-1-480x434.jpg 480w, https:\/\/pix.house\/wp-content\/uploads\/2017\/06\/archiwum_05-1-125x112.jpg 125w\" sizes=\"auto, (max-width: 550px) 100vw, 550px\" \/><\/span><a class='portfolio_link_class' href='https:\/\/pix.house\/en\/portfolio_page\/archiwum\/' target='_self'><\/a><div class=\"portfolio_shader\"><\/div><div class=\"icons_holder\"><div class=\"icons_holder_inner\"><\/div><\/div><\/div><div class='portfolio_description'><h4 class=\"portfolio_title\" ><a href=\"https:\/\/pix.house\/en\/portfolio_page\/archiwum\/\" target=\"_self\">DO\u0141\u0104CZ DO ARCHIWUM SPO\u0141ECZNEGO<\/a><\/h4><h6 class=\"portfolio_subtitle\"><\/h6><\/div><\/article>\n<article class='mix portfolio_category_71'><div class='image_holder default_hover'><span class='image'><img loading=\"lazy\" decoding=\"async\" width=\"550\" height=\"498\" src=\"https:\/\/pix.house\/wp-content\/uploads\/2016\/11\/fiszer2-550x498.jpg\" class=\"attachment-portfolio-default size-portfolio-default wp-post-image\" alt=\"\" srcset=\"https:\/\/pix.house\/wp-content\/uploads\/2016\/11\/fiszer2-550x498.jpg 550w, https:\/\/pix.house\/wp-content\/uploads\/2016\/11\/fiszer2-480x434.jpg 480w, https:\/\/pix.house\/wp-content\/uploads\/2016\/11\/fiszer2-125x112.jpg 125w\" sizes=\"auto, (max-width: 550px) 100vw, 550px\" \/><\/span><a class='portfolio_link_class' href='https:\/\/pix.house\/en\/portfolio_page\/wyjazd-do-drukarni-xprint\/' target='_self'><\/a><div class=\"portfolio_shader\"><\/div><div class=\"icons_holder\"><div class=\"icons_holder_inner\"><\/div><\/div><\/div><div class='portfolio_description'><h4 class=\"portfolio_title\" ><a href=\"https:\/\/pix.house\/en\/portfolio_page\/wyjazd-do-drukarni-xprint\/\" target=\"_self\">Wyjazd do drukarni | XPRINT<\/a><\/h4><h6 class=\"portfolio_subtitle\"><\/h6><\/div><\/article>\n<article class='mix portfolio_category_71'><div class='image_holder default_hover'><span class='image'><img loading=\"lazy\" decoding=\"async\" width=\"550\" height=\"498\" src=\"https:\/\/pix.house\/wp-content\/uploads\/2016\/10\/XPRINTPlakat-550x498.jpg\" class=\"attachment-portfolio-default size-portfolio-default wp-post-image\" alt=\"\" srcset=\"https:\/\/pix.house\/wp-content\/uploads\/2016\/10\/XPRINTPlakat-550x498.jpg 550w, https:\/\/pix.house\/wp-content\/uploads\/2016\/10\/XPRINTPlakat-480x434.jpg 480w, https:\/\/pix.house\/wp-content\/uploads\/2016\/10\/XPRINTPlakat-125x112.jpg 125w\" sizes=\"auto, (max-width: 550px) 100vw, 550px\" \/><\/span><a class='portfolio_link_class' href='https:\/\/pix.house\/en\/portfolio_page\/wolontariat-miedzynarodowy-festiwal-ksiazek-xprint\/' target='_self'><\/a><div class=\"portfolio_shader\"><\/div><div class=\"icons_holder\"><div class=\"icons_holder_inner\"><\/div><\/div><\/div><div class='portfolio_description'><h4 class=\"portfolio_title\" ><a href=\"https:\/\/pix.house\/en\/portfolio_page\/wolontariat-miedzynarodowy-festiwal-ksiazek-xprint\/\" target=\"_self\">Wolontariat | mi\u0119dzynarodowy festiwal ksi\u0105\u017cek XPRINT<\/a><\/h4><h6 class=\"portfolio_subtitle\"><\/h6><\/div><\/article>\n<article class='mix portfolio_category_71'><div class='image_holder default_hover'><span class='image'><img loading=\"lazy\" decoding=\"async\" width=\"550\" height=\"498\" src=\"https:\/\/pix.house\/wp-content\/uploads\/2016\/05\/gratys-550x498.jpg\" class=\"attachment-portfolio-default size-portfolio-default wp-post-image\" alt=\"\" srcset=\"https:\/\/pix.house\/wp-content\/uploads\/2016\/05\/gratys-550x498.jpg 550w, https:\/\/pix.house\/wp-content\/uploads\/2016\/05\/gratys-480x434.jpg 480w, https:\/\/pix.house\/wp-content\/uploads\/2016\/05\/gratys-125x112.jpg 125w\" sizes=\"auto, (max-width: 550px) 100vw, 550px\" \/><\/span><a class='portfolio_link_class' href='https:\/\/pix.house\/en\/portfolio_page\/pracownia-portretu-filipa-cwika\/' target='_self'><\/a><div class=\"portfolio_shader\"><\/div><div class=\"icons_holder\"><div class=\"icons_holder_inner\"><\/div><\/div><\/div><div class='portfolio_description'><h4 class=\"portfolio_title\" ><a href=\"https:\/\/pix.house\/en\/portfolio_page\/pracownia-portretu-filipa-cwika\/\" target=\"_self\">pracownia portretu Filipa \u0106wika<\/a><\/h4><h6 class=\"portfolio_subtitle\"><\/h6><\/div><\/article>\n<article class='mix portfolio_category_71'><div class='image_holder default_hover'><span class='image'><img loading=\"lazy\" decoding=\"async\" width=\"550\" height=\"498\" src=\"https:\/\/pix.house\/wp-content\/uploads\/2015\/08\/DSCF5914-550x498.jpg\" class=\"attachment-portfolio-default size-portfolio-default wp-post-image\" alt=\"\" srcset=\"https:\/\/pix.house\/wp-content\/uploads\/2015\/08\/DSCF5914-550x498.jpg 550w, https:\/\/pix.house\/wp-content\/uploads\/2015\/08\/DSCF5914-480x434.jpg 480w, https:\/\/pix.house\/wp-content\/uploads\/2015\/08\/DSCF5914-125x112.jpg 125w\" sizes=\"auto, (max-width: 550px) 100vw, 550px\" \/><\/span><a class='portfolio_link_class' href='https:\/\/pix.house\/en\/portfolio_page\/twoja-wystawa-w-pix-house\/' target='_self'><\/a><div class=\"portfolio_shader\"><\/div><div class=\"icons_holder\"><div class=\"icons_holder_inner\"><\/div><\/div><\/div><div class='portfolio_description'><h4 class=\"portfolio_title\" ><a href=\"https:\/\/pix.house\/en\/portfolio_page\/twoja-wystawa-w-pix-house\/\" target=\"_self\">TWOJA WYSTAWA W PIX.HOUSE<\/a><\/h4><h6 class=\"portfolio_subtitle\"><\/h6><\/div><\/article>\n<article class='mix portfolio_category_71'><div class='image_holder default_hover'><span class='image'><img loading=\"lazy\" decoding=\"async\" width=\"550\" height=\"498\" src=\"https:\/\/pix.house\/wp-content\/uploads\/2015\/08\/ksiazki-1024x614A-550x498.jpg\" class=\"attachment-portfolio-default size-portfolio-default wp-post-image\" alt=\"\" srcset=\"https:\/\/pix.house\/wp-content\/uploads\/2015\/08\/ksiazki-1024x614A-550x498.jpg 550w, https:\/\/pix.house\/wp-content\/uploads\/2015\/08\/ksiazki-1024x614A-480x434.jpg 480w, https:\/\/pix.house\/wp-content\/uploads\/2015\/08\/ksiazki-1024x614A-125x112.jpg 125w\" sizes=\"auto, (max-width: 550px) 100vw, 550px\" \/><\/span><a class='portfolio_link_class' href='https:\/\/pix.house\/en\/portfolio_page\/czytelnia\/' target='_self'><\/a><div class=\"portfolio_shader\"><\/div><div class=\"icons_holder\"><div class=\"icons_holder_inner\"><\/div><\/div><\/div><div class='portfolio_description'><h4 class=\"portfolio_title\" ><a href=\"https:\/\/pix.house\/en\/portfolio_page\/czytelnia\/\" target=\"_self\">Czytelnia<\/a><\/h4><h6 class=\"portfolio_subtitle\"><\/h6><\/div><\/article>\n<div class='filler'><\/div>\n<div class='filler'><\/div>\n<div class='filler'><\/div>\n<div class='filler'><\/div>\n<\/div><\/div><\/div><\/div><\/div><\/div><\/div>\n<\/div>","protected":false},"excerpt":{"rendered":"&nbsp; Czytelnia PIX.HOUSE\u00a0to przestrze\u0144 w kt\u00f3rej przy dobrej kawie mo\u017cecie obejrze\u0107 ksi\u0105\u017cki fotograficzne. Na ten moment posiadamy oko\u0142o 100 pozycji. S\u0105 to nowo\u015bci z Polski i ze \u015bwiata oraz \"klasyki\". Przewa\u017cnie to publikacji, kt\u00f3rych nie znajdziecie w ksi\u0119garniach. Serdecznie zapraszamy w godzinach otwarcia galerii PIX.HOUSE....","protected":false},"author":11,"featured_media":0,"parent":0,"menu_order":0,"comment_status":"open","ping_status":"closed","template":"","meta":{"_monsterinsights_skip_tracking":false,"_monsterinsights_sitenote_active":false,"_monsterinsights_sitenote_note":"","_monsterinsights_sitenote_category":0,"footnotes":""},"class_list":["post-32169","page","type-page","status-publish","hentry"],"_links":{"self":[{"href":"https:\/\/pix.house\/en\/wp-json\/wp\/v2\/pages\/32169","targetHints":{"allow":["GET"]}}],"collection":[{"href":"https:\/\/pix.house\/en\/wp-json\/wp\/v2\/pages"}],"about":[{"href":"https:\/\/pix.house\/en\/wp-json\/wp\/v2\/types\/page"}],"author":[{"embeddable":true,"href":"https:\/\/pix.house\/en\/wp-json\/wp\/v2\/users\/11"}],"replies":[{"embeddable":true,"href":"https:\/\/pix.house\/en\/wp-json\/wp\/v2\/comments?post=32169"}],"version-history":[{"count":1,"href":"https:\/\/pix.house\/en\/wp-json\/wp\/v2\/pages\/32169\/revisions"}],"predecessor-version":[{"id":32170,"href":"https:\/\/pix.house\/en\/wp-json\/wp\/v2\/pages\/32169\/revisions\/32170"}],"wp:attachment":[{"href":"https:\/\/pix.house\/en\/wp-json\/wp\/v2\/media?parent=32169"}],"curies":[{"name":"wp","href":"https:\/\/api.w.org\/{rel}","templated":true}]}}