{"id":23423,"date":"2016-07-31T13:58:13","date_gmt":"2016-07-31T11:58:13","guid":{"rendered":"http:\/\/pix.house\/?post_type=product&#038;p=23423"},"modified":"2021-11-10T19:58:42","modified_gmt":"2021-11-10T18:58:42","slug":"czlowiek-w-ciemnych-okularach-ksiazkamf","status":"publish","type":"product","link":"https:\/\/pix.house\/en\/product\/czlowiek-w-ciemnych-okularach-ksiazkamf\/","title":{"rendered":"Cz\u0142owiek w ciemnych okularach | Mariusz Forecki"},"content":{"rendered":"<p style=\"text-align: justify;\">Ksi\u0105\u017cka Mariusza Foreckiego to opowie\u015b\u0107 o \u017cyciu codziennym we wsp\u00f3\u0142czesnej Rosji. Autor skupia si\u0119 na\u00a0metodach budowania spo\u0142ecze\u0144stwa\/narodu\u00a0w oparciu\u00a0o\u00a0gloryfikowanie militaryzmu, przemocy i ci\u0105g\u0142ych odniesie\u0144 do historii. Fotografie, kt\u00f3re znalaz\u0142y si\u0119 w ksi\u0105\u017cce powsta\u0142y w latach 2013-2015\u00a0w Moskwie i w Obwodzie moskiewskim.<\/p>\n<p style=\"text-align: justify;\">","protected":false},"excerpt":{"rendered":"<p><strong>tytu\u0142:<\/strong>\u00a0Cz\u0142owiek w ciemnych okularach<\/p>\n<p><strong>autor:\u00a0<\/strong>Mariusz Forecki<\/p>\n<p><strong>wydawnictwo:<\/strong> ZPAF OW \/ PIX.HOUSE \/ Mariusz Forecki<\/p>\n<p><strong>miejsce wydania:<\/strong> Pozna\u0144<\/p>\n<p><strong>format:<\/strong>\u00a017&#215;24\u00a0cm<\/p>\n<p><strong>ilo\u015b\u0107 stron:<\/strong> 144<\/p>\n<p><strong>nak\u0142ad: <\/strong>350 sztuk | <strong>OSTATNIE EGZEMPLARZE\u00a0\/ NAK\u0141AD NA WYCZERPANIU\u00a0<\/strong><\/p>\n<p><strong>j\u0119zyk:<\/strong> polski\/angielski\/rosyjski<\/p>\n<p><strong>ok\u0142adka:<\/strong> twarda<\/p>\n<p><strong>nagrody:<\/strong> Miesi\u0105c Fotografii Bratys\u0142awa 2016, wyr\u00f3\u017cnienia: Fotopublikacja Roku 2016, Grand Press Photo 2016,\u00a0PHotoEspa\u00f1a,\u00a0Athens Photo Festival<\/p>","protected":false},"featured_media":33575,"template":"","meta":{"_monsterinsights_skip_tracking":false,"_monsterinsights_sitenote_active":false,"_monsterinsights_sitenote_note":"","_monsterinsights_sitenote_category":0},"product_brand":[],"product_cat":[174],"product_tag":[],"class_list":{"0":"post-23423","1":"product","2":"type-product","3":"status-publish","4":"has-post-thumbnail","6":"product_cat-wydawnictwo-pix-house","8":"first","9":"outofstock","10":"shipping-taxable","11":"purchasable","12":"product-type-simple"},"_links":{"self":[{"href":"https:\/\/pix.house\/en\/wp-json\/wp\/v2\/product\/23423","targetHints":{"allow":["GET"]}}],"collection":[{"href":"https:\/\/pix.house\/en\/wp-json\/wp\/v2\/product"}],"about":[{"href":"https:\/\/pix.house\/en\/wp-json\/wp\/v2\/types\/product"}],"wp:featuredmedia":[{"embeddable":true,"href":"https:\/\/pix.house\/en\/wp-json\/wp\/v2\/media\/33575"}],"wp:attachment":[{"href":"https:\/\/pix.house\/en\/wp-json\/wp\/v2\/media?parent=23423"}],"wp:term":[{"taxonomy":"product_brand","embeddable":true,"href":"https:\/\/pix.house\/en\/wp-json\/wp\/v2\/product_brand?post=23423"},{"taxonomy":"product_cat","embeddable":true,"href":"https:\/\/pix.house\/en\/wp-json\/wp\/v2\/product_cat?post=23423"},{"taxonomy":"product_tag","embeddable":true,"href":"https:\/\/pix.house\/en\/wp-json\/wp\/v2\/product_tag?post=23423"}],"curies":[{"name":"wp","href":"https:\/\/api.w.org\/{rel}","templated":true}]}}