{"id":23511,"date":"2016-07-31T13:22:55","date_gmt":"2016-07-31T11:22:55","guid":{"rendered":"http:\/\/pix.house\/?post_type=product&#038;p=23511"},"modified":"2018-07-04T17:07:53","modified_gmt":"2018-07-04T15:07:53","slug":"american-dream-agnieszka-rayss-ksiazka","status":"publish","type":"product","link":"https:\/\/pix.house\/en\/product\/american-dream-agnieszka-rayss-ksiazka\/","title":{"rendered":"American Dream | Agnieszka Rayss"},"content":{"rendered":"<p style=\"text-align: justify;\">Od W\u0119gier po Ukrain\u0119, wsz\u0119dzie, gdzie Agnieszka Rayss realizowa\u0142a zdj\u0119cia, \u201ew wi\u0119kszo\u015bci\u201d \u2013 m\u00f3wi \u2013\u00a0 \u201eto by\u0142y mi\u0142e dziewczyny, kt\u00f3re chcia\u0142y \u0142adnie wygl\u0105da\u0107. Trafi\u0142am na nastolatki, z kt\u00f3rymi trudno by\u0142o wytrzyma\u0107, ale naprawd\u0119 niewiele razy\u201d.<\/p>\n<p style=\"text-align: justify;\">Czyli zwyczajne dziewczyny w zwyczajnie skomercjalizowanym spo\u0142ecze\u0144stwie. Rozdrobnione, rozdzielone na cz\u0119\u015bci \u2013 zw\u0142aszcza te pon\u0119tne cz\u0119\u015bci cia\u0142a, p\u00f3\u0142nagie nawet, je\u015bli ubrane, wypatruj\u0105ce uznania albo sukcesu za \u015bwiat\u0142ami marnych ramp, w \u015bmiesznych korytarzach, ciasnych mieszkaniach\u2026 \u201eNauka jest najwa\u017cniejsza\u201d \u2013 powtarza\u0142y fotografce, ale widzia\u0142a ona i jej obiektyw, \u017ce zaistnienie na wybiegu by\u0142o dla nich STRASZNIE wa\u017cne. Poddane od dzieci\u0144stwa presji mody, reklam i l\u015bni\u0105cych ok\u0142adek, rzadziej przejawiaj\u0105 dystans, z jakim do tego mami\u0105cego \u015bwiata podchodzi\u0142o pokolenie dziewcz\u0105t, wchodz\u0105cych w doros\u0142o\u015b\u0107, gdy kapitalizm w ca\u0142ym by\u0142ym Bloku Wschodnim dopiero raczkowa\u0142. Wtedy chodzi\u0142o raczej o to, \u017ceby spr\u00f3bowa\u0107 na tym troch\u0119 dorobi\u0107 i zdoby\u0107 par\u0119 fajnych swoich zdj\u0119\u0107, tak przy okazji. \u017beby sprawdzi\u0107 si\u0119 w innej roli ni\u017c w tej, do kt\u00f3rej si\u0119 cz\u0142owiek przygotowywa\u0142. (Pisz\u0119 z autopsji, jestem z tego pokolenia.)<br \/>\nNa zdj\u0119ciach Agnieszki Rayss wida\u0107 dziewczyny i dziewczynki przede wszystkim SZUKAJ\u0104CE aprobaty swego wygl\u0105du. One nie przygotowuj\u0105 si\u0119 do \u017cadnej innej roli. Maj\u0105 gotowe odpowiedzi na u\u017cytek publiczny \u2013 jak o tym, \u017ce nauka jest najwa\u017cniejsza. Gdzie\u015b prywatnie potrafi\u0105 fotografce powiedzie\u0107: \u201eeliminacje, wys\u0142uchiwanie tych wszystkich ocen jest okropne\u201d. Lecz wk\u0142adaj\u0105 ca\u0142\u0105 cierpliwo\u015b\u0107, by temu sprosta\u0107.<br \/>\nRayss lubi sfotografowane dziewczyny, nie robi im obiektywem krzywdy. Pozostaj\u0105c z boku, zauwa\u017ca lojalnie: \u201em\u00f3j \u015bwiat nie r\u00f3\u017cni si\u0119 wiele od ich \u015bwiata. Bior\u0119 udzia\u0142 w niezliczonej ilo\u015bci konkurs\u00f3w\u201d. Dodaje jednak: \u201eczasem zastanawiam si\u0119, po co?\u201d.<br \/>\nJej bohaterki nie pytaj\u0105.<\/p>\n<p style=\"text-align: justify;\">","protected":false},"excerpt":{"rendered":"<p><strong>tytu\u0142:<\/strong> &#8222;American Dream&#8221;<\/p>\n<p><strong>autor: <\/strong>Agnieszka Rayss<\/p>\n<p><strong>wydawnictwo:<\/strong>\u00a0Profotografia<\/p>\n<p><strong>miejsce wydania:<\/strong>\u00a0Pozna\u0144<\/p>\n<p><strong>format: <\/strong>22&#215;22,5 cm<\/p>\n<p><strong>ilo\u015b\u0107 stron:<\/strong> 200 stron<\/p>\n<p><strong>nak\u0142ad: <\/strong>500\u00a0sztuk<\/p>\n<p><strong>j\u0119zyk:<\/strong>\u00a0angielski<\/p>\n<p><strong>ok\u0142adka:<\/strong>\u00a0twarda<\/p>","protected":false},"featured_media":23561,"template":"","meta":{"_monsterinsights_skip_tracking":false,"_monsterinsights_sitenote_active":false,"_monsterinsights_sitenote_note":"","_monsterinsights_sitenote_category":0},"product_brand":[],"product_cat":[],"product_tag":[],"class_list":{"0":"post-23511","1":"product","2":"type-product","3":"status-publish","4":"has-post-thumbnail","7":"first","8":"outofstock","9":"shipping-taxable","10":"purchasable","11":"product-type-simple"},"_links":{"self":[{"href":"https:\/\/pix.house\/en\/wp-json\/wp\/v2\/product\/23511","targetHints":{"allow":["GET"]}}],"collection":[{"href":"https:\/\/pix.house\/en\/wp-json\/wp\/v2\/product"}],"about":[{"href":"https:\/\/pix.house\/en\/wp-json\/wp\/v2\/types\/product"}],"wp:featuredmedia":[{"embeddable":true,"href":"https:\/\/pix.house\/en\/wp-json\/wp\/v2\/media\/23561"}],"wp:attachment":[{"href":"https:\/\/pix.house\/en\/wp-json\/wp\/v2\/media?parent=23511"}],"wp:term":[{"taxonomy":"product_brand","embeddable":true,"href":"https:\/\/pix.house\/en\/wp-json\/wp\/v2\/product_brand?post=23511"},{"taxonomy":"product_cat","embeddable":true,"href":"https:\/\/pix.house\/en\/wp-json\/wp\/v2\/product_cat?post=23511"},{"taxonomy":"product_tag","embeddable":true,"href":"https:\/\/pix.house\/en\/wp-json\/wp\/v2\/product_tag?post=23511"}],"curies":[{"name":"wp","href":"https:\/\/api.w.org\/{rel}","templated":true}]}}