{"id":23598,"date":"2016-08-05T15:43:45","date_gmt":"2016-08-05T13:43:45","guid":{"rendered":"http:\/\/pix.house\/?post_type=product&#038;p=23598"},"modified":"2026-03-19T15:56:27","modified_gmt":"2026-03-19T14:56:27","slug":"new-photography-book-andrzej-dobosz","status":"publish","type":"product","link":"https:\/\/pix.house\/en\/product\/new-photography-book-andrzej-dobosz\/","title":{"rendered":"New photography book | Andrzej Dobosz"},"content":{"rendered":"<p style=\"text-align: justify\">Publikacj\u0119 &#8222;Andrzej Dobosz&#8221; postrzega\u0107 nale\u017cy, jako znakomity przyk\u0142ad wsp\u00f3\u0142pracy pomi\u0119dzy fotografem i grafikiem &#8211; Ryszardem Bienertem, za\u0142o\u017cycielem studia graficznego 3group i projektantem. Bienert konsekwentnie rozwija, znane ju\u017c z wielu jego wcze\u015bniejszych publikacji idee zintegrowania reprodukowanych dzie\u0142 z typografi\u0105, odnosz\u0105c si\u0119 tym samym do tradycji mi\u0119dzywojennej awangardy. Publikacje projektowane przez Bienerta, docenione zar\u00f3wno w konkursach krajowych, jak i mi\u0119dzynarodowych (ED &#8211; Awards 08, wyr\u00f3\u017cnienie; ED Awards 10, srebrny medal; Fotograficzna Publikacja Roku, I nagroda, 2009) pozostaj\u0105 przyk\u0142adami nowatorskich rozwi\u0105za\u0144 graficznych, w kt\u00f3rych \u015bci\u015ble zespolone zostaj\u0105 w\u0142a\u015bciwo\u015bci wykorzystywanych materia\u0142\u00f3w drukarskich z projektem graficznym.<\/p>\n<p style=\"text-align: justify\">Publikacja, licz\u0105ca 480 stron, o wymiarach 165 x 225 x 40 mm i opatrzona tward\u0105 opraw\u0105 stanowi rodzaj obiektu, o statusie niemal\u017ce kolekcjonerskim, o czym decyduje nak\u0142ad (500 egzemplarzy) oraz stempel numeryczny, przyporz\u0105dkowany ka\u017cdemu z egzemplarzy. Ponadto, album pozostaje efektem \u015bcis\u0142ej wsp\u00f3\u0142pracy Dobosza i Bienerta, przedsi\u0119wzi\u0119ciem ukazuj\u0105cym niezwykle \u015bwiadome podej\u015bcie do statusu reprodukcji fotograficznej. Niejednolite uj\u0119cia typograficzne, korespondencja z tekstem, r\u00f3\u017cnorodne formaty reprodukcji i zestawiania niejednorodnych gatunk\u00f3w papieru wzbogacaj\u0105 interpretacj\u0119 reporta\u017cy Dobosza. Autorzy u\u015bwiadamiaj\u0105 czytelnikowi, i\u017c fotoreporta\u017c otwiera si\u0119 na wieloraki ogl\u0105d: w kontek\u015bcie ca\u0142ego cyklu, poprzez poszczeg\u00f3lne zdj\u0119cia, ich fragmenty, obecno\u015b\u0107 lub brak tekstu towarzysz\u0105cego obrazom. Co wi\u0119cej, wskazuj\u0105 na z\u0142udn\u0105 neutralno\u015b\u0107 reprodukcji, kszta\u0142towan\u0105 przez format, kontekst, wydobycie ziarna i materialno\u015bci fotografii lub zachowanie jej pozornej transparentno\u015bci. Album &#8222;Andrzej Dobosz&#8221; udowadnia, i\u017c w epoce upowszechniania e-book\u00f3w, wydawnictwa drukowane nadal s\u0105 po\u017c\u0105dane, a wsp\u00f3\u0142czesne publikacje sta\u0107 si\u0119 mog\u0105 obiektem kolekcjonerskiego po\u017c\u0105dania.<\/p>","protected":false},"excerpt":{"rendered":"<p><strong>tytu\u0142:<\/strong>\u00a0A. Dobosz<\/p>\n<p><strong>autor:\u00a0<\/strong>Andrzej Dobosz, projekt:\u00a0Ryszard Bienert<\/p>\n<p><strong>wydawnictwo:<\/strong>\u00a0selfpublishing<\/p>\n<p><strong>miejsce wydania:<\/strong> Pozna\u0144<\/p>\n<p><strong>format:<\/strong> 165 x 225 x 40 mm<\/p>\n<p><strong>ilo\u015b\u0107 stron:<\/strong>\u00a0480<\/p>\n<p><strong>nak\u0142ad: <\/strong>500\u00a0sztuk<\/p>\n<p><strong>j\u0119zyk:<\/strong> polski\/angielski<\/p>\n<p><strong>ok\u0142adka:<\/strong> twarda<\/p>","protected":false},"featured_media":23889,"template":"","meta":{"_monsterinsights_skip_tracking":false,"_monsterinsights_sitenote_active":false,"_monsterinsights_sitenote_note":"","_monsterinsights_sitenote_category":0},"product_brand":[],"product_cat":[174],"product_tag":[],"class_list":{"0":"post-23598","1":"product","2":"type-product","3":"status-publish","4":"has-post-thumbnail","6":"product_cat-wydawnictwo-pix-house","8":"first","9":"onbackorder","10":"shipping-taxable","11":"purchasable","12":"product-type-simple"},"_links":{"self":[{"href":"https:\/\/pix.house\/en\/wp-json\/wp\/v2\/product\/23598","targetHints":{"allow":["GET"]}}],"collection":[{"href":"https:\/\/pix.house\/en\/wp-json\/wp\/v2\/product"}],"about":[{"href":"https:\/\/pix.house\/en\/wp-json\/wp\/v2\/types\/product"}],"wp:featuredmedia":[{"embeddable":true,"href":"https:\/\/pix.house\/en\/wp-json\/wp\/v2\/media\/23889"}],"wp:attachment":[{"href":"https:\/\/pix.house\/en\/wp-json\/wp\/v2\/media?parent=23598"}],"wp:term":[{"taxonomy":"product_brand","embeddable":true,"href":"https:\/\/pix.house\/en\/wp-json\/wp\/v2\/product_brand?post=23598"},{"taxonomy":"product_cat","embeddable":true,"href":"https:\/\/pix.house\/en\/wp-json\/wp\/v2\/product_cat?post=23598"},{"taxonomy":"product_tag","embeddable":true,"href":"https:\/\/pix.house\/en\/wp-json\/wp\/v2\/product_tag?post=23598"}],"curies":[{"name":"wp","href":"https:\/\/api.w.org\/{rel}","templated":true}]}}