{"id":24021,"date":"2016-11-24T13:48:18","date_gmt":"2016-11-24T12:48:18","guid":{"rendered":"http:\/\/pix.house\/?post_type=product&#038;p=24021"},"modified":"2025-09-12T17:18:49","modified_gmt":"2025-09-12T15:18:49","slug":"900-000-000-maciej-fiszer","status":"publish","type":"product","link":"https:\/\/pix.house\/en\/product\/900-000-000-maciej-fiszer\/","title":{"rendered":"900 000 000 | Maciej Fiszer"},"content":{"rendered":"<p style=\"text-align: justify;\">\u015awinia domowa (Sus scrofa f. domestica) \u2013 przedstawiciel rz\u0119du parzystokopytnych (Artiodactyla), podrz\u0119du nieprze\u017cuwaj\u0105cych (Nonruminantia), rodziny \u015bwiniowatych (Suidae). Wywodzi si\u0119 od kilku gatunk\u00f3w dzika (dzika azjatyckiego, \u015br\u00f3dziemnomorskiego, dzikiej \u015bwini obro\u017cnej oraz miesza\u0144c\u00f3w ras azjatyckich i \u015brodkowoeuropejskich). Udomowiona prawdopodobnie 7 tys. lat p.n.e. na obszarach Azji, sk\u0105d wraz z rolnikami przyw\u0119drowa\u0142a do Europy.<\/p>\n<p style=\"text-align: justify;\"><span class=\"_5yl5\"><strong>Ksi\u0105\u017cka Macieja Fiszera nie jest jednak prost\u0105 typologi\u0105 gatunku<\/strong>. Jest autentyczn\u0105, intymn\u0105, wyczekan\u0105, opowiedzian\u0105 z wielkim po\u015bwi\u0119ceniem histori\u0105. Jak inaczej mo\u017cna nazwa\u0107 kilkana\u015bcie lat pracy autora i ponad 500 odwiedzonych chlewni? To chyba tylko i wy\u0142\u0105cznie ciekawo\u015b\u0107 oraz pewnego rodzaju\u00a0mi\u0142o\u015b\u0107 do tych zwierz\u0105t. Taka jest ta ksi\u0105\u017cka.\u00a0<\/span><\/p>\n<p style=\"text-align: justify;\"><strong>900.000.000<\/strong> to aktualna, szacunkowa populacja \u015bwi\u0144 na \u015bwiecie.<\/p>","protected":false},"excerpt":{"rendered":"<p><strong>Tytu\u0142:<\/strong> 900 000 000<\/p>\n<p><strong>Autor:<\/strong> Maciej Fiszer<\/p>\n<p><strong>Wydawca:<\/strong> Maciej Fiszer \/ ZPAF OW \/\u00a0ksi\u0105\u017cka powsta\u0142a w ramach serii wydawniczej PIX.HOUSE \/ limitowane egzemplarze autorskie<\/p>\n<p><strong>Miejsce wydania:<\/strong> Pozna\u0144<\/p>\n<p><strong>Format:<\/strong> 21x27cm<\/p>\n<p><strong>Ilo\u015b\u0107 stron:<\/strong> 150<\/p>\n<p><strong>Nak\u0142ad:<\/strong> 500 \/\u00a0ostatnie egzemplarze autorskie z zestawem kolekcjonerskich poczt\u00f3wek \/ <strong>NAK\u0141AD NA WYCZERPANIU\u00a0<\/strong><\/p>\n<p><strong>J\u0119zyk:<\/strong> polski\/angielski<\/p>\n<p><strong>Ok\u0142adka: <\/strong>twarda<strong><br \/>\n<\/strong><\/p>","protected":false},"featured_media":37399,"template":"","meta":{"_monsterinsights_skip_tracking":false,"_monsterinsights_sitenote_active":false,"_monsterinsights_sitenote_note":"","_monsterinsights_sitenote_category":0},"product_brand":[],"product_cat":[174],"product_tag":[],"class_list":{"0":"post-24021","1":"product","2":"type-product","3":"status-publish","4":"has-post-thumbnail","6":"product_cat-wydawnictwo-pix-house","8":"first","9":"onbackorder","10":"shipping-taxable","11":"purchasable","12":"product-type-simple"},"_links":{"self":[{"href":"https:\/\/pix.house\/en\/wp-json\/wp\/v2\/product\/24021","targetHints":{"allow":["GET"]}}],"collection":[{"href":"https:\/\/pix.house\/en\/wp-json\/wp\/v2\/product"}],"about":[{"href":"https:\/\/pix.house\/en\/wp-json\/wp\/v2\/types\/product"}],"wp:featuredmedia":[{"embeddable":true,"href":"https:\/\/pix.house\/en\/wp-json\/wp\/v2\/media\/37399"}],"wp:attachment":[{"href":"https:\/\/pix.house\/en\/wp-json\/wp\/v2\/media?parent=24021"}],"wp:term":[{"taxonomy":"product_brand","embeddable":true,"href":"https:\/\/pix.house\/en\/wp-json\/wp\/v2\/product_brand?post=24021"},{"taxonomy":"product_cat","embeddable":true,"href":"https:\/\/pix.house\/en\/wp-json\/wp\/v2\/product_cat?post=24021"},{"taxonomy":"product_tag","embeddable":true,"href":"https:\/\/pix.house\/en\/wp-json\/wp\/v2\/product_tag?post=24021"}],"curies":[{"name":"wp","href":"https:\/\/api.w.org\/{rel}","templated":true}]}}