{"id":26047,"date":"2017-06-23T11:34:32","date_gmt":"2017-06-23T09:34:32","guid":{"rendered":"http:\/\/pix.house\/?post_type=product&#038;p=26047"},"modified":"2021-10-03T11:00:03","modified_gmt":"2021-10-03T09:00:03","slug":"nadal-boje-sie-krzyku-witold-krassowski","status":"publish","type":"product","link":"https:\/\/pix.house\/en\/product\/nadal-boje-sie-krzyku-witold-krassowski\/","title":{"rendered":"Nadal boj\u0119 si\u0119 krzyku | Witold Krassowski"},"content":{"rendered":"<p>Ksi\u0105\u017cka Witolda Krassowskiego to opowie\u015b\u0107 o zwyk\u0142ych ludziach \u2013 Afga\u0144czykach. Ich nie\u0142atwym \u017cyciu, relacjach mi\u0119dzy nimi oraz wa\u017cnej dla nich tradycji kulturowej. Fotograficzn\u0105 narracj\u0119 uzupe\u0142niaj\u0105 wspomnienia, przemy\u015blenia i emocje zawarte w rozmowie z Noorii Habebi \u2013 to Afganistan widziany oczami kobiety, ze wszystkimi tego konsekwencjami.<\/p>\n<p>Witold Krassowski odwiedzi\u0142 Afganistan dwukrotnie w 1991 i 2006 roku.<\/p>\n<p><em>Moje imi\u0119 oznacza \u015awiat\u0142o. Noor [czyt. Nur] \u2013 \u015bwiat\u0142o id\u0105ce od s\u0142o\u0144ca. Nazwisko rodowe Habebi [czyt. Habibi] znaczy: Kochana.<\/em><\/p>\n<p style=\"text-align: justify;\">\n","protected":false},"excerpt":{"rendered":"<p><strong>tytu\u0142:<\/strong>\u00a0Nadal boj\u0119 si\u0119 krzyku<\/p>\n<p><strong>autor:\u00a0<\/strong>Witold Krassowski<\/p>\n<p><strong>projekt:\u00a0<\/strong>Andrzej Dobosz<\/p>\n<p><strong>wydawnictwo:<\/strong> ZPAF OW \/ PIX.HOUSE \/\u00a0Witold Krassowski \/ ksi\u0105\u017cka powsta\u0142a w ramach serii wydawniczej PIX.HOUSE \/ limitowane egzemplarze autorskie<\/p>\n<p><strong>opieka merytoryczna:<\/strong> Mariusz Forecki<\/p>\n<p><strong>teksty\/redakcja: <\/strong>Monika Piotrowska, Adrian Wykrota<\/p>\n<p><strong>miejsce wydania:<\/strong> Pozna\u0144<\/p>\n<p><strong>format:<\/strong>\u00a017&#215;23 cm<\/p>\n<p><strong>ilo\u015b\u0107 stron:<\/strong> 123<\/p>\n<p><strong>nak\u0142ad: <\/strong>350 sztuk | OSTATNIE EGZEMPLARZE AUTORSKIE<strong>\u00a0\/ NAK\u0141AD NA WYCZERPANIU<\/strong><\/p>\n<p><strong>j\u0119zyk:<\/strong> polski\/angielski<\/p>\n<p><strong>ok\u0142adka:<\/strong> twarda<\/p>\n<p><strong>wyr\u00f3\u017cnienia:<\/strong> Fotopublikacja Roku 2016, Grand Press Photo 2016,\u00a0Athens Photo Festival<\/p>","protected":false},"featured_media":26051,"template":"","meta":{"_monsterinsights_skip_tracking":false,"_monsterinsights_sitenote_active":false,"_monsterinsights_sitenote_note":"","_monsterinsights_sitenote_category":0},"product_brand":[],"product_cat":[174],"product_tag":[],"class_list":{"0":"post-26047","1":"product","2":"type-product","3":"status-publish","4":"has-post-thumbnail","6":"product_cat-wydawnictwo-pix-house","8":"first","9":"outofstock","10":"shipping-taxable","11":"purchasable","12":"product-type-simple"},"_links":{"self":[{"href":"https:\/\/pix.house\/en\/wp-json\/wp\/v2\/product\/26047","targetHints":{"allow":["GET"]}}],"collection":[{"href":"https:\/\/pix.house\/en\/wp-json\/wp\/v2\/product"}],"about":[{"href":"https:\/\/pix.house\/en\/wp-json\/wp\/v2\/types\/product"}],"wp:featuredmedia":[{"embeddable":true,"href":"https:\/\/pix.house\/en\/wp-json\/wp\/v2\/media\/26051"}],"wp:attachment":[{"href":"https:\/\/pix.house\/en\/wp-json\/wp\/v2\/media?parent=26047"}],"wp:term":[{"taxonomy":"product_brand","embeddable":true,"href":"https:\/\/pix.house\/en\/wp-json\/wp\/v2\/product_brand?post=26047"},{"taxonomy":"product_cat","embeddable":true,"href":"https:\/\/pix.house\/en\/wp-json\/wp\/v2\/product_cat?post=26047"},{"taxonomy":"product_tag","embeddable":true,"href":"https:\/\/pix.house\/en\/wp-json\/wp\/v2\/product_tag?post=26047"}],"curies":[{"name":"wp","href":"https:\/\/api.w.org\/{rel}","templated":true}]}}