{"id":26576,"date":"2017-08-18T07:34:50","date_gmt":"2017-08-18T05:34:50","guid":{"rendered":"http:\/\/pix.house\/?post_type=product&#038;p=26576"},"modified":"2019-11-19T12:14:23","modified_gmt":"2019-11-19T11:14:23","slug":"portrait-of-kraziai-mindaugas-kavaliauskas","status":"publish","type":"product","link":"https:\/\/pix.house\/en\/product\/portrait-of-kraziai-mindaugas-kavaliauskas\/","title":{"rendered":"Portrait of Kraziai \/ Mindaugas Kavaliauskas"},"content":{"rendered":"<p>Album zawiera zdj\u0119cia z wioski Kraziai le\u017c\u0105cej w p\u00f3\u0142nocno-zachodniej cz\u0119\u015bci Litwy. Mindaugas Kavaliauskas fotografowa\u0142 codzienne \u017cycie mieszka\u0144c\u00f3w wioski w latach 2001-2003, w czasie kiedy zacieraj\u0105 si\u0119 \u015blady radzieckiej przesz\u0142o\u015bci a Litwa staje si\u0119 cz\u0119\u015bci\u0105 zglobalizowanego \u015bwiata zachodniego i ubiega si\u0119 o przyj\u0119cie do Unii Europejskiej.<\/p>\n<p><strong>Mindaugas Kavaliauskas<\/strong> urodzony w roku 1974. Fotograf, kurator, krytyk sztuki, wydawca, edytor, za\u0142o\u017cyciel fundacji <em>\u0160viesos ra\u0161tas<\/em>, zapraszany do jury wielu wa\u017cnych festiwali na \u015bwiecie, wyr\u00f3\u017cniony licznymi nagrodami, stypendiami, cz\u0142onek zwi\u0105zku Artyst\u00f3w Fotografik\u00f3w Litwy, fundator i dyrektor festiwalu KAUNAS PHOTO, najwi\u0119kszej imprezy tego typu w krajach ba\u0142tyckich, za\u0142o\u017cyciel Galerii F w Kownie, wyk\u0142adowca fotografii na warsztatach i na uniwersytecie w Kownie, autor licznych artyku\u0142\u00f3w o fotografii w litewskich magazynach, autor ponad 20 wystaw organizowanych na Litwie, w Europie i poza ni\u0105, autor kilku autorskich publikacji ksi\u0105\u017ckowych.<\/p>","protected":false},"excerpt":{"rendered":"<p><strong>tytu\u0142: <\/strong>Portrait of Kraziai<\/p>\n<p><strong>autor:\u00a0<\/strong>Mindaugas Kavaliauskas<\/p>\n<p><strong>wydawnictwo:<\/strong> V\u0161\u012e \u0160viesos ra\u0161tas, Kowno<\/p>\n<p><strong>tekst:\u00a0<\/strong>Egidijus Aleksandravi\u010dius, Mindaugas Kavaliauskas<\/p>\n<p><strong>format:<\/strong> 23&#215;30 cm<\/p>\n<p><strong>ilo\u015b\u0107 stron:<\/strong> 152<\/p>\n<p><strong>j\u0119zyk:<\/strong> litewski \/angielski<\/p>\n<p><strong>ok\u0142adka:<\/strong> twarda<\/p>","protected":false},"featured_media":26562,"template":"","meta":{"_monsterinsights_skip_tracking":false,"_monsterinsights_sitenote_active":false,"_monsterinsights_sitenote_note":"","_monsterinsights_sitenote_category":0},"product_brand":[],"product_cat":[],"product_tag":[],"class_list":{"0":"post-26576","1":"product","2":"type-product","3":"status-publish","4":"has-post-thumbnail","7":"first","8":"outofstock","9":"shipping-taxable","10":"purchasable","11":"product-type-simple"},"_links":{"self":[{"href":"https:\/\/pix.house\/en\/wp-json\/wp\/v2\/product\/26576","targetHints":{"allow":["GET"]}}],"collection":[{"href":"https:\/\/pix.house\/en\/wp-json\/wp\/v2\/product"}],"about":[{"href":"https:\/\/pix.house\/en\/wp-json\/wp\/v2\/types\/product"}],"wp:featuredmedia":[{"embeddable":true,"href":"https:\/\/pix.house\/en\/wp-json\/wp\/v2\/media\/26562"}],"wp:attachment":[{"href":"https:\/\/pix.house\/en\/wp-json\/wp\/v2\/media?parent=26576"}],"wp:term":[{"taxonomy":"product_brand","embeddable":true,"href":"https:\/\/pix.house\/en\/wp-json\/wp\/v2\/product_brand?post=26576"},{"taxonomy":"product_cat","embeddable":true,"href":"https:\/\/pix.house\/en\/wp-json\/wp\/v2\/product_cat?post=26576"},{"taxonomy":"product_tag","embeddable":true,"href":"https:\/\/pix.house\/en\/wp-json\/wp\/v2\/product_tag?post=26576"}],"curies":[{"name":"wp","href":"https:\/\/api.w.org\/{rel}","templated":true}]}}