{"id":27206,"date":"2017-12-02T18:01:11","date_gmt":"2017-12-02T17:01:11","guid":{"rendered":"http:\/\/pix.house\/?post_type=product&#038;p=27206"},"modified":"2020-11-12T13:56:31","modified_gmt":"2020-11-12T12:56:31","slug":"stigma-adam-lach","status":"publish","type":"product","link":"https:\/\/pix.house\/en\/product\/stigma-adam-lach\/","title":{"rendered":"Stigma | Adam Lach"},"content":{"rendered":"<p style=\"text-align: justify\">Adam Lach opowiada o 60-osobowej rodzinie rumu\u0144skich Rom\u00f3w, mieszkaj\u0105cych na koczowisku na Psim Polu, dzielnicy Wroc\u0142awia.\u00a0 Stigma jest opowie\u015bci\u0105 o rodzinie, relacjach i emocjach. W swojej ksi\u0105\u017cce Adam przybli\u017ca \u015bwiat nam nieznany, obcy.<\/p>\n<p>Album zdoby\u0142 wiele nagr\u00f3d i wyr\u00f3\u017cnie\u0144, jest m.in. Nagrod\u0119 Literack\u0105 im. Beaty Pawlik, pierwsze miejsce w konkursie International Photography Awards.<\/p>\n<div class=\"js-bio-full js-hide\">\n<p>Adam Lach\u00a0 &#8211;\u00a0 urodzony w 1983r, mieszka w Warszawie. Uko\u0144czy\u0142 z wyr\u00f3\u017cnieniem Akademi\u0119 Fotografii WSF AFA we Wroc\u0142awiu. Wsp\u00f3lza\u0142o\u017cyciel agencji Napo Images i wiceprezes Fundacji Napo. Skupia si\u0119 przede wszystkim na d\u0142ugoterminowych projektach dokumentalnych. W swojej fotografii koncentruje si\u0119 na cz\u0142owieku, relacjach, emocjach i blisko\u015bci. D\u0105\u017cy do stworzenia szczerej opowie\u015bci, nieobarczonej sztucznymi perypetiami, ale naznaczonej autorsk\u0105 interpretacj\u0105 portretowanej rzeczywisto\u015bci.<\/p>\n<\/div>","protected":false},"excerpt":{"rendered":"<p><strong>tytu\u0142:<\/strong> Stigma<\/p>\n<p><strong>autor: <\/strong>Adam Lach<\/p>\n<p><strong>wydawnictwo:<\/strong> Adam Lach<\/p>\n<p>&nbsp;<\/p>\n<p><strong>miejsce wydania:<\/strong> Warszawa<\/p>\n<p><strong>format:<\/strong> 21&#215;17 cm<\/p>\n<p><strong>ilo\u015b\u0107 stron:<\/strong> 108<\/p>\n<p><strong>nak\u0142ad: <\/strong>600 sztuk<\/p>\n<p><strong>j\u0119zyk:<\/strong>\u00a0 polski<\/p>\n<p><strong>ok\u0142adka:<\/strong> twarda<\/p>\n<p><strong>nagrody: <\/strong>1 miejsce International Photography Awards , Nagroda Literacka im. Beaty Pawlak<\/p>","protected":false},"featured_media":27233,"template":"","meta":{"_monsterinsights_skip_tracking":false,"_monsterinsights_sitenote_active":false,"_monsterinsights_sitenote_note":"","_monsterinsights_sitenote_category":0},"product_brand":[],"product_cat":[],"product_tag":[],"class_list":{"0":"post-27206","1":"product","2":"type-product","3":"status-publish","4":"has-post-thumbnail","7":"first","8":"outofstock","9":"shipping-taxable","10":"purchasable","11":"product-type-simple"},"_links":{"self":[{"href":"https:\/\/pix.house\/en\/wp-json\/wp\/v2\/product\/27206","targetHints":{"allow":["GET"]}}],"collection":[{"href":"https:\/\/pix.house\/en\/wp-json\/wp\/v2\/product"}],"about":[{"href":"https:\/\/pix.house\/en\/wp-json\/wp\/v2\/types\/product"}],"wp:featuredmedia":[{"embeddable":true,"href":"https:\/\/pix.house\/en\/wp-json\/wp\/v2\/media\/27233"}],"wp:attachment":[{"href":"https:\/\/pix.house\/en\/wp-json\/wp\/v2\/media?parent=27206"}],"wp:term":[{"taxonomy":"product_brand","embeddable":true,"href":"https:\/\/pix.house\/en\/wp-json\/wp\/v2\/product_brand?post=27206"},{"taxonomy":"product_cat","embeddable":true,"href":"https:\/\/pix.house\/en\/wp-json\/wp\/v2\/product_cat?post=27206"},{"taxonomy":"product_tag","embeddable":true,"href":"https:\/\/pix.house\/en\/wp-json\/wp\/v2\/product_tag?post=27206"}],"curies":[{"name":"wp","href":"https:\/\/api.w.org\/{rel}","templated":true}]}}