{"id":27249,"date":"2017-12-02T21:15:13","date_gmt":"2017-12-02T20:15:13","guid":{"rendered":"http:\/\/pix.house\/?post_type=product&#038;p=27249"},"modified":"2018-02-09T12:54:49","modified_gmt":"2018-02-09T11:54:49","slug":"9-bram-z-powrotem-agata-grzybowska","status":"publish","type":"product","link":"https:\/\/pix.house\/en\/product\/9-bram-z-powrotem-agata-grzybowska\/","title":{"rendered":"9 bram, z powrotem ani jednej | Agata Grzybowska"},"content":{"rendered":"<p>Agata Grzybowska opowiada historie 9 os\u00f3b, kt\u00f3re z ro\u017cnych powod\u00f3w postanowi\u0142y zostawi\u0107 swoje dotychczasowe \u017cycie i wyjecha\u0142y w Bieszczady szuka\u0107 wolno\u015bci. G\u00f3ry, kt\u00f3re s\u0105 symbolem wolno\u015bci, sta\u0142y si\u0119 dla nich pu\u0142apk\u0105 i miejscem, kt\u00f3rego nie potrafi\u0105 opu\u015bci\u0107.\u00a0 Album sk\u0142ada si\u0119 z dw\u00f3ch cz\u0119\u015bci, w kt\u00f3rych znajduj\u0105 si\u0119 portrety bohater\u00f3w i zdj\u0119cia pejza\u017cy oraz r\u0119cznie zapisane rozmowy i polaroidy wykonane podczas podr\u00f3\u017cy. Zdj\u0119cia powstawa\u0142y podczas kilkokrotnych zimowych wyjazd\u00f3w Agaty w Bieszczady.<\/p>\n<p>Agata Grzybowska &#8211; ur. 1985, absolwentka fotografii w Szkole Filmowej w \u0141odzi, fotoreporterka warszawskiej &#8222;Gazety Wyborczej, za\u0142o\u017cycielka kolektywu fotoreporter\u00f3w inPro. Wielokrotna laureatka konkurs\u00f3w prasowych Grand Press Photo i BZWBK.<\/p>","protected":false},"excerpt":{"rendered":"<p><strong>tytu\u0142:<\/strong> 9 bram, z powrotem ani jednej<\/p>\n<p><strong>autor: <\/strong>Agata Grzybowska<\/p>\n<p><strong>projekt: <\/strong>Aneta Kowalczyk<\/p>\n<p><strong>tekst: <\/strong>Stefano De Luigi<\/p>\n<p><strong>wydawnictwo:<\/strong> BLOW UP PRESS<\/p>\n<p><strong>miejsce wydania:<\/strong> Warszawa<\/p>\n<p><strong>format:<\/strong> 24&#215;32,7 cm<\/p>\n<p><strong>ilo\u015b\u0107 stron:<\/strong> 200<\/p>\n<p><strong>j\u0119zyk:<\/strong> polski<\/p>\n<p><strong>ok\u0142adka:<\/strong> twarda<\/p>","protected":false},"featured_media":27222,"template":"","meta":{"_monsterinsights_skip_tracking":false,"_monsterinsights_sitenote_active":false,"_monsterinsights_sitenote_note":"","_monsterinsights_sitenote_category":0},"product_brand":[],"product_cat":[],"product_tag":[],"class_list":{"0":"post-27249","1":"product","2":"type-product","3":"status-publish","4":"has-post-thumbnail","7":"first","8":"outofstock","9":"shipping-taxable","10":"purchasable","11":"product-type-simple"},"_links":{"self":[{"href":"https:\/\/pix.house\/en\/wp-json\/wp\/v2\/product\/27249","targetHints":{"allow":["GET"]}}],"collection":[{"href":"https:\/\/pix.house\/en\/wp-json\/wp\/v2\/product"}],"about":[{"href":"https:\/\/pix.house\/en\/wp-json\/wp\/v2\/types\/product"}],"wp:featuredmedia":[{"embeddable":true,"href":"https:\/\/pix.house\/en\/wp-json\/wp\/v2\/media\/27222"}],"wp:attachment":[{"href":"https:\/\/pix.house\/en\/wp-json\/wp\/v2\/media?parent=27249"}],"wp:term":[{"taxonomy":"product_brand","embeddable":true,"href":"https:\/\/pix.house\/en\/wp-json\/wp\/v2\/product_brand?post=27249"},{"taxonomy":"product_cat","embeddable":true,"href":"https:\/\/pix.house\/en\/wp-json\/wp\/v2\/product_cat?post=27249"},{"taxonomy":"product_tag","embeddable":true,"href":"https:\/\/pix.house\/en\/wp-json\/wp\/v2\/product_tag?post=27249"}],"curies":[{"name":"wp","href":"https:\/\/api.w.org\/{rel}","templated":true}]}}