{"id":27793,"date":"2018-01-05T17:59:22","date_gmt":"2018-01-05T16:59:22","guid":{"rendered":"http:\/\/pix.house\/?post_type=product&#038;p=27793"},"modified":"2025-09-07T17:02:37","modified_gmt":"2025-09-07T15:02:37","slug":"i-see-you-damian-chrobak_a","status":"publish","type":"product","link":"https:\/\/pix.house\/en\/product\/i-see-you-damian-chrobak_a\/","title":{"rendered":"I see you | ksi\u0105\u017cka | Damian Chrobak"},"content":{"rendered":"<p style=\"text-align: justify;\"><strong>Londyn<\/strong> jest jednym z miast spowitych mg\u0142\u0105, z kt\u00f3rej wy\u0142ania si\u0119 najg\u0119stsza sie\u0107 kamer monitoringu video (CCTV). Przeci\u0119tny mieszkaniec jest nagrywany \u015brednio 300 razy dziennie. W ca\u0142ej Wielkiej Brytanii znajduje si\u0119 oko\u0142o 4 milion\u00f3w kamer, w tym a\u017c jeden milion w samym Londynie.<\/p>\n<p style=\"text-align: justify;\">Fotografie <strong>Damiana Chrobaka<\/strong> zosta\u0142y wykonane w Londynie pomi\u0119dzy <strong>2008<\/strong> a <strong>2016<\/strong> rokiem.<\/p>\n<p style=\"text-align: justify;\">Po przyje\u017adzie do Zjednoczonego Kr\u00f3lestwa, fotografuj\u0105c pr\u00f3bowa\u0142 oswoi\u0107 nowe miejsce, w kt\u00f3rym si\u0119 znalaz\u0142. Obserwowa\u0142, ogl\u0105da\u0142, patrzy\u0142, rejestrowa\u0142. Jego zdj\u0119cia nios\u0105 jednak zupe\u0142nie inny przekaz i \u0142adunek emocjonalny, ni\u017c zimny obraz z kamer CCTV.<\/p>\n<p style=\"text-align: justify;\"><strong>Damian Chrobak<\/strong> urodzi\u0142 si\u0119 w Jastrz\u0119biu Zdroju. Fotografi\u0105 zainteresowa\u0142 si\u0119 w 2003 roku, wtedy te\u017c rozpocz\u0105\u0142 nauk\u0119 na Akademii Fotografii w Warszawie. Po pierwszym roku opu\u015bci\u0142 szko\u0142\u0119, \u017ceby szuka\u0107 w\u0142asnej drogi w fotografii. Wyjecha\u0142 do Londynu, gdzie uko\u0144czy\u0142 kurs Black &amp; White Photography na University of the Arts. Street Photography i fotografia dokumentalna to gatunki, ktore upodoba\u0142 sobie najbardziej. Swoje zdj\u0119cia prezentowa\u0142 na wystawach grupowych i indywidualnych w Polsce i Europie. Cz\u0142onek ZPAF oraz za\u0142o\u017cyciel kolektywu Un-Posed.<\/p>\n<p style=\"text-align: justify;\">Album w wersji autorskiej.<\/p>\n<p style=\"text-align: justify;\">\n\t<div class=\"wpb_video_widget wpb_content_element vc_clearfix   vc_video-aspect-ratio-169 vc_video-el-width-100 vc_video-align-left\" >\n\t\t<div class=\"wpb_wrapper\">\n\t\t\t\n\t\t\t<div class=\"wpb_video_wrapper\"><iframe loading=\"lazy\" title=\"Damian Chrobak - I SEE YOU\" src=\"https:\/\/player.vimeo.com\/video\/249737928?dnt=1&amp;app_id=122963\" width=\"500\" height=\"281\" frameborder=\"0\" allow=\"autoplay; fullscreen; picture-in-picture; clipboard-write\"><\/iframe><\/div>\n\t\t<\/div>\n\t<\/div>","protected":false},"excerpt":{"rendered":"<p><strong>tytu\u0142:<\/strong> I see you<\/p>\n<p><strong>autor: <\/strong>Damian Chrobak<\/p>\n<p><strong>projekt: <\/strong>Andrzej Dobosz<\/p>\n<p><strong>wydawnictwo:<\/strong>\u00a0Fundacja PIX.HOUSE<\/p>\n<p><strong>miejsce wydania:<\/strong> Pozna\u0144<\/p>\n<p><strong>format:<\/strong> 21&#215;19 cm<\/p>\n<p><strong>ilo\u015b\u0107 stron:<\/strong> 105<\/p>\n<p><strong>nak\u0142ad: <\/strong>250 sztuk | wersja autorska<strong><br \/>\n<\/strong><\/p>\n<p><strong>j\u0119zyk:<\/strong> angielski<\/p>\n<p><strong>ok\u0142adka:<\/strong> mi\u0119kka<\/p>","protected":false},"featured_media":37388,"template":"","meta":{"_monsterinsights_skip_tracking":false,"_monsterinsights_sitenote_active":false,"_monsterinsights_sitenote_note":"","_monsterinsights_sitenote_category":0},"product_brand":[],"product_cat":[174],"product_tag":[],"class_list":{"0":"post-27793","1":"product","2":"type-product","3":"status-publish","4":"has-post-thumbnail","6":"product_cat-wydawnictwo-pix-house","8":"first","9":"instock","10":"shipping-taxable","11":"purchasable","12":"product-type-simple"},"_links":{"self":[{"href":"https:\/\/pix.house\/en\/wp-json\/wp\/v2\/product\/27793","targetHints":{"allow":["GET"]}}],"collection":[{"href":"https:\/\/pix.house\/en\/wp-json\/wp\/v2\/product"}],"about":[{"href":"https:\/\/pix.house\/en\/wp-json\/wp\/v2\/types\/product"}],"wp:featuredmedia":[{"embeddable":true,"href":"https:\/\/pix.house\/en\/wp-json\/wp\/v2\/media\/37388"}],"wp:attachment":[{"href":"https:\/\/pix.house\/en\/wp-json\/wp\/v2\/media?parent=27793"}],"wp:term":[{"taxonomy":"product_brand","embeddable":true,"href":"https:\/\/pix.house\/en\/wp-json\/wp\/v2\/product_brand?post=27793"},{"taxonomy":"product_cat","embeddable":true,"href":"https:\/\/pix.house\/en\/wp-json\/wp\/v2\/product_cat?post=27793"},{"taxonomy":"product_tag","embeddable":true,"href":"https:\/\/pix.house\/en\/wp-json\/wp\/v2\/product_tag?post=27793"}],"curies":[{"name":"wp","href":"https:\/\/api.w.org\/{rel}","templated":true}]}}