{"id":28317,"date":"2018-05-31T19:24:32","date_gmt":"2018-05-31T17:24:32","guid":{"rendered":"http:\/\/pix.house\/?post_type=product&#038;p=28317"},"modified":"2018-10-29T21:23:26","modified_gmt":"2018-10-29T20:23:26","slug":"luczak-springer","status":"publish","type":"product","link":"https:\/\/pix.house\/en\/product\/luczak-springer\/","title":{"rendered":"11.41 | Micha\u0142 \u0141uczak, Filip Springer"},"content":{"rendered":"<p>\u015awiat zacz\u0105\u0142 si\u0119 rozpada\u0107 7 grudnia 1988 roku o godzinie 11.41.<br \/>\n514 tysi\u0119cy ludzi straci\u0142o domy, 33 tysi\u0105ce zosta\u0142o rannych, 25 tysi\u0119cy zgin\u0119\u0142o, 917 budynk\u00f3w publicznych uleg\u0142o zniszczeniu. Trz\u0119sienie ziemi jakie tego dnia nawiedzi\u0142o Armeni\u0119 dotkn\u0119\u0142o 40 procent powierzchni kraju. 342 wioski, 21 miast, 170 fabryk. Wstrz\u0105s mia\u0142 7 stopni w skali Richtera. Wszystko to trwa\u0142o czterdzie\u015bci siedem sekund. Najbardziej dotkni\u0119tym tragedi\u0105 miastem by\u0142 Spitak &#8211; ocala\u0142 tu jeden budynek.<\/p>\n<p>Trz\u0119sienie zachwia\u0142o w posadach radzieckim imperium. Michai\u0142 Gorbaczow przerwa\u0142 planowan\u0105 od wielu miesi\u0119cy wizyt\u0119 w Stanach Zjednoczonych i wr\u00f3ci\u0142 do kraju. Jeszcze zanim wyl\u0105dowa\u0142 w Moskwie poprosi\u0142 o mi\u0119dzynarodow\u0105 pomoc. Tym samym przyzna\u0142 otwarcie, \u017ce jego kraj nie poradzi sobie z kryzysem, kt\u00f3ry obr\u00f3ci\u0142 Spitak w ruin\u0119.<br \/>\nW 2014 roku do Spitaka dociera Micha\u0142 \u0141uczak, fotograf, kt\u00f3ry wraz z mi\u0119dzynarodowym kolektywem fotograf\u00f3w Sputnik Photos realizuje wieloletni projekt o rozpadzie Zwi\u0105zku Radzieckiego i o \u015bwiecie, kt\u00f3ry z tego rozpadu si\u0119 wy\u0142oni\u0142 (Stracone Terytoria, akutalnie w CSW Zamek Ujazdowski w Warszawie pierwsza ods\u0142ona projetku pt. Stracone Terytoria: OSAD).<br \/>\nMieszka\u0144cy Spitaka otwieraj\u0105 przed fotografem swoje domy, dziel\u0105 si\u0119 wspomnieniami, opowiadaj\u0105 o miejscu, w kt\u00f3rym \u017cyj\u0105, bo innego wyj\u015bcia nie maj\u0105. Ich opowie\u015bci s\u0105 dla niego kluczem do zrozumienia, co tu tak naprawd\u0119 si\u0119 sta\u0142o i pozwalaj\u0105 spojrze\u0107 na \u017cycie po tragedii, kt\u00f3ra przeora\u0142a tu nie tylko pejza\u017c, ale przede wszystkim psychik\u0119 zamieszkuj\u0105cych go ludzi. Jednorazowa, fotograficzna podr\u00f3\u017c zamienia si\u0119 w bardziej trwa\u0142\u0105 relacj\u0119. \u0141uczak wraca do Spitaka jeszcze kilka razy ci\u0105gle fotografuj\u0105c. Zaprasza te\u017c do wsp\u00f3\u0142pracy reportera Filipa Springera, kt\u00f3ry postanawia opowiedzie\u0107 o tragedii Spitaka j\u0119zykiem literackiego reporta\u017cu. W ten spos\u00f3b powstaje ksi\u0105\u017cka 11.41, fotograficzno &#8211; reporterska opowie\u015b\u0107 o \u017cyciu po ko\u0144cu wszystkiego.<br \/>\nKsi\u0105\u017cka \u0141uczaka i Springera jest te\u017c ho\u0142dem z\u0142o\u017conym dziennikarstwu, kt\u00f3rego jedyn\u0105 rol\u0105 jest opowie\u015b\u0107. 11.41 to dokument utrwalaj\u0105cy przede wszystkim niez\u0142omno\u015b\u0107 tych, kt\u00f3rzy przetrwali. Ich podstawowym celem jest dzi\u015b zachowanie godno\u015bci w warunkach, miejscu i czasie, kt\u00f3re t\u0119 godno\u015b\u0107 odbieraj\u0105.<\/p>","protected":false},"excerpt":{"rendered":"<p style=\"text-align: left;\"><strong>tytu\u0142:<\/strong> 11.41<\/p>\n<p><strong>autor: <\/strong>Micha\u0142 \u0141uczak, Filip Springer<\/p>\n<p><strong>design<\/strong>: Anna Nalecka-Milach<\/p>\n<p><strong>wydawnictwo:<\/strong> Sputnik Photos<\/p>\n<p><strong>miejsce wydania:<\/strong> Warszawa<\/p>\n<p><strong>format:<\/strong> 16,5&#215;23 cm<\/p>\n<p><strong>ilo\u015b\u0107 stron:<\/strong> 196<\/p>\n<p><strong>nak\u0142ad: <\/strong>800 sztuk<\/p>\n<p><strong>j\u0119zyk:<\/strong>\u00a0 polski (500szt.)\/angielski (300szt.)<\/p>\n<p><strong>ok\u0142adka:<\/strong> mi\u0119kka<\/p>\n<p>&nbsp;<\/p>","protected":false},"featured_media":28322,"template":"","meta":{"_monsterinsights_skip_tracking":false,"_monsterinsights_sitenote_active":false,"_monsterinsights_sitenote_note":"","_monsterinsights_sitenote_category":0},"product_brand":[],"product_cat":[],"product_tag":[],"class_list":{"0":"post-28317","1":"product","2":"type-product","3":"status-publish","4":"has-post-thumbnail","7":"first","8":"outofstock","9":"shipping-taxable","10":"purchasable","11":"product-type-simple"},"_links":{"self":[{"href":"https:\/\/pix.house\/en\/wp-json\/wp\/v2\/product\/28317","targetHints":{"allow":["GET"]}}],"collection":[{"href":"https:\/\/pix.house\/en\/wp-json\/wp\/v2\/product"}],"about":[{"href":"https:\/\/pix.house\/en\/wp-json\/wp\/v2\/types\/product"}],"wp:featuredmedia":[{"embeddable":true,"href":"https:\/\/pix.house\/en\/wp-json\/wp\/v2\/media\/28322"}],"wp:attachment":[{"href":"https:\/\/pix.house\/en\/wp-json\/wp\/v2\/media?parent=28317"}],"wp:term":[{"taxonomy":"product_brand","embeddable":true,"href":"https:\/\/pix.house\/en\/wp-json\/wp\/v2\/product_brand?post=28317"},{"taxonomy":"product_cat","embeddable":true,"href":"https:\/\/pix.house\/en\/wp-json\/wp\/v2\/product_cat?post=28317"},{"taxonomy":"product_tag","embeddable":true,"href":"https:\/\/pix.house\/en\/wp-json\/wp\/v2\/product_tag?post=28317"}],"curies":[{"name":"wp","href":"https:\/\/api.w.org\/{rel}","templated":true}]}}