{"id":28893,"date":"2018-11-30T12:03:04","date_gmt":"2018-11-30T11:03:04","guid":{"rendered":"http:\/\/pix.house\/?post_type=product&#038;p=28893"},"modified":"2024-02-11T20:04:33","modified_gmt":"2024-02-11T19:04:33","slug":"nie","status":"publish","type":"product","link":"https:\/\/pix.house\/en\/product\/nie\/","title":{"rendered":"NIE&#8212;NOT | Adrian Wykrota"},"content":{"rendered":"<p><strong>TYM WSZYSTKIM POMI\u0118DZY<\/strong><\/p>\n<p><span style=\"font-weight: 400;\">fotografie wykonane w Polsce (2014 \u2013 2018)<\/span><\/p>\n<p>&nbsp;<\/p>\n<p><span style=\"font-weight: 400;\">Czy Polacy podzielili si\u0119 w ostatnich latach, czy te\u017c mo\u017ce nigdy nie stanowili w miar\u0119 jednorodnej grupy, a rosn\u0105ca temperatura politycznych zdarze\u0144 tylko te linie podzia\u0142u uwypukli\u0142a? A mo\u017ce byli po prostu r\u00f3\u017cni, ale zamieszkuj\u0105cy we wzgl\u0119dnej zgodzie to samo podw\u00f3rko zakre\u015blone granicami pa\u0144stwowymi, ze wsp\u00f3lnym zestawem podstawowych symboli? Jakkolwiek by nie by\u0142o, jedno\u015b\u0107 jest mitem usytuowanym w \u201estarych, dobrych czasach\u201d, kt\u00f3re nigdy nie istnia\u0142y. Jako punkt odniesienia do oceny dzisiejszych wydarze\u0144 jest \u00f3w mit ca\u0142kowicie bezu\u017cyteczny.<\/span><\/p>\n<p><span style=\"font-weight: 400;\">Nieprawdziwy jest te\u017c obraz Polski p\u0119kni\u0119tej na dwie cz\u0119\u015bci frontem oddzielaj\u0105cym dwie zwalczaj\u0105ce si\u0119 od lat partie. Ta narracja, cho\u0107 atrakcyjna i na poz\u00f3r wiele wyja\u015bnia, zosta\u0142a wymy\u015blona przez polityk\u00f3w na bie\u017c\u0105ce potrzeby. Polaryzacja wygl\u0105da elegancko, ale nie pomo\u017ce zrozumie\u0107 wsp\u00f3\u0142czesnych proces\u00f3w spo\u0142ecznych. Obecne przemiany maj\u0105 charakter bardziej entropiczny. Wewn\u0119trznych p\u0119kni\u0119\u0107, linii niezgody czy wr\u0119cz wojennych \u00a0front\u00f3w jest bowiem w rzeczywisto\u015bci znacznie wi\u0119cej. Przebiegaj\u0105 one w r\u00f3\u017cnych kierunkach i jest ich coraz wi\u0119cej.<\/span><\/p>\n<p><span style=\"font-weight: 400;\">Polska przypomina dzi\u015b archipelag, a \u00a0linie brzegowe wysp i wysepek kre\u015bl\u0105 politycy, Ko\u015bci\u00f3\u0142 Katolicki, publicy\u015bci, a tak\u017ce sami obywatele. Jak na razie te ma\u0142e l\u0105dy oddalaj\u0105 si\u0119 od siebie i trudno nie czu\u0107 bezradno\u015bci przy pr\u00f3bach odpowiedzi na pytanie, czy ruch przeciwny jest jeszcze mo\u017cliwy? Przy czym nie jest gro\u017ana sama r\u00f3\u017cnorodno\u015b\u0107, ale g\u0142\u0119boko\u015b\u0107 podzia\u0142\u00f3w. Po osi\u0105gni\u0119ciu pewnej emocjonalnej granicy mog\u0105 by\u0107 (ju\u017c s\u0105?) nie do zasypania. Linii, za kt\u00f3r\u0105 ludzie do tej pory po prostu r\u00f3\u017cni staj\u0105 si\u0119 sobie ju\u017c tylko wrodzy.<\/span><\/p>\n<p><span style=\"font-weight: 400;\">Co \u0142\u0105czy dzi\u015b Polak\u00f3w pr\u00f3cz rzeczy podstawowych jak miejsce zamieszkania, obywatelstwo, hymn i flaga? Jakie symboliczne warto\u015bci, kt\u00f3re pozwol\u0105 r\u00f3\u017cnym grupom \u017cy\u0107 obok siebie? Jakie pryncypia? Czy uda si\u0119 znale\u017a\u0107 projekt, kt\u00f3ry zgodz\u0105 si\u0119 budowa\u0107 wsp\u00f3lnym si\u0142ami coraz mniej ufaj\u0105cy sobie obywatele? I w ko\u0144cu \u2013 czy jeste\u015bmy jeszcze spo\u0142ecze\u0144stwem, czy ju\u017c tylko zlepkiem r\u00f3\u017cnych grup z\u0142ych emocji i osobistego interesu?<\/span><\/p>\n<p><span style=\"font-weight: 400;\">Fotografie Adriana Wykroty nie daj\u0105 odpowiedzi na \u017cadne z postawionych pyta\u0144 \u2013 t\u0119 ci\u0119\u017ck\u0105 prac\u0119 pozostawia ogl\u0105daj\u0105cemu. Autor przygl\u0105da si\u0119 polsko\u015bci jako \u015bwiadek, a nie m\u0119drzec podaj\u0105cy gotowe rozwi\u0105zania na tacy. Nie wchodzi te\u017c w romantyczne buty \u2013 ogl\u0105da Polsk\u0119 bardziej okiem Hrabala ni\u017c Mickiewicza, czy Norwida. Zdj\u0119cia s\u0105 jak widok\u00f3wki z wysp polskiego archipelagu. Te ma\u0142e l\u0105dy ka\u017cdy mo\u017ce u\u0142o\u017cy\u0107 inaczej na w\u0142asnej mapie, fotograf daje tu woln\u0105 r\u0119k\u0119. Za wskaz\u00f3wk\u0119 w sk\u0142adaniu tej uk\u0142adanki mog\u0105 pos\u0142u\u017cy\u0107 tytu\u0142y, kt\u00f3re odwo\u0142uj\u0105 si\u0119 do miejsc (<\/span><b>TU<\/b><span style=\"font-weight: 400;\">) oraz proces\u00f3w, w wyniku kt\u00f3rych powstaj\u0105 podzia\u0142y (<\/span><b>TAK<\/b><span style=\"font-weight: 400;\">, w taki spos\u00f3b). Ca\u0142o\u015b\u0107 spina tytu\u0142owe NIE, kt\u00f3re mo\u017ce wyra\u017ca\u0107 nie tylko krytyczny stosunek autora do rzeczywisto\u015bci, co by\u0142oby zbyt proste, ale odwo\u0142uje si\u0119 tak\u017ce do takich polskich przywar narodowych jak up\u00f3r, negowanie dobrych rozwi\u0105za\u0144, brak wsp\u00f3\u0142pracy, czy brak dba\u0142o\u015bci o relacje.<\/span><\/p>\n<p style=\"text-align: right;\"><span style=\"font-weight: 400;\">Jerzy Pi\u0105tek<\/span><\/p>","protected":false},"excerpt":{"rendered":"<p><strong>tytu\u0142:<\/strong> NIE&#8212;NOT<\/p>\n<p><b>zdj\u0119cia: <\/b>Adrian Wykrota<\/p>\n<p><strong>design<\/strong>: B\u0119karty<\/p>\n<p><strong>teksty:<\/strong>\u00a0Jerzy Pi\u0105tek<\/p>\n<p><strong>redakcja: <\/strong>Anna Molter<\/p>\n<p><strong>retusz fotografii:\u00a0<\/strong>IEVA AUSTINSKAITE<\/p>\n<p><strong>wydawca:<\/strong>\u00a0PIX.HOUSE \/ Adrian Wykrota<\/p>\n<p><strong>format:<\/strong> 25&#215;18 cm, po roz\u0142o\u017ceniu: 25x70cm<\/p>\n<p><strong>nak\u0142ad:\u00a0<\/strong>250 sztuk wersja podstawowa \/ 250 sztuk wersja autorska<\/p>\n<p><strong>ok\u0142adka:<\/strong> twarda z etui<\/p>\n<p><strong>j\u0119zyk: <\/strong>polski \/ angielski<\/p>\n<p><strong>Ksi\u0105\u017cka w w wersji autorskiej\u00a0<\/strong><\/p>\n<p>&nbsp;<\/p>","protected":false},"featured_media":37377,"template":"","meta":{"_monsterinsights_skip_tracking":false,"_monsterinsights_sitenote_active":false,"_monsterinsights_sitenote_note":"","_monsterinsights_sitenote_category":0},"product_brand":[],"product_cat":[174],"product_tag":[],"class_list":{"0":"post-28893","1":"product","2":"type-product","3":"status-publish","4":"has-post-thumbnail","6":"product_cat-wydawnictwo-pix-house","8":"first","9":"instock","10":"shipping-taxable","11":"purchasable","12":"product-type-simple"},"_links":{"self":[{"href":"https:\/\/pix.house\/en\/wp-json\/wp\/v2\/product\/28893","targetHints":{"allow":["GET"]}}],"collection":[{"href":"https:\/\/pix.house\/en\/wp-json\/wp\/v2\/product"}],"about":[{"href":"https:\/\/pix.house\/en\/wp-json\/wp\/v2\/types\/product"}],"wp:featuredmedia":[{"embeddable":true,"href":"https:\/\/pix.house\/en\/wp-json\/wp\/v2\/media\/37377"}],"wp:attachment":[{"href":"https:\/\/pix.house\/en\/wp-json\/wp\/v2\/media?parent=28893"}],"wp:term":[{"taxonomy":"product_brand","embeddable":true,"href":"https:\/\/pix.house\/en\/wp-json\/wp\/v2\/product_brand?post=28893"},{"taxonomy":"product_cat","embeddable":true,"href":"https:\/\/pix.house\/en\/wp-json\/wp\/v2\/product_cat?post=28893"},{"taxonomy":"product_tag","embeddable":true,"href":"https:\/\/pix.house\/en\/wp-json\/wp\/v2\/product_tag?post=28893"}],"curies":[{"name":"wp","href":"https:\/\/api.w.org\/{rel}","templated":true}]}}