{"id":29912,"date":"2017-08-25T09:08:20","date_gmt":"2017-08-25T07:08:20","guid":{"rendered":"https:\/\/pix.house\/?post_type=product&#038;p=29912"},"modified":"2025-06-11T11:04:22","modified_gmt":"2025-06-11T09:04:22","slug":"k1fiszer","status":"publish","type":"product","link":"https:\/\/pix.house\/en\/product\/k1fiszer\/","title":{"rendered":"WHITE&#038;BLACK | Maciej Fiszer"},"content":{"rendered":"<p class=\"p1\"><span class=\"s1\">Album WHITE&amp;BLACK to pierwsza artystyczna monografia w ca\u0142o\u015bci po\u015bwi\u0119con\u0105 \u017cyciu kr\u00f3w i po trosze wsp\u00f3\u0142czesnej polskiej wsi. Na 204 stronach i 9 alon\u017cach albumu o wymiarach 290\/190 mm znalaz\u0142y si\u0119 144 czarno bia\u0142e fotografie autorstwa Macieja Fiszera wydrukowane w technice tritonu na papierze Munken Ivory 200g\/m2. Praca nad albumem trwa\u0142a 18 miesi\u0119cy podczas kt\u00f3rych autor zdj\u0119\u0107 odwiedzi\u0142 ponad 100 gospodarstw rolnych.<span class=\"Apple-converted-space\">\u00a0 <\/span>Wydawc\u0105 albumu jest drukarnia Petit w Lublinie na zlecenie Hochland Polska Sp. z o.o. Projekt graficzny wykona\u0142 Andrzej Dobosz. Patronat artystyczny nad wydawnictwem obj\u0105\u0142 Zwi\u0105zek Polskich Artyst\u00f3w Fotografik\u00f3w O\/Wlkp. a patronat medialny &#8211; PIX HOUSE. <\/span><\/p>\n<p class=\"p1\"><span class=\"s1\">Dost\u0119pnych jest (tylko w ksi\u0119garni Fundacji PIX.HOUSE) 300 numerowanych egzemplarzy. Do ka\u017cdego albumu do\u0142\u0105czona jest odbitka przygotowana do oprawy. ISBN 978-83-65133-29-8<\/span><\/p>","protected":false},"excerpt":{"rendered":"<p><strong>tytu\u0142:<\/strong> WHITE&amp;BLACK<\/p>\n<p><strong>autor: <\/strong>Maciej Fiszer<\/p>\n<p><strong>edycja: <\/strong>Maciej Fiszer \/ Andrzej Dobosz<\/p>\n<p><strong>design<\/strong>: Andrzej Dobosz \/ http:\/\/dobosz.studio\/<\/p>\n<p><strong>wydawnictwo: <\/strong><span class=\"s1\">Petit w Lublinie na zlecenie Hochland Polska Sp. z o.o. <\/span><\/p>\n<p><strong>ilo\u015b\u0107 stron: <\/strong><span class=\"s1\">204 + 9 stron rozk\u0142adanych<\/span><\/p>\n<p><strong>nak\u0142ad:\u00a0<\/strong>1000 sztuk \/ 300 dost\u0119pnych<\/p>\n<p><strong>ok\u0142adka:<\/strong> twarda<\/p>\n<p><strong><span class=\"s1\">ISBN 978-83-65133-29-8<\/span><\/strong><\/p>\n<p>&nbsp;<\/p>","protected":false},"featured_media":37394,"template":"","meta":{"_monsterinsights_skip_tracking":false,"_monsterinsights_sitenote_active":false,"_monsterinsights_sitenote_note":"","_monsterinsights_sitenote_category":0},"product_brand":[],"product_cat":[174],"product_tag":[],"class_list":{"0":"post-29912","1":"product","2":"type-product","3":"status-publish","4":"has-post-thumbnail","6":"product_cat-wydawnictwo-pix-house","8":"first","9":"outofstock","10":"shipping-taxable","11":"purchasable","12":"product-type-simple"},"_links":{"self":[{"href":"https:\/\/pix.house\/en\/wp-json\/wp\/v2\/product\/29912","targetHints":{"allow":["GET"]}}],"collection":[{"href":"https:\/\/pix.house\/en\/wp-json\/wp\/v2\/product"}],"about":[{"href":"https:\/\/pix.house\/en\/wp-json\/wp\/v2\/types\/product"}],"wp:featuredmedia":[{"embeddable":true,"href":"https:\/\/pix.house\/en\/wp-json\/wp\/v2\/media\/37394"}],"wp:attachment":[{"href":"https:\/\/pix.house\/en\/wp-json\/wp\/v2\/media?parent=29912"}],"wp:term":[{"taxonomy":"product_brand","embeddable":true,"href":"https:\/\/pix.house\/en\/wp-json\/wp\/v2\/product_brand?post=29912"},{"taxonomy":"product_cat","embeddable":true,"href":"https:\/\/pix.house\/en\/wp-json\/wp\/v2\/product_cat?post=29912"},{"taxonomy":"product_tag","embeddable":true,"href":"https:\/\/pix.house\/en\/wp-json\/wp\/v2\/product_tag?post=29912"}],"curies":[{"name":"wp","href":"https:\/\/api.w.org\/{rel}","templated":true}]}}