{"id":30306,"date":"2019-12-09T21:36:24","date_gmt":"2019-12-09T20:36:24","guid":{"rendered":"https:\/\/pix.house\/?post_type=product&#038;p=30306"},"modified":"2026-03-10T21:18:46","modified_gmt":"2026-03-10T20:18:46","slug":"two-tailed-dog","status":"publish","type":"product","link":"https:\/\/pix.house\/en\/product\/two-tailed-dog\/","title":{"rendered":"Two tailed dog |  Micha\u0142 Adamski"},"content":{"rendered":"<p>W\u0119gry le\u017c\u0105ce mi\u0119dzy wschodem a zachodem zawsze szuka\u0142y swojej to\u017csamo\u015bci i miejsca na mapie Europy.Powstanie w 1848 roku,\u00a0 Pakt w Trianon w 1920, czy Rewolucja w 1956 roku to daty, kt\u00f3re zna ka\u017cdy W\u0119gier i powo\u0142a si\u0119 na nie w ka\u017cdej rozmowie o tym, co si\u0119 w kraju nie uda\u0142o, a mog\u0142o.<\/p>\n<p>Przemiany, kt\u00f3re nast\u0105pi\u0142y w ostatnich trzydziestu latach doprowadzi\u0142y do tego, \u017ce wolno\u015b\u0107 W\u0119gr\u00f3w sta\u0142a si\u0119 przyczyn\u0105 ich zagubienia, a kraj wydaje si\u0119 by\u0107 wewn\u0119trznie podzielony. Niezadowolenie i rozczarowanie spowodowa\u0142o, \u017ce cz\u0119\u015b\u0107 spo\u0142ecze\u0144stwa sta\u0142a si\u0119 \u0142atwym celem dla populistycznych hase\u0142, kt\u00f3re g\u0142osz\u0105 rz\u0105dz\u0105cy. Rz\u0105d skutecznie manipuluje i wykorzystuje emocje W\u0119gr\u00f3w. Kreuje wizj\u0119 \u015bwiata pe\u0142nego wrog\u00f3w narodu. Odwo\u0142uje si\u0119 przy tym do idei patriotyzmu, kt\u00f3ry jest mieszank\u0105 dumy narodowej, poczucia krzywdy oraz sentymentu do historycznych Wielkich W\u0119gier. Uwaga rz\u0105dz\u0105cych tylko pozornie skierowana jest w kierunku spo\u0142ecze\u0144stwa, skupia si\u0119 na zdobywaniu i utrzymaniu w\u0142adzy.<\/p>\n<p>Fotografuj\u0105c wsp\u00f3\u0142czesne W\u0119gry skupi\u0142em si\u0119 na relacjach mi\u0119dzy rz\u0105dem a spo\u0142ecze\u0144stwem, stoj\u0105cym pomi\u0119dzy rzeczywisto\u015bci\u0105 a propagandow\u0105 wizj\u0105 silnego pa\u0144stwa. Fotografie przedstawiaj\u0105 symbole, miejsca, wydarzenia, ale przede wszystkim pokazuj\u0105 cz\u0142owieka uwik\u0142anego w polityczne procesy zdobywania w\u0142adzy. Cz\u0142owieka, kt\u00f3rego \u0142atwo kupi\u0107 prostymi sloganami wyborczymi.<br \/>\nW swojej opowie\u015bci nie chc\u0119 analizowa\u0107, ani stawia\u0107 wniosk\u00f3w. Intuicyjnie pod\u0105\u017cam od miejsca do miejsca, by da\u0107 si\u0119 zwie\u015b\u0107 nastrojowi zagubienia w rzeczywisto\u015bci stworzonej przez Viktora Orbana.<\/p>\n<p>Tytu\u0142owy Pies o dw\u00f3ch ogonach to partia polityczna za\u0142o\u017cona przez grup\u0119 artyst\u00f3w, kt\u00f3rzy w swoich dzia\u0142aniach performatywnych i happeningach wy\u015bmiewaj\u0105 rz\u0105dz\u0105cych i ich sposoby zdobywania w\u0142adzy. \u017bycie wieczne, darmowe piwo, dwa zachody s\u0142o\u0144ca dziennie czy zakaz chor\u00f3b jako rozwi\u0105zanie problem\u00f3w s\u0142u\u017cby zdrowia to tylko niekt\u00f3re has\u0142a z ich programu wyborczego. Ich ironiczne spojrzenie na rzeczywisto\u015b\u0107 sta\u0142o si\u0119 dla mnie kluczem do opowiedzenia o umacniaj\u0105cym si\u0119 autorytaryzmie Viktora Orbana.<\/p>\n<p><strong><em>[English description]<\/em><\/strong><\/p>\n<p>Hungary, which lies between the West and the East, has always been looking for its identity and its place on the European map. The 1848 uprising, the 1920 Treaty of Trianon, or the 1956 revolution \u2013 these are the dates which are familiar to every Hungarian and which will be cited in every conversation about what was not successful in the country, but could have been.<\/p>\n<p>The changes which have occurred over the last thirty years have caused the Hungarians\u2019 freedom to become the source of their confusion, and the country appears to be internally divided. The dissatisfaction and disappointment have caused part of society to become an easy target for populist slogans used by those in power.<br \/>\nThe government manipulates and exploits the Hungarians\u2019 emotions. It creates a vision of the world full of enemies of the nation. It refers to the idea of patriotism, which is a mix of national pride, a feeling of unfair treatment and a sentiment for the historical Greater Hungary. The authorities\u2019 attention is only seemingly directed to society, while in fact it focuses on gaining and maintaining power.<\/p>\n<p>While photographing contemporary Hungary, I focused on relations between the government and society, which stands between reality and the propaganda vision of a strong state. The photos present symbols, places, events, and in particular they show the human being entangled in the political processes of acquiring power. A person who is easy to buy with simple election slogans.<br \/>\nIn my story I do not want to analyse or to draw conclusions. I move intuitively from one place to another, tobe taken in by the sense of being lost in reality created by Victor Orban.<\/p>\n<p>The titular Two-Tailed Dog is a political party founded by a group of artists who, in their performative activities and happenings, mock the authorities and their methods of winning power. Eternal life, free beer, two sunsets a day, or a prohibition ondiseases as a solution to\u00a0 healthcare problems are just some of the slogans out of their election program. Their ironic insight into reality became a key to my narration of Victor Orban\u2019s growing authoritarianism.<\/p>\n","protected":false},"excerpt":{"rendered":"<p><strong>tytu\u0142:<\/strong> Two Tailed Dog<\/p>\n<p><strong>autor:<\/strong> Micha\u0142 Adamski<\/p>\n<p><strong>edycja zdj\u0119\u0107: <\/strong>Ewa Meissner, Filip \u0106wik<\/p>\n<p><strong>projekt graficzny:<\/strong> Andrzej Dobosz \/ <a href=\"http:\/\/dobosz.studio\">http:\/\/dobosz.studio<\/a> \/<\/p>\n<p><strong>Wydawca:<\/strong>\u00a0 PIX.HOUSE \/ Micha\u0142 Adamski<\/p>\n<p><strong>Miejsce wydania:<\/strong> Pozna\u0144<\/p>\n<p><strong>Format:<\/strong> 20&#215;25,5 cm<\/p>\n<p><strong>Ilo\u015b\u0107 stron: <\/strong>96<\/p>\n<p><strong>Nak\u0142ad: <\/strong>300 sztuk<\/p>\n<p><strong>J\u0119zyk:<\/strong> angielski<\/p>\n<p><strong>Ok\u0142adka: <\/strong>twarda<\/p>\n<p>ISBN: 978-83-952480-8-5<\/p>","protected":false},"featured_media":37372,"template":"","meta":{"_monsterinsights_skip_tracking":false,"_monsterinsights_sitenote_active":false,"_monsterinsights_sitenote_note":"","_monsterinsights_sitenote_category":0},"product_brand":[],"product_cat":[174],"product_tag":[],"class_list":{"0":"post-30306","1":"product","2":"type-product","3":"status-publish","4":"has-post-thumbnail","6":"product_cat-wydawnictwo-pix-house","8":"first","9":"instock","10":"featured","11":"shipping-taxable","12":"purchasable","13":"product-type-simple"},"_links":{"self":[{"href":"https:\/\/pix.house\/en\/wp-json\/wp\/v2\/product\/30306","targetHints":{"allow":["GET"]}}],"collection":[{"href":"https:\/\/pix.house\/en\/wp-json\/wp\/v2\/product"}],"about":[{"href":"https:\/\/pix.house\/en\/wp-json\/wp\/v2\/types\/product"}],"wp:featuredmedia":[{"embeddable":true,"href":"https:\/\/pix.house\/en\/wp-json\/wp\/v2\/media\/37372"}],"wp:attachment":[{"href":"https:\/\/pix.house\/en\/wp-json\/wp\/v2\/media?parent=30306"}],"wp:term":[{"taxonomy":"product_brand","embeddable":true,"href":"https:\/\/pix.house\/en\/wp-json\/wp\/v2\/product_brand?post=30306"},{"taxonomy":"product_cat","embeddable":true,"href":"https:\/\/pix.house\/en\/wp-json\/wp\/v2\/product_cat?post=30306"},{"taxonomy":"product_tag","embeddable":true,"href":"https:\/\/pix.house\/en\/wp-json\/wp\/v2\/product_tag?post=30306"}],"curies":[{"name":"wp","href":"https:\/\/api.w.org\/{rel}","templated":true}]}}