{"id":30337,"date":"2007-09-05T11:05:13","date_gmt":"2007-09-05T09:05:13","guid":{"rendered":"https:\/\/pix.house\/?post_type=product&#038;p=30337"},"modified":"2022-03-01T06:50:44","modified_gmt":"2022-03-01T05:50:44","slug":"justmiel","status":"publish","type":"product","link":"https:\/\/pix.house\/en\/product\/justmiel\/","title":{"rendered":"Ukraine Runs Through It | Justyna Mielnikiewicz"},"content":{"rendered":"<p style=\"text-align: justify;\"><strong>Ukraine Runs Through It | Justyna Mielnikiewicz<\/strong><\/p>\n<p>Justyna Mielnikiewicz od lat z wnikliwo\u015bci\u0105 dokumentuje \u017cycie codzienne w pa\u0144stwach po rozpadzie Zwi\u0105zku Radzieckiego. Jej debiutancka ksi\u0105\u017cka Woman With The Monkey (2015) to zapis pi\u0119tnastu lat pracy na Kaukazie. Od 2014 roku fotografuje za\u015b Ukrain\u0119.<\/p>\n<p>Jej pierwszym i znacznie wcze\u015bniejszym zamys\u0142em by\u0142o pod\u0105\u017canie wzd\u0142u\u017c Dniepru, kt\u00f3ry \u2013 poza geograficznym znaczeniem \u2013 dzieli to pa\u0144stwo tak\u017ce metaforycznie. W trakcie pracy nad projektem Ukraine Runs Through It mia\u0142y jednak miejsce dwa wydarzenia, kt\u00f3re \u2013 odmieniaj\u0105c losy kraju \u2013 musia\u0142y si\u0142\u0105 rzeczy zmieni\u0107 charakter samej serii. Najpierw Euromajdan (prze\u0142om 2013-2014), a chwil\u0119 p\u00f3\u017aniej aneksja Krymu przez Rosj\u0119 postawi\u0142y Ukrain\u0119 w stanie wojny.<\/p>\n<p>Mielnikiewicz fotografuje te przemiany, przygl\u0105da si\u0119, jak konflikt dzieli nie tylko pa\u0144stwo, ale i ludzi, rozmawia z nimi. W Ukrainie to opowie\u015b\u0107 o zwyk\u0142ych ludziach z r\u00f3\u017cnych cz\u0119\u015bci kraju, kt\u00f3rzy musieli nagle zmierzy\u0107 si\u0119 ze znacznie bardziej skomplikowan\u0105 codzienno\u015bci\u0105. Poznajemy losy konkretnych os\u00f3b, patrzymy na \u017cycie w Kijowie i w Donbasie, czyli miejscach kojarzonych z wiadomo\u015bci, ale tak\u017ce \u2013 a mo\u017ce przede wszystkim \u2013 w tych najzwyklejszych miastach i wsiach.<\/p>\n<p><strong>Publikacja znalaz\u0142a si\u0119 w finale PARIS PHOTO \u2013 APERTURE FOUNDATION PHOTOBOOK AWARDS\u00a0 2019<\/strong><\/p>","protected":false},"excerpt":{"rendered":"<p><strong>Tytu\u0142:<\/strong>\u00a0Ukraine Runs Through It<\/p>\n<p><strong>Autor:<\/strong> Justyna Mielnikiewicz<\/p>\n<p><strong>Projekt graficzny:<\/strong> Kasia Kubicka<\/p>\n<p><strong>Wydawca:<\/strong>\u00a0 PIX.HOUSE<\/p>\n<p><strong>Miejsce wydania:<\/strong> Pozna\u0144<\/p>\n<p><strong>Format: <\/strong>220 x 160<\/p>\n<p><strong>Ilo\u015b\u0107 stron: <\/strong>205<\/p>\n<p><strong>Nak\u0142ad: <\/strong>\u00a0500 sztuk<\/p>\n<p><strong>J\u0119zyk:<\/strong> angielski<\/p>\n<p><strong>Ok\u0142adka: <\/strong>twarda\u00a0<strong><br \/>\n<\/strong><\/p>","protected":false},"featured_media":30336,"template":"","meta":{"_monsterinsights_skip_tracking":false,"_monsterinsights_sitenote_active":false,"_monsterinsights_sitenote_note":"","_monsterinsights_sitenote_category":0},"product_brand":[],"product_cat":[174],"product_tag":[],"class_list":{"0":"post-30337","1":"product","2":"type-product","3":"status-publish","4":"has-post-thumbnail","6":"product_cat-wydawnictwo-pix-house","8":"first","9":"outofstock","10":"shipping-taxable","11":"purchasable","12":"product-type-simple"},"_links":{"self":[{"href":"https:\/\/pix.house\/en\/wp-json\/wp\/v2\/product\/30337","targetHints":{"allow":["GET"]}}],"collection":[{"href":"https:\/\/pix.house\/en\/wp-json\/wp\/v2\/product"}],"about":[{"href":"https:\/\/pix.house\/en\/wp-json\/wp\/v2\/types\/product"}],"wp:featuredmedia":[{"embeddable":true,"href":"https:\/\/pix.house\/en\/wp-json\/wp\/v2\/media\/30336"}],"wp:attachment":[{"href":"https:\/\/pix.house\/en\/wp-json\/wp\/v2\/media?parent=30337"}],"wp:term":[{"taxonomy":"product_brand","embeddable":true,"href":"https:\/\/pix.house\/en\/wp-json\/wp\/v2\/product_brand?post=30337"},{"taxonomy":"product_cat","embeddable":true,"href":"https:\/\/pix.house\/en\/wp-json\/wp\/v2\/product_cat?post=30337"},{"taxonomy":"product_tag","embeddable":true,"href":"https:\/\/pix.house\/en\/wp-json\/wp\/v2\/product_tag?post=30337"}],"curies":[{"name":"wp","href":"https:\/\/api.w.org\/{rel}","templated":true}]}}