{"id":31625,"date":"2010-05-09T14:25:44","date_gmt":"2010-05-09T12:25:44","guid":{"rendered":"https:\/\/pix.house\/?post_type=product&#038;p=31625"},"modified":"2024-02-11T20:30:36","modified_gmt":"2024-02-11T19:30:36","slug":"echoes","status":"publish","type":"product","link":"https:\/\/pix.house\/en\/product\/echoes\/","title":{"rendered":"Echoes Shades | Piotr Zbierski"},"content":{"rendered":"<p style=\"text-align: justify;\"><strong>Echoes Shades | Piotr Zbierski<\/strong><\/p>\n<p>Echoes Shades to opowie\u015b\u0107 o ludziach \u017cyj\u0105cych blisko natury, o spo\u0142eczno\u015bciach i plemionach kultywuj\u0105cych dawne rytua\u0142y ku czci swoich przodk\u00f3w (zdj\u0119cia zosta\u0142y wykonane w Indonezji, Afryce, Indiach oraz Rumunii). To tak\u017ce fotografie analizuj\u0105ce fenomen medycyny naturalnej w Polsce i na Syberii. Ludzie \u017cyj\u0105cy blisko natury, kultywuj\u0105cy dawne rytua\u0142y, natura, kt\u00f3ra naznacza nasz\u0105 kultur\u0119 i kultura, kt\u00f3ra wynika z natury &#8211; to s\u0105 zagadnienia, kt\u00f3re zawsze by\u0142y moimi tematami.<\/p>\n<p>Cykl Echoes Shades to rozwa\u017canie nad natur\u0105 cz\u0142owieka, poszukiwanie jego miejsca w naturze oraz pr\u00f3ba artystycznej rewizji wytwor\u00f3w kultury i ich pochodzenia. Pracuj\u0105c nad tym cyklem zainteresowa\u0142em si\u0119 r\u00f3wnie\u017c tematem paralelnym, czyli medycyn\u0105 tradycyjn\u0105. Echoes Shades jest fotograficzn\u0105 analiz\u0105 relacji i wsp\u00f3\u0142istnienia natury oraz kultury. W swoich pracach rozumiem kultur\u0119 jako echo natury, natomiast jej symbole, znaki, wytwory, czy rytua\u0142y jako cienie \u017cywio\u0142\u00f3w i zjawisk jakie zachodz\u0105 w naturze. Relacje si\u0142y, kt\u00f3ra \u201cznakuje\u201d (Natura), oraz przestrzeni \u201coznakowanej\u201d (Kultura) s\u0105 dla mnie pod\u0142o\u017cem oraz g\u0142\u00f3wnym punktem do analizy wsp\u00f3\u0142czesno\u015bci.<\/p>\n<p>Zbierski skupia si\u0119 g\u0142\u00f3wnie na kulturach dawnych (cz\u0119sto animistycznych np. Paradangan w Indonezji oraz rytua\u0142ach przekazywanych od pokole\u0144 w tradycji ustnej (m.in. instytucja Szamana w tradycji syberyjskiej, rola rytua\u0142\u00f3w przej\u015bcia w tradycji Tana Toraja w Indonezji, rytua\u0142y inicjacyjne przynale\u017cno\u015bci do wsp\u00f3lnoty w tradycji afryka\u0144skich plemion Rejonu Omo, rola Szeptuch z Podlasia w tradycji medycyny naturalnej regionu). Cykl powstawa\u0142 r\u00f3wnie\u017c w Rumunii, w regionie Maramuresz.<\/p>\n<p>To opowie\u015b\u0107 o miejscu cz\u0142owieka w naturze o jego nami\u0119tno\u015bciach, pragnieniach, sposobach komunikacji i odpuszczaniu emocji.<\/p>","protected":false},"excerpt":{"rendered":"<p><strong>Tytu\u0142: <\/strong>Echoes Shades<\/p>\n<p><strong>Autor:<\/strong> Piotr Zbierski<\/p>\n<p><strong>Projekt graficzny:<\/strong> Bart\u0142omiej Talaga\/Piotr Zbierski<\/p>\n<p><strong>Wydawca:<\/strong> PIX.HOUSE\/Wydawnictwo PWSFTviT \u2013 polsko \/ angielska wersja, Andre Frere Editions \u2013 francusko \/ angielska wersja<\/p>\n<p><strong>Miejsce wydania:<\/strong> Pozna\u0144<\/p>\n<p><strong>Format: <\/strong>220 x 165<\/p>\n<p><strong>Ilo\u015b\u0107 stron: <\/strong>224 + 7 kalek<\/p>\n<p><strong>J\u0119zyk:<\/strong> polski\/angielski<\/p>\n<p><strong>Ok\u0142adka: <\/strong>twarda pokryta naturalnym lnem<strong><br \/>\n<\/strong><\/p>","protected":false},"featured_media":37410,"template":"","meta":{"_monsterinsights_skip_tracking":false,"_monsterinsights_sitenote_active":false,"_monsterinsights_sitenote_note":"","_monsterinsights_sitenote_category":0},"product_brand":[],"product_cat":[174],"product_tag":[],"class_list":{"0":"post-31625","1":"product","2":"type-product","3":"status-publish","4":"has-post-thumbnail","6":"product_cat-wydawnictwo-pix-house","8":"first","9":"instock","10":"shipping-taxable","11":"purchasable","12":"product-type-simple"},"_links":{"self":[{"href":"https:\/\/pix.house\/en\/wp-json\/wp\/v2\/product\/31625","targetHints":{"allow":["GET"]}}],"collection":[{"href":"https:\/\/pix.house\/en\/wp-json\/wp\/v2\/product"}],"about":[{"href":"https:\/\/pix.house\/en\/wp-json\/wp\/v2\/types\/product"}],"wp:featuredmedia":[{"embeddable":true,"href":"https:\/\/pix.house\/en\/wp-json\/wp\/v2\/media\/37410"}],"wp:attachment":[{"href":"https:\/\/pix.house\/en\/wp-json\/wp\/v2\/media?parent=31625"}],"wp:term":[{"taxonomy":"product_brand","embeddable":true,"href":"https:\/\/pix.house\/en\/wp-json\/wp\/v2\/product_brand?post=31625"},{"taxonomy":"product_cat","embeddable":true,"href":"https:\/\/pix.house\/en\/wp-json\/wp\/v2\/product_cat?post=31625"},{"taxonomy":"product_tag","embeddable":true,"href":"https:\/\/pix.house\/en\/wp-json\/wp\/v2\/product_tag?post=31625"}],"curies":[{"name":"wp","href":"https:\/\/api.w.org\/{rel}","templated":true}]}}