{"id":32683,"date":"2018-03-01T12:03:52","date_gmt":"2018-03-01T11:03:52","guid":{"rendered":"https:\/\/pix.house\/?post_type=product&#038;p=32683"},"modified":"2025-09-07T17:39:07","modified_gmt":"2025-09-07T15:39:07","slug":"zycie_alternatywne","status":"publish","type":"product","link":"https:\/\/pix.house\/en\/product\/zycie_alternatywne\/","title":{"rendered":"\u017bycie Alternatywne | Monika Piotrowska"},"content":{"rendered":"<p style=\"text-align: justify;\"><strong>\u017bycie alternatywne.<\/strong> Amatorzy i\u202fzawodowcy w fotografii pozna\u0144skiej od\u202f1839 do\u202f1945 roku.<\/p>\n<p style=\"text-align: justify;\"><strong>Monika Piotrowska<\/strong><\/p>\n<p>Fotografia, je\u015bli nie by\u0142a pasj\u0105, dawa\u0142a chleb i ratunek. Zawsze oferowa\u0142a \u017cycie alternatywne. Otwiera\u0142a furtk\u0119 do innej rzeczywisto\u015bci, pozwala\u0142a odetchn\u0105\u0107 innym powietrzem, zobaczy\u0107 \u015bwiat\u0142o. W latach zabor\u00f3w najpierw okaza\u0142a si\u0119 profesj\u0105, kt\u00f3ra odmienia\u0142a losy indywidualist\u00f3w, w tym kobiet, czu\u0142ych na potencja\u0142 ukryty w nowej dziedzinie.<\/p>\n<p>Z ko\u0144cem XIX w. pozwoli\u0142a mozaice narodowo\u015bciowej miasta u\u0142o\u017cy\u0107 si\u0119 we wz\u00f3r zgodnej wsp\u00f3\u0142pracy. Efekty okaza\u0142y si\u0119 awangardowe.<\/p>\n<p>Ksi\u0105\u017cka nie pretenduje do miana opracowania historii pozna\u0144skiej fotografii. To opowie\u015b\u0107 o jej \u017cyciu spo\u0142ecznym. W\u0142a\u015bnie losy ludzi fotografii s\u0105 g\u0142\u00f3wnym tematem ca\u0142ego tomu. Fotografowie, nawet bardzo elitarni, z racji umiej\u0119tno\u015bci utrwalania ludzkiej fizjonomii zawsze \u017cyli i \u017cyj\u0105 blisko spo\u0142ecze\u0144stwa. W obrazie ich \u015brodowiska okruch swojej historii odnale\u017a\u0107 mo\u017ce ka\u017cdy z nas.<\/p>","protected":false},"excerpt":{"rendered":"<p><strong>Tytu\u0142: <\/strong>\u017bycie alternatywne. Amatorzy i\u202fzawodowcy w\u202f fotografii pozna\u0144skiej od\u202f1839 do\u202f1945 roku<\/p>\n<p><strong>Autorka: <\/strong>Monika Piotrowska<\/p>\n<p><strong>Projekt graficzny:<\/strong> Andrzej Dobosz | dobosz.studio<\/p>\n<p><strong>Wydawca:<\/strong> PIX.HOUSE, Monika Piotrowska<\/p>\n<p><strong>Miejsce wydania:<\/strong> Pozna\u0144<\/p>\n<p><strong>Format: <\/strong>235 x 170<\/p>\n<p><strong>Ilo\u015b\u0107 stron: <\/strong>312<\/p>\n<p><strong>J\u0119zyk:<\/strong> polski<\/p>\n<p><strong>Ok\u0142adka: <\/strong>twarda<strong><br \/>\n<\/strong><\/p>\n<p>egzemplarze autorskie z poczt\u00f3wk\u0105 Pix.house<\/p>","protected":false},"featured_media":37383,"template":"","meta":{"_monsterinsights_skip_tracking":false,"_monsterinsights_sitenote_active":false,"_monsterinsights_sitenote_note":"","_monsterinsights_sitenote_category":0},"product_brand":[],"product_cat":[174],"product_tag":[],"class_list":{"0":"post-32683","1":"product","2":"type-product","3":"status-publish","4":"has-post-thumbnail","6":"product_cat-wydawnictwo-pix-house","8":"first","9":"instock","10":"shipping-taxable","11":"purchasable","12":"product-type-simple"},"_links":{"self":[{"href":"https:\/\/pix.house\/en\/wp-json\/wp\/v2\/product\/32683","targetHints":{"allow":["GET"]}}],"collection":[{"href":"https:\/\/pix.house\/en\/wp-json\/wp\/v2\/product"}],"about":[{"href":"https:\/\/pix.house\/en\/wp-json\/wp\/v2\/types\/product"}],"wp:featuredmedia":[{"embeddable":true,"href":"https:\/\/pix.house\/en\/wp-json\/wp\/v2\/media\/37383"}],"wp:attachment":[{"href":"https:\/\/pix.house\/en\/wp-json\/wp\/v2\/media?parent=32683"}],"wp:term":[{"taxonomy":"product_brand","embeddable":true,"href":"https:\/\/pix.house\/en\/wp-json\/wp\/v2\/product_brand?post=32683"},{"taxonomy":"product_cat","embeddable":true,"href":"https:\/\/pix.house\/en\/wp-json\/wp\/v2\/product_cat?post=32683"},{"taxonomy":"product_tag","embeddable":true,"href":"https:\/\/pix.house\/en\/wp-json\/wp\/v2\/product_tag?post=32683"}],"curies":[{"name":"wp","href":"https:\/\/api.w.org\/{rel}","templated":true}]}}