{"id":33385,"date":"2020-02-01T09:07:33","date_gmt":"2020-02-01T08:07:33","guid":{"rendered":"https:\/\/pix.house\/?post_type=product&#038;p=33385"},"modified":"2026-03-02T14:59:03","modified_gmt":"2026-03-02T13:59:03","slug":"bo-zyje-mariusz-stachowiak","status":"publish","type":"product","link":"https:\/\/pix.house\/en\/product\/bo-zyje-mariusz-stachowiak\/","title":{"rendered":"Bo \u017cyj\u0119 | Mariusz Stachowiak"},"content":{"rendered":"<p class=\"p1\">Fotografie \u2013 powie\u0328kszenia w formacie 18 \u00d7 24 cm \u2013 by\u0142y wsze\u0328dzie. Lez\u0307a\u0142y na p\u00f3\u0142ce, przycis\u0301nie\u0328te kilkoma ksia\u0328z\u0307kami, porozrzucane na pod\u0142odze, na mocno wysiedzianych fotelach. Wyp\u0142ukane z utrwalacza kra\u0328z\u0307y\u0142y w wielkiej, plastikowej wannie. Obraz na nich by\u0142 cze\u0328sto zbyt kontrastowy, prawie czarno-bia\u0142y. Kontrast powodowa\u0142 zanikanie szczeg\u00f3\u0142\u00f3w w jasnych i ciemnych miejscach obrazu. Wzmacnia\u0142 i tak juz\u0307 intensywny przekaz. To dlatego, aby na bardzo z\u0142ym papierze, na jakim wtedy drukowano tygodnik Wprost, moz\u0307na by\u0142o cokolwiek zobaczyc\u0301. Wchodza\u0328c do ciemni, w kt\u00f3rej odbywa\u0142 sie\u0328 ca\u0142y rytua\u0142, trudno by\u0142o nie otrzec\u0301 sie\u0328 ramieniem o wilgotne, s\u0301wiez\u0307o wywo\u0142ane filmy. Mariusz Stachowiak nie zwraca\u0142 na to zbytniej uwagi. Technologie\u0328 traktowa\u0142 bardzo swobodnie.<\/p>\n<p class=\"p1\">Urodzi\u0142 sie\u0328 w 1956 roku. Z fotografia\u0328 dokumen\u00adtalna\u0328 zetkna\u0328\u0142 sie\u0328 w 1975 roku, dzie\u0328ki Januszowi Nowackiemu, kiedy uczestniczy\u0142 w warsztatach fotografii dokumentalnej. P\u00f3z\u0301niej je wsp\u00f3\u0142orga\u00adnizowa\u0142. W 1978 roku zosta\u0142 wsp\u00f3\u0142za\u0142oz\u0307ycielem (z Januszem Nowackim i Jackiem S\u0301ledzikow\u00adkim) studia diaporamy: Studio DiM.<\/p>\n<p class=\"p1\">Po s\u0301mierci Mariusza Stachowiaka negatywami zaopie\u00adkowali sie\u0328 jego przyjaciele, udoste\u0328pniaja\u0328c je Fundacji Pix.House. Zbi\u00f3r okaza\u0142 sie\u0328 ze wzgle\u0328du na tematy<br \/>\ni szczeros\u0301c\u0301 przekazu niezwykle interesuja\u0328cym, najwaz\u0307\u00adniejszym, jaki w schy\u0142kowym PRL powsta\u0142 w Poznaniu i jednym z waz\u0307niejszych pos\u0301r\u00f3d opisuja\u0328cych Polske\u0328 tamtych lat.<\/p>\n<p><em>\/Mariusz Forecki, fragment wst\u0119pu\/<\/em><\/p>","protected":false},"excerpt":{"rendered":"<p class=\"p1\"><strong>fotografie<\/strong>: Mariusz Stachowiak<\/p>\n<p class=\"p1\"><strong>koncepcja ksia\u0328z\u0307ki, skany i edycja fotografii<\/strong>: Mariusz Forecki<\/p>\n<p class=\"p1\"><strong>projekt<\/strong>: Andrzej Dobosz<\/p>\n<p class=\"p1\"><strong>sk\u0142ad i \u0142amanie<\/strong>: Dariusz Nowak<\/p>\n<p class=\"p1\"><strong>korekta<\/strong>: Anna Molter<\/p>\n<p class=\"p1\"><strong>t\u0142umaczenia<\/strong>: Ewa Dratwa<\/p>\n<p class=\"p1\"><strong>korekta wersji angielskiej<\/strong>: Violetta Lont<\/p>\n<p class=\"p1\"><strong>opieka merytoryczna i konsultacja<\/strong>: Adrian Wykrota<\/p>\n<p class=\"p1\"><strong>wydawca<\/strong>: Fundacja Pix.House G\u0142ogowska 35, 60-736 Poznan\u0301 www.pix.house<\/p>\n<p class=\"p1\">Ksia\u0328z\u0307ka powsta\u0142a w ramach projektu \u201eSpo\u0142eczna Pracownia Dokumentu Pix.House\u201d dzie\u0328ki wsparciu Miasta Poznania, Urze\u0328du Marsza\u0142kowskiego Wojew\u00f3dztwa Wielkopolskiego oraz Izy i Mariusza Stolarskich.<\/p>\n<p class=\"p1\">Nak\u0142ad autorski: 100<\/p>\n<p class=\"p1\"><strong>druk<\/strong>: Drukmania S.C.<\/p>\n<p class=\"p1\">Poznan\u0301 2020<\/p>","protected":false},"featured_media":37361,"template":"","meta":{"_monsterinsights_skip_tracking":false,"_monsterinsights_sitenote_active":false,"_monsterinsights_sitenote_note":"","_monsterinsights_sitenote_category":0},"product_brand":[],"product_cat":[174],"product_tag":[],"class_list":{"0":"post-33385","1":"product","2":"type-product","3":"status-publish","4":"has-post-thumbnail","6":"product_cat-wydawnictwo-pix-house","8":"first","9":"instock","10":"shipping-taxable","11":"purchasable","12":"product-type-simple"},"_links":{"self":[{"href":"https:\/\/pix.house\/en\/wp-json\/wp\/v2\/product\/33385","targetHints":{"allow":["GET"]}}],"collection":[{"href":"https:\/\/pix.house\/en\/wp-json\/wp\/v2\/product"}],"about":[{"href":"https:\/\/pix.house\/en\/wp-json\/wp\/v2\/types\/product"}],"wp:featuredmedia":[{"embeddable":true,"href":"https:\/\/pix.house\/en\/wp-json\/wp\/v2\/media\/37361"}],"wp:attachment":[{"href":"https:\/\/pix.house\/en\/wp-json\/wp\/v2\/media?parent=33385"}],"wp:term":[{"taxonomy":"product_brand","embeddable":true,"href":"https:\/\/pix.house\/en\/wp-json\/wp\/v2\/product_brand?post=33385"},{"taxonomy":"product_cat","embeddable":true,"href":"https:\/\/pix.house\/en\/wp-json\/wp\/v2\/product_cat?post=33385"},{"taxonomy":"product_tag","embeddable":true,"href":"https:\/\/pix.house\/en\/wp-json\/wp\/v2\/product_tag?post=33385"}],"curies":[{"name":"wp","href":"https:\/\/api.w.org\/{rel}","templated":true}]}}