{"id":34058,"date":"2021-03-31T13:54:08","date_gmt":"2021-03-31T11:54:08","guid":{"rendered":"https:\/\/pix.house\/?post_type=product&#038;p=34058"},"modified":"2025-12-08T16:53:36","modified_gmt":"2025-12-08T15:53:36","slug":"kruche-medium1_ebook","status":"publish","type":"product","link":"https:\/\/pix.house\/en\/product\/kruche-medium1_ebook\/","title":{"rendered":"Kruche Medium. Rozmowy o fotografii | ebook"},"content":{"rendered":"<p style=\"text-align: justify;\"><b>Kruche medium. Rozmowy o fotografii | Maciej Fr\u0105ckowiak <\/b><\/p>\n<p style=\"text-align: justify;\"><em><b>ksi\u0105\u017cka w wersji elektronicznej &#8211; ebook EPUB \/ MOBI<\/b><\/em><\/p>\n<p style=\"text-align: justify;\">Ksi\u0105\u017cka zawiera 13 wywiad\u00f3w o fotografii i zmianie, kt\u00f3re przeprowadzi\u0142 Maciej Fr\u0105ckowiak z Konradem Pusto\u0142\u0105, Krzysztofem Pijarskim, Mariuszem Foreckim, Bogus\u0142awem Biegowskim, Cecyli\u0105 Malik, Wojciechem Wilczykiem, Agnieszk\u0105 Paj\u0105czkowsk\u0105, Ann\u0105 Beat\u0105 Bohdziewicz, Katarzyn\u0105 Czarnot\u0105, Paw\u0142em Szypulskim, Krzysztofem Millerem, Micha\u0142em Szlag\u0105 i Adrianem Wykrot\u0105.\u00a0 Wywiady podsumowuje tekst Rafa\u0142a Drozdowskiego.<\/p>\n<p style=\"text-align: justify;\">&#8222;W rozmowach przeprowadzonych przez Macieja Fr\u0105ckowiaka nikt nikomu niczego nie radzi, tym bardziej \u2013 nie poucza. Wszyscy opowiadaj\u0105 o sobie i przy okazji o fotografii albo odwrotnie. Prawdziwym tematem tych rozm\u00f3w nie jest ju\u017c jednak ani techniczno-warsztatowa strona fotografii, ani jej estetyka czy \u201eistota\u201d; nie s\u0105 nim r\u00f3wnie\u017c historie fotograf\u00f3w. Zamiast tego, powodem spotkania i perspektyw\u0105 opisu zdj\u0119\u0107 oraz projekt\u00f3w staje si\u0119 ich performatywno\u015b\u0107 \u2013 potencja\u0142 sprawczy, rozumiany jako zdolno\u015b\u0107 fotografii do dokonywania zmian \u015bwiata, na jakim\u015b odcinku.<\/p>\n<p style=\"text-align: justify;\">W tym uj\u0119ciu, dobre zdj\u0119cia i projekty to takie, kt\u00f3re s\u0105 wi\u0119ziotw\u00f3rcze, upowszechniaj\u0105 nowe wzory solidarno\u015bci, skutkuj\u0105 alternatywnymi formami wsp\u00f3\u0142pracy, czy pog\u0142\u0119biaj\u0105 wra\u017cliwo\u015b\u0107. Maj\u0105 te\u017c sprawi\u0107, \u017ce powi\u0105zane ze sob\u0105 na nowe sposoby jednostki i instytucje zaczn\u0105 co\u015b robi\u0107, najlepiej razem pracowa\u0107 na rzecz pozytywnej r\u00f3\u017cnicy.&#8221;<\/p>\n<p style=\"text-align: right;\"><em>Rafa\u0142 Drozdrowski<\/em><\/p>","protected":false},"excerpt":{"rendered":"<p><strong>Ksi\u0105\u017cka w wersji elektronicznej &#8211; EPUB \/ MOBI<\/strong><\/p>\n<p><strong>Tytu\u0142: <\/strong>Kruche medium. Rozmowy o fotografii<\/p>\n<p><strong>Autor:<\/strong> Maciej Fr\u0105ckowiak<\/p>\n<p><strong>Projekt graficzny wersji papierowej:<\/strong> Andrzej Dobosz<\/p>\n<p><strong>Sk\u0142ad wersji elektronicznej:<\/strong> Justyna Nowaczyk \/ JNK Graftekst<\/p>\n<p><strong>Redakcja wst\u0119pna:<\/strong> Anna Molter<\/p>\n<p><strong>Redakcja i korekta: <\/strong>Iwona Torbicka<\/p>\n<p><strong>Wydawca:<\/strong>\u00a0 PIX.HOUSE<\/p>\n<p><strong>Miejsce wydania:<\/strong> Pozna\u0144<\/p>\n<p><strong>Ilo\u015b\u0107 stron: <\/strong>343<\/p>\n<p><strong>J\u0119zyk:<\/strong> polski<\/p>\n<p><strong>ISBN wersji elektronicznej:<\/strong> 978\u201383\u2013946272\u20134\u20139<\/p>\n<p><strong>Data wydania wersji papierowej:<\/strong> 2017<\/p>\n<p><strong>Data wydania wersji elektronicznej:<\/strong> 2021<\/p>\n<p>Ksi\u0105\u017cka wysy\u0142ana elektronicznie. W paczce znajduj\u0105 si\u0119 dwa formaty EPUB i MOBI<\/p>","protected":false},"featured_media":34263,"template":"","meta":{"_monsterinsights_skip_tracking":false,"_monsterinsights_sitenote_active":false,"_monsterinsights_sitenote_note":"","_monsterinsights_sitenote_category":0},"product_brand":[],"product_cat":[180],"product_tag":[175],"class_list":{"0":"post-34058","1":"product","2":"type-product","3":"status-publish","4":"has-post-thumbnail","6":"product_cat-ebook","7":"product_tag-online","9":"first","10":"instock","11":"downloadable","12":"virtual","13":"purchasable","14":"product-type-simple"},"_links":{"self":[{"href":"https:\/\/pix.house\/en\/wp-json\/wp\/v2\/product\/34058","targetHints":{"allow":["GET"]}}],"collection":[{"href":"https:\/\/pix.house\/en\/wp-json\/wp\/v2\/product"}],"about":[{"href":"https:\/\/pix.house\/en\/wp-json\/wp\/v2\/types\/product"}],"wp:featuredmedia":[{"embeddable":true,"href":"https:\/\/pix.house\/en\/wp-json\/wp\/v2\/media\/34263"}],"wp:attachment":[{"href":"https:\/\/pix.house\/en\/wp-json\/wp\/v2\/media?parent=34058"}],"wp:term":[{"taxonomy":"product_brand","embeddable":true,"href":"https:\/\/pix.house\/en\/wp-json\/wp\/v2\/product_brand?post=34058"},{"taxonomy":"product_cat","embeddable":true,"href":"https:\/\/pix.house\/en\/wp-json\/wp\/v2\/product_cat?post=34058"},{"taxonomy":"product_tag","embeddable":true,"href":"https:\/\/pix.house\/en\/wp-json\/wp\/v2\/product_tag?post=34058"}],"curies":[{"name":"wp","href":"https:\/\/api.w.org\/{rel}","templated":true}]}}