{"id":34067,"date":"2021-03-31T13:53:22","date_gmt":"2021-03-31T11:53:22","guid":{"rendered":"https:\/\/pix.house\/?post_type=product&#038;p=34067"},"modified":"2025-10-10T20:37:56","modified_gmt":"2025-10-10T18:37:56","slug":"kruche2_ebook","status":"publish","type":"product","link":"https:\/\/pix.house\/en\/product\/kruche2_ebook\/","title":{"rendered":"Kruche Medium. Rozmowy o fotografii 2 | EBOOK"},"content":{"rendered":"<p style=\"text-align: justify;\"><strong>Kruche medium. Rozmowy o fotografii 2 | Maciej Fr\u0105ckowiak<\/strong><\/p>\n<p><em><b>ksi\u0105\u017cka w wersji elektronicznej \u2013 ebook EPUB \/ MOBI<\/b><\/em><\/p>\n<p style=\"text-align: justify;\">Nacisk, b\u0142ysk, trzask, zdj\u0119cie. Gest, proces. S\u0142owo. Zwyci\u0119stwo, pora\u017cka. Utrwalenie, zapomnienie. Oddajemy w Pa\u0144stwa r\u0119ce drug\u0105 cz\u0119\u015b\u0107 \u201eKruchego medium\u201d \u2013 rozm\u00f3w o fotografii. Dziesi\u0119\u0107 wywiad\u00f3w, mierzonych na tysi\u0105ce s\u0142\u00f3w, zabiera nas w \u015bwiat medium, kt\u00f3re \u2013 pozornie \u2013 w spos\u00f3b mechaniczny stara si\u0119 utrwala\u0107 mniej lub bardziej obiektywn\u0105 rzeczywisto\u015b\u0107. Czy tak jest? Czy rzeczywi\u015bcie obejrzymy kilka zdj\u0119\u0107 i przeczytamy kolejne biogramy tw\u00f3rc\u00f3w? Nie. Bo nie ma tu obrazk\u00f3w. S\u0105 s\u0142owa. Jest opis gest\u00f3w artystycznych i animacyjnych, zag\u0142\u0119biamy si\u0119 w proces, kt\u00f3rym niew\u0105tpliwie jest fotografia i powsta\u0142e wok\u00f3\u0142 niej dzia\u0142ania. Ocieramy si\u0119 o sukcesy, do\u015bwiadczamy pora\u017cek, pow\u0105tpiewania w istot\u0119 medium. Wreszcie, pojawia si\u0119 fundamentalne pytanie: czym jest fotografia i czy jest w stanie zmienia\u0107 nasz\u0105 rzeczywisto\u015b\u0107? Utrwala, czy zdarza si\u0119 jej pozwoli\u0107 zapomnie\u0107?<\/p>\n<p style=\"text-align: justify;\">Na te i inne pytania odpowiadaj\u0105 Maciejowi Fr\u0105ckowiakowi: Tomasz Rakowski, Iwona Kurz, Agnieszka Chlebowska i Robert Ogurkis, Agnieszka Czerwi\u0144ska, Zbigniew Libera, Maciej Herman, Witold Krassowski, Jerzy Ko\u015bnik, Pawe\u0142 Kula oraz Marek Grygiel.<\/p>","protected":false},"excerpt":{"rendered":"<p><strong>Ksi\u0105\u017cka w wersji elektronicznej \u2013 EPUB \/ MOBI<\/strong><\/p>\n<p><strong>Tytu\u0142: <\/strong>Kruche medium. Rozmowy o fotografii. Cz\u0119\u015b\u0107 druga.<\/p>\n<p><strong>Autor:<\/strong> Maciej Fr\u0105ckowiak<\/p>\n<p><strong>Projekt graficzny wersji papierowej:<\/strong> Andrzej Dobosz<\/p>\n<p><strong>Sk\u0142ad wersji elektronicznej:<\/strong> Justyna Nowaczyk \/ JNK Graftekst<\/p>\n<p><strong>Redakcja wst\u0119pna:<\/strong> Anna Molter<\/p>\n<p><strong>Redakcja i korekta: <\/strong>Iwona Torbicka<\/p>\n<p><strong>Wydawca:<\/strong>\u00a0 PIX.HOUSE<\/p>\n<p><strong>Miejsce wydania:<\/strong> Pozna\u0144<\/p>\n<p><strong>Ilo\u015b\u0107 stron: <\/strong>293<\/p>\n<p><strong>J\u0119zyk:<\/strong> polski<\/p>\n<p><strong>ISBN wersji elektronicznej:<\/strong> 978-83-961216-0-8<strong><br \/>\n<\/strong><\/p>\n<p><strong>Data wydania wersji papierowej:<\/strong> 2019<\/p>\n<p><strong>Data wydania wersji elektronicznej:<\/strong> 2021<\/p>\n<p>Ksi\u0105\u017cka wysy\u0142ana elektronicznie. W paczce znajduj\u0105 si\u0119 dwa formaty EPUB i MOBI<\/p>","protected":false},"featured_media":34261,"template":"","meta":{"_monsterinsights_skip_tracking":false,"_monsterinsights_sitenote_active":false,"_monsterinsights_sitenote_note":"","_monsterinsights_sitenote_category":0},"product_brand":[],"product_cat":[180],"product_tag":[],"class_list":{"0":"post-34067","1":"product","2":"type-product","3":"status-publish","4":"has-post-thumbnail","6":"product_cat-ebook","8":"first","9":"instock","10":"downloadable","11":"virtual","12":"purchasable","13":"product-type-simple"},"_links":{"self":[{"href":"https:\/\/pix.house\/en\/wp-json\/wp\/v2\/product\/34067","targetHints":{"allow":["GET"]}}],"collection":[{"href":"https:\/\/pix.house\/en\/wp-json\/wp\/v2\/product"}],"about":[{"href":"https:\/\/pix.house\/en\/wp-json\/wp\/v2\/types\/product"}],"wp:featuredmedia":[{"embeddable":true,"href":"https:\/\/pix.house\/en\/wp-json\/wp\/v2\/media\/34261"}],"wp:attachment":[{"href":"https:\/\/pix.house\/en\/wp-json\/wp\/v2\/media?parent=34067"}],"wp:term":[{"taxonomy":"product_brand","embeddable":true,"href":"https:\/\/pix.house\/en\/wp-json\/wp\/v2\/product_brand?post=34067"},{"taxonomy":"product_cat","embeddable":true,"href":"https:\/\/pix.house\/en\/wp-json\/wp\/v2\/product_cat?post=34067"},{"taxonomy":"product_tag","embeddable":true,"href":"https:\/\/pix.house\/en\/wp-json\/wp\/v2\/product_tag?post=34067"}],"curies":[{"name":"wp","href":"https:\/\/api.w.org\/{rel}","templated":true}]}}