{"id":34070,"date":"2021-03-31T14:01:45","date_gmt":"2021-03-31T12:01:45","guid":{"rendered":"https:\/\/pix.house\/?post_type=product&#038;p=34070"},"modified":"2025-10-10T20:37:56","modified_gmt":"2025-10-10T18:37:56","slug":"buras_ebook","status":"publish","type":"product","link":"https:\/\/pix.house\/en\/product\/buras_ebook\/","title":{"rendered":"Fotograf poeta. Katastrofa Humanist\u00f3w | Marcin Buras | EBOOK"},"content":{"rendered":"<p style=\"text-align: justify;\"><em><b>ksi\u0105\u017cka w wersji elektronicznej &#8211; ebook EPUB \/ MOBI<\/b><\/em><\/p>\n<p>Ksi\u0105\u017cka zawiera 9 felieton\u00f3w o fotografii i pozycji fotografa w dzisiejszym \u015bwiecie.<\/p>\n<p>Od wydawcy:\u00a0<strong>Buras<\/strong>\u00a0ma na fotografi\u0119 swoje spojrzenie. Jedni powiedz\u0105: ma zbyt klasyczny ogl\u0105d sprawy. Inni, ura\u017ceni, westchn\u0105 g\u0142\u0119boko i do\u015b\u0107 g\u0142o\u015bno. Jeszcze inni dowiedz\u0105 si\u0119 od niego, \u017ce sztuka dokumentu to nie zdj\u0119cia \u201cdo dowodu\u201d ani hasztag #documentaryphotography na instagramie. Przyswoj\u0105 sobie nazwiska, poznaj\u0105 opinie autora. Potem nie zrobi\u0105 b\u0142\u0119du, je\u015bli odszukaj\u0105 zdj\u0119cia \u2013 niech wyrobi\u0105 sobie w\u0142asne zdanie. Odniesie\u0144, haczyk\u00f3w i linek pomocniczych w tej ksi\u0105\u017cce jest bez liku.<\/p>","protected":false},"excerpt":{"rendered":"<p><strong>Tytu\u0142:<\/strong> Fotograf poeta. Katastrofa humanist\u00f3w.<\/p>\n<p><strong>Autor:<\/strong> Marcin Buras<\/p>\n<p><strong>Projekt graficzny wersji papierowej:<\/strong> Andrzej Dobosz<\/p>\n<p><strong>Sk\u0142ad wersji elektronicznej:<\/strong> Justyna Nowaczyk \/ JNK Graftekst<\/p>\n<p><strong>Wydawca:<\/strong>\u00a0 PIX.HOUSE<\/p>\n<p><strong>Miejsce wydania:<\/strong> Pozna\u0144<\/p>\n<p><strong>J\u0119zyk:<\/strong> polski<\/p>\n<p><strong>ISBN wersji elektronicznej: <\/strong>978-83-956060-8-3<\/p>\n<p><strong>Data wydania wersji papierowej:<\/strong> 2016<\/p>\n<p><strong>Data wydania wersji elektronicznej:<\/strong> 2021<\/p>\n<p>Ksi\u0105\u017cka wysy\u0142ana elektronicznie. W paczce znajduj\u0105 si\u0119 dwa formaty EPUB i MOBI<\/p>","protected":false},"featured_media":34262,"template":"","meta":{"_monsterinsights_skip_tracking":false,"_monsterinsights_sitenote_active":false,"_monsterinsights_sitenote_note":"","_monsterinsights_sitenote_category":0},"product_brand":[],"product_cat":[180],"product_tag":[175],"class_list":{"0":"post-34070","1":"product","2":"type-product","3":"status-publish","4":"has-post-thumbnail","6":"product_cat-ebook","7":"product_tag-online","9":"first","10":"instock","11":"downloadable","12":"virtual","13":"purchasable","14":"product-type-simple"},"_links":{"self":[{"href":"https:\/\/pix.house\/en\/wp-json\/wp\/v2\/product\/34070","targetHints":{"allow":["GET"]}}],"collection":[{"href":"https:\/\/pix.house\/en\/wp-json\/wp\/v2\/product"}],"about":[{"href":"https:\/\/pix.house\/en\/wp-json\/wp\/v2\/types\/product"}],"wp:featuredmedia":[{"embeddable":true,"href":"https:\/\/pix.house\/en\/wp-json\/wp\/v2\/media\/34262"}],"wp:attachment":[{"href":"https:\/\/pix.house\/en\/wp-json\/wp\/v2\/media?parent=34070"}],"wp:term":[{"taxonomy":"product_brand","embeddable":true,"href":"https:\/\/pix.house\/en\/wp-json\/wp\/v2\/product_brand?post=34070"},{"taxonomy":"product_cat","embeddable":true,"href":"https:\/\/pix.house\/en\/wp-json\/wp\/v2\/product_cat?post=34070"},{"taxonomy":"product_tag","embeddable":true,"href":"https:\/\/pix.house\/en\/wp-json\/wp\/v2\/product_tag?post=34070"}],"curies":[{"name":"wp","href":"https:\/\/api.w.org\/{rel}","templated":true}]}}