{"id":34843,"date":"2021-03-30T18:48:54","date_gmt":"2021-03-30T16:48:54","guid":{"rendered":"https:\/\/pix.house\/?post_type=product&#038;p=34843"},"modified":"2026-04-20T00:41:52","modified_gmt":"2026-04-19T22:41:52","slug":"bluebox-mariusz-forecki","status":"publish","type":"product","link":"https:\/\/pix.house\/en\/product\/bluebox-mariusz-forecki\/","title":{"rendered":"BLUEBOX | Mariusz Forecki"},"content":{"rendered":"<p style=\"text-align: justify;\"><strong>BLUEBOX<\/strong> <strong>| Mariusz Forecki | <\/strong>edycja zwyk\u0142a<\/p>\n<p class=\"p1\">Po latach korzys\u0301ci czerpanych z cz\u0142onkostwa w Unii Europejskiej i wielkim entuzjazmie roku 2004, koalicja konserwatywnych partii rz\u0105dz\u0105cych poddaje w w\u0105tpliwo\u015b\u0107 s\u0142usznos\u0301c\u0301 tamtego wyboru. B\u0142yskawicznie przeprowadza zmiany podwaz\u0307aja\u0328ce prawo UE, kt\u00f3rego Polska zobowia\u0328za\u0142a sie\u0328 przestrzega\u0107 podpisuja\u0328c w 2003 roku traktat akcesyjny.<span class=\"Apple-converted-space\">\u00a0<\/span><\/p>\n<p class=\"p1\">Ksia\u0328z\u0307ka ukazuje sie\u0328 w czasie trwania pandemii COVID-19, kt\u00f3ra spowodowa\u0142a ogromne zmiany w codziennym funkcjonowaniu. Wie\u0328kszos\u0301c\u0301 galerii handlowych pozostawa\u0142a przez kilka miesie\u0328cy zamknie\u0328ta. Zakazano organizowania festiwali muzycznych, festyn\u00f3w i spotkan\u0301 podobnych tym, jakie zarejestrowa\u0142em kilkanas\u0301cie lat wczes\u0301niej. Wiele kraj\u00f3w ca\u0142kowicie zamkne\u0328\u0142o swoje granice. Utrudnienia w s\u0301wiatowym handlu spowodowa\u0142y wzrost cen towar\u00f3w przemys\u0142owych i problemy z ich doste\u0328pnos\u0301cia\u0328. Z pandemii odnosimy tez\u0307 niepokoja\u0328ce korzys\u0301ci \u2013 wiemy, co moz\u0307emy stracic\u0301 i jak moz\u0307e wygla\u0328dac\u0301 s\u0301wiat, gdy zaczniemy sami, niejako na w\u0142asna\u0328 pros\u0301be\u0328, wykluczac\u0301 sie\u0328 z tej europejskiej wsp\u00f3lnoty.<span class=\"Apple-converted-space\">\u00a0<\/span><\/p>\n<p class=\"p1\">Wszystkie fotografie zosta\u0142y wykonane na ma\u0142oobrazkowym filmie pozytywowym FUJICHROME 64T TYPE II, dedykowanym do fotografowania w \u015bwietle sztucznym, oraz przy u\u017cyciu lampy b\u0142yskowej z \u017c\u00f3\u0142tym filtrem. Zdj\u0119cia nie by\u0142y modyfikowane cyfrowo.<\/p>","protected":false},"excerpt":{"rendered":"<p><strong>tytu\u0142:<\/strong> BLUEBOX<\/p>\n<p><b>zdj\u0119cia, teksty, koncepcja i edycja: <\/b>Mariusz Forecki<\/p>\n<p><strong>design<\/strong>: Andrzej Dobosz \/ <a href=\"http:\/\/dobosz.studio\/\" target=\"_blank\" rel=\"noopener noreferrer\">http:\/\/dobosz.studio<\/a>\/<\/p>\n<p><strong>t\u0142umaczenie i korekta: <\/strong>Julia Forecka<\/p>\n<p><strong>wydawca:<\/strong> PIX.HOUSE<\/p>\n<p><strong>koordynator publikacji<\/strong>: Adrian Wykrota<\/p>\n<p><strong>nak\u0142ad autorski: <\/strong>200 sztuk<\/p>\n<p><strong>ilo\u015b\u0107 stron<\/strong>: 128<\/p>\n<p><strong>ok\u0142adka:<\/strong> twarda<\/p>\n<p><strong>j\u0119zyk: <\/strong>polski \/ angielski<\/p>\n<p><strong>ISBN <\/strong>78-83-961216-2-2<\/p>\n<p>Ksia\u0328z\u0307ka powsta\u0142a dzie\u0328ki wsparciu Miasta Poznania, Urze\u0328du Marsza\u0142kowskiego Wojewo\u0301dztwa Wielkopolskiego, ZAiKS oraz Izy i Mariusza Stolarskich.<\/p>","protected":false},"featured_media":37312,"template":"","meta":{"_monsterinsights_skip_tracking":false,"_monsterinsights_sitenote_active":false,"_monsterinsights_sitenote_note":"","_monsterinsights_sitenote_category":0},"product_brand":[],"product_cat":[174],"product_tag":[],"class_list":{"0":"post-34843","1":"product","2":"type-product","3":"status-publish","4":"has-post-thumbnail","6":"product_cat-wydawnictwo-pix-house","8":"first","9":"instock","10":"shipping-taxable","11":"purchasable","12":"product-type-simple"},"_links":{"self":[{"href":"https:\/\/pix.house\/en\/wp-json\/wp\/v2\/product\/34843","targetHints":{"allow":["GET"]}}],"collection":[{"href":"https:\/\/pix.house\/en\/wp-json\/wp\/v2\/product"}],"about":[{"href":"https:\/\/pix.house\/en\/wp-json\/wp\/v2\/types\/product"}],"wp:featuredmedia":[{"embeddable":true,"href":"https:\/\/pix.house\/en\/wp-json\/wp\/v2\/media\/37312"}],"wp:attachment":[{"href":"https:\/\/pix.house\/en\/wp-json\/wp\/v2\/media?parent=34843"}],"wp:term":[{"taxonomy":"product_brand","embeddable":true,"href":"https:\/\/pix.house\/en\/wp-json\/wp\/v2\/product_brand?post=34843"},{"taxonomy":"product_cat","embeddable":true,"href":"https:\/\/pix.house\/en\/wp-json\/wp\/v2\/product_cat?post=34843"},{"taxonomy":"product_tag","embeddable":true,"href":"https:\/\/pix.house\/en\/wp-json\/wp\/v2\/product_tag?post=34843"}],"curies":[{"name":"wp","href":"https:\/\/api.w.org\/{rel}","templated":true}]}}