{"id":35117,"date":"2021-01-30T19:08:10","date_gmt":"2021-01-30T18:08:10","guid":{"rendered":"https:\/\/pix.house\/?post_type=product&#038;p=35117"},"modified":"2025-01-22T19:51:14","modified_gmt":"2025-01-22T18:51:14","slug":"nic_ciekawego_wykrota","status":"publish","type":"product","link":"https:\/\/pix.house\/en\/product\/nic_ciekawego_wykrota\/","title":{"rendered":"NIC CIEKAWEGO | Adrian Wykrota"},"content":{"rendered":"<p style=\"text-align: justify;\">NIC CIEKAWEGO | Adrian Wykrota<\/p>\n<p class=\"p1\">W odpowiedzi na pandemi\u0119 powsta\u0142o wiele teorii spiskowych. Ju\u017c w lutym 2020 roku \u015awiatowa Organizacja Zdrowia (WHO) zwr\u00f3ci\u0142a uwag\u0119 na to, \u017ce towarzyszy jej fala dezinformacji nazywana cz\u0119sto \u201einfodemi\u0105\u201d. Polega ona na rozpowszechnianiu zniekszta\u0142conych informacji od teorii spiskowych po tzw. fake newsy. Przez kilka lat pracy w mediach wytwarza\u0142em informacje. Za pomoc\u0105 aparatu rejestrowa\u0142em, opisywa\u0142em, pr\u00f3bowa\u0142em zachowa\u0107 obiektywizm. Czy to si\u0119 udawa\u0142o? Nie wiem. Po wybuchu pandemii czu\u0142em przesyt informacyjny. Mo\u017ce to by\u0142 strach? Wsiad\u0142em na rower. Odkrywa\u0142em inne miejsca, zacz\u0105\u0142em spotyka\u0107 nowych ludzi. Zrobi\u0142em inne zdj\u0119cia. Omija\u0142em plemienne podzia\u0142y, kt\u00f3re jaskrawie zdobi\u0105 krajobraz \u017cycia spo\u0142ecznego. Niejednoznaczna bezdotykowo\u015b\u0107 czas\u00f3w, w kt\u00f3rych \u017cyjemy, odesz\u0142a na chwil\u0119 na bok. Statystyki zawarte w publikacji powinny sprowadzi\u0107 nas na ziemi\u0119. Nie mo\u017cna przej\u015b\u0107 oboj\u0119tnie obok tego, co si\u0119 wydarzy\u0142o i nadal dzieje. \u017byjemy w dobie liczb. Liczb, kt\u00f3rych nie pojmujemy i kt\u00f3re ju\u017c nas nie poruszaj\u0105. Patrzymy na to wszystko i nie czujemy nic.<span class=\"Apple-converted-space\">\u00a0<\/span><\/p>","protected":false},"excerpt":{"rendered":"<p><strong>tytu\u0142:<\/strong> NIC CIEKAWEGO<\/p>\n<p><b>fotografie i koncepcja publikacji: <\/b>Adrian Wykrota<\/p>\n<p><strong>edycja zdj\u0119\u0107<\/strong>: Krzysiek Or\u0142owski<\/p>\n<p class=\"p1\"><strong>redakcja i korekta<\/strong>: Michalina \u0141abiszak<span class=\"Apple-converted-space\">\u00a0<\/span><\/p>\n<p><strong>opieka merytoryczna<\/strong>: Anna Molter<\/p>\n<p><strong>design<\/strong>: Andrzej Dobosz \/ <a href=\"http:\/\/dobosz.studio\/\" target=\"_blank\" rel=\"noopener noreferrer\">http:\/\/dobosz.studio<\/a>\/<\/p>\n<p class=\"p1\"><strong>przygotowanie fotografii do druku<\/strong>: Ieva Austinskait\u0117 | aust.studio<span class=\"Apple-converted-space\">\u00a0<\/span><\/p>\n<p class=\"p1\"><strong>t\u0142umaczenie i korekta<\/strong>: Konrad Baranowski<span class=\"Apple-converted-space\">\u00a0<\/span><\/p>\n<p><strong>wydawca:<\/strong> PIX.HOUSE<\/p>\n<p><strong>koordynator publikacji<\/strong>: Adrian Wykrota<\/p>\n<p><strong>ilo\u015b\u0107 stron<\/strong>: 32<\/p>\n<p><strong>ok\u0142adka:<\/strong> mi\u0119kka<\/p>\n<p><strong>j\u0119zyk: <\/strong>polski i angielski<\/p>\n<p><strong>nadk\u0142ad:<\/strong> 1000<\/p>\n<p>&nbsp;<\/p>","protected":false},"featured_media":37319,"template":"","meta":{"_monsterinsights_skip_tracking":false,"_monsterinsights_sitenote_active":false,"_monsterinsights_sitenote_note":"","_monsterinsights_sitenote_category":0},"product_brand":[],"product_cat":[174],"product_tag":[],"class_list":{"0":"post-35117","1":"product","2":"type-product","3":"status-publish","4":"has-post-thumbnail","6":"product_cat-wydawnictwo-pix-house","8":"first","9":"instock","10":"shipping-taxable","11":"purchasable","12":"product-type-simple"},"_links":{"self":[{"href":"https:\/\/pix.house\/en\/wp-json\/wp\/v2\/product\/35117","targetHints":{"allow":["GET"]}}],"collection":[{"href":"https:\/\/pix.house\/en\/wp-json\/wp\/v2\/product"}],"about":[{"href":"https:\/\/pix.house\/en\/wp-json\/wp\/v2\/types\/product"}],"wp:featuredmedia":[{"embeddable":true,"href":"https:\/\/pix.house\/en\/wp-json\/wp\/v2\/media\/37319"}],"wp:attachment":[{"href":"https:\/\/pix.house\/en\/wp-json\/wp\/v2\/media?parent=35117"}],"wp:term":[{"taxonomy":"product_brand","embeddable":true,"href":"https:\/\/pix.house\/en\/wp-json\/wp\/v2\/product_brand?post=35117"},{"taxonomy":"product_cat","embeddable":true,"href":"https:\/\/pix.house\/en\/wp-json\/wp\/v2\/product_cat?post=35117"},{"taxonomy":"product_tag","embeddable":true,"href":"https:\/\/pix.house\/en\/wp-json\/wp\/v2\/product_tag?post=35117"}],"curies":[{"name":"wp","href":"https:\/\/api.w.org\/{rel}","templated":true}]}}