{"id":36615,"date":"2023-09-07T13:09:01","date_gmt":"2023-09-07T11:09:01","guid":{"rendered":"https:\/\/pix.house\/?post_type=product&#038;p=36615"},"modified":"2025-12-21T12:03:11","modified_gmt":"2025-12-21T11:03:11","slug":"sztuka","status":"publish","type":"product","link":"https:\/\/pix.house\/en\/product\/sztuka\/","title":{"rendered":"Sztuka poza sztuk\u0105? Fotografia dokumentalna w Polsce |  Adrian Wykrota"},"content":{"rendered":"<p><strong>tytu\u0142:<\/strong> Sztuka poza sztuk\u0105? Fotografia dokumentalna w Polsce<\/p>\n<p><strong>autor:<\/strong> Adrian Wykrota<\/p>\n<p><strong>redakcja i korekta: <\/strong>Iwona Torbicka<\/p>\n<p><strong>koncepcja ksi\u0105\u017cki i opracowanie merytoryczne:<\/strong> Adrian Wykrota<\/p>\n<p><strong>konsultacja merytoryczna: <\/strong>Prof. PhDr. Vladim\u00edr Birgus<\/p>\n<p><strong>transkrypcje:<\/strong> Jagoda Haloszka, Adrian Wykrota<\/p>\n<p><strong>pos\u0142owie:<\/strong> Pawe\u0142 Starzec<\/p>\n<p><strong>projekt graficzny:<\/strong> Andrzej Dobosz \/ <a href=\"http:\/\/dobosz.studio\">http:\/\/dobosz.studio<\/a> \/<\/p>\n<p><strong>przygotowanie do druku:<\/strong> Dariusz Nowak<\/p>\n<p><strong>koordynatorka publikacji:<\/strong> Anna Molter<\/p>\n<p>&nbsp;<\/p>\n<p><strong>format:<\/strong> 165&#215;230<\/p>\n<p><strong>ilo\u015b\u0107 stron: <\/strong>556<\/p>\n<p><strong>ilo\u015b\u0107 fotografii: <\/strong>139<\/p>\n<p>&nbsp;<\/p>\n<p>Fotografie u\u017cyte w publikacji zosta\u0142y udost\u0119pnione przez autorki i autor\u00f3w oraz instytucje i podmioty wymienione w podpisach i spisie ilustracji.<\/p>\n<p><strong>wydawca:<\/strong>\u00a0 X.PRINT \u2013 Fundacja PIX.HOUSE<\/p>\n<p><strong>partnerzy wydania:<\/strong> Wydzia\u0142 Pedagogiczno-Artystyczny w Kaliszu Uniwersytetu im. Adama Mickiewicza w Poznaniu, Institut tv\u016fr\u010d\u00ed fotografie, Filozoficko-p\u0159\u00edrodov\u011bdeck\u00e1 fakulta Slezsk\u00e9 univerzity v Opav\u011b, Galeria Miejska Arsena\u0142 w Poznaniu<\/p>\n<p><strong>miejsce i rok wydania:<\/strong> Pozna\u0144 2023<\/p>\n<p><strong>wydanie pierwsze (nak\u0142ad podstawowy + autorski): <\/strong>200 + 300 egzemplarzy<br \/>\n<strong>wydanie drugie: <\/strong>200 egzemplarzy<\/p>\n<p><strong>j\u0119zyk:<\/strong> polski<\/p>\n<p><strong>ok\u0142adka: <\/strong>twarda<strong><br \/>\n<\/strong><\/p>\n<p><strong>ISBN:<\/strong> 978-83-968764-0-9<\/p>\n<p>&nbsp;<\/p>\n<p>publikacja powsta\u0142a w ramach projektu <strong><i>PIX.LAB &#8211; edukacyjne laboratorium fotografii<\/i><\/strong><\/p>\n<p>koordynatorka projektu: Anna Molter<\/p>\n<p>&nbsp;<\/p>\n<p>Wsp\u00f3\u0142finansowanie <strong>Miasto Pozna\u0144<\/strong>.<br \/>\nKsi\u0105\u017cka powsta\u0142a dzi\u0119ki wsparciu Izy i Mariusza Stolarskich.<\/p>\n<p style=\"text-align: justify;\">","protected":false},"excerpt":{"rendered":"<p>Nak\u0142ad pierwszego wydania <b>wyczerpany!<\/b><\/p>\n<p style=\"text-align: left;\"><strong>Drugie wydanie ju\u017c dost\u0119pne.\u00a0<\/strong><\/p>\n<p>&nbsp;<\/p>\n<p style=\"text-align: justify;\">Rok 2023 to czas gor\u0105cej debaty wok\u00f3\u0142 zagadnienia zwi\u0105zanego z ci\u0105g\u0142ym rozwojem sztucznej inteligencji i kreowania za jej pomoc\u0105 rzeczywisto\u015bci. To tak\u017ce powr\u00f3t do dyskusji wok\u00f3\u0142 prawdy obrazu, manipulacji i pr\u00f3b wypracowania metod, by z tymi manipulacjami sobie radzi\u0107.<\/p>\n<p>Mo\u017cna zatem wysnu\u0107 wniosek, \u017ce tak jak dziennikarstwo musi powr\u00f3ci\u0107 do swoich \u017ar\u00f3de\u0142, opartych w g\u0142\u00f3wnej mierze na roli weryfikatora informacji, tak i fotografia (a tym bardziej fotografia dokumentalna) powinna bazowa\u0107 na wiarygodno\u015bci, podpartej zaufaniem do tw\u00f3rcy.<br \/>\nPublikacja \u201eSztuka poza sztuk\u0105?\u201d jest pr\u00f3b\u0105 kompleksowego zdefiniowania, opisania i analizy nurtu fotografii dokumentalnej w Polsce.<\/p>\n<p>Czy jednak owo definiowanie jest potrzebne? Czy jest to medium na tyle rozbudowane, interesuj\u0105ce, istotne i w gruncie rzeczy autonomiczne, by takich pr\u00f3b dokonywa\u0107? Wreszcie czy polski kontekst jest dobrym polem do przeprowadzania takiej analizy?<\/p>\n<p style=\"text-align: justify;\">Ta obszerna publikacja (o \u0142\u0105cznej obj\u0119to\u015bci 556 stron, zawieraj\u0105ca 139 fotografii) to wyj\u0105tkowe spojrzenie na dokument, poniewa\u017c bazuje na personalnych przemy\u015bleniach wielu artystek, artyst\u00f3w, kuratorek, kurator\u00f3w i os\u00f3b z szerokiego kr\u0119gu polskiej fotografii.<\/p>\n<p style=\"text-align: justify;\">Na \u0142amach ksi\u0105\u017cki swoj\u0105 wiedz\u0105 i do\u015bwiadczeniem dziel\u0105 si\u0119:<\/p>\n<p style=\"text-align: justify;\">Micha\u0142 <strong>Adamski<\/strong>, Beata <strong>Bartecka<\/strong>, Anna <strong>Bedy\u0144ska<\/strong>, Marta <strong>Bogda\u0144ska<\/strong>, Filip <strong>\u0106wik<\/strong>, Grzegorz <strong>Dembi\u0144ski<\/strong>, Andrzej <strong>Dobosz<\/strong>, Mariusz <strong>Forecki<\/strong>, Arkadiusz <strong>Gola<\/strong>, Karol <strong>Grygoruk<\/strong>, Antonina <strong>Guga\u0142a<\/strong>, Jan <strong>Jurczak<\/strong>, Agata <strong>Kalinowska<\/strong>, Joanna <strong>Kinowska<\/strong>, Julia <strong>Klewaniec<\/strong>, Weronika <strong>Kobyli\u0144ska<\/strong>, Aneta <strong>Kowalczyk<\/strong>, Kasia <strong>Kubicka<\/strong>, Diana <strong>Lelonek<\/strong>, Tomasz <strong>Liboska<\/strong>, Jukka <strong>Male<\/strong>, Ewa <strong>Meissner<\/strong>, Pawe\u0142 <strong>Miedzi\u0144ski<\/strong>, Rafa\u0142 <strong>Milach<\/strong>, Ania <strong>Na\u0142\u0119cka-Milach<\/strong>, J\u0119drzej <strong>Nowicki<\/strong>, Krzysiek <strong>Or\u0142owski<\/strong>, Celina <strong>Osiecka<\/strong>, Monika <strong>Piotrowska<\/strong>, Silvia <strong>Pogoda<\/strong>, Agnieszka <strong>Rayss<\/strong>, \u0141ukasz <strong>Rusznica<\/strong>, Katarzyna <strong>Sagatowska<\/strong>, Micha\u0142 <strong>Solarski<\/strong>, Monika <strong>Szewczyk-Wittek<\/strong>, Alicja <strong>Wr\u00f3blewska<\/strong>, Piotr <strong>Zbierski<\/strong>.<\/p>\n<p style=\"text-align: justify;\">Pos\u0142owie przygotowa\u0142 Pawe\u0142 <strong>Starzec<\/strong>.<\/p>\n<p style=\"text-align: justify;\">","protected":false},"featured_media":37444,"template":"","meta":{"_monsterinsights_skip_tracking":false,"_monsterinsights_sitenote_active":false,"_monsterinsights_sitenote_note":"","_monsterinsights_sitenote_category":0},"product_brand":[],"product_cat":[174],"product_tag":[],"class_list":{"0":"post-36615","1":"product","2":"type-product","3":"status-publish","4":"has-post-thumbnail","6":"product_cat-wydawnictwo-pix-house","8":"first","9":"instock","10":"featured","11":"shipping-taxable","12":"purchasable","13":"product-type-simple"},"_links":{"self":[{"href":"https:\/\/pix.house\/en\/wp-json\/wp\/v2\/product\/36615","targetHints":{"allow":["GET"]}}],"collection":[{"href":"https:\/\/pix.house\/en\/wp-json\/wp\/v2\/product"}],"about":[{"href":"https:\/\/pix.house\/en\/wp-json\/wp\/v2\/types\/product"}],"wp:featuredmedia":[{"embeddable":true,"href":"https:\/\/pix.house\/en\/wp-json\/wp\/v2\/media\/37444"}],"wp:attachment":[{"href":"https:\/\/pix.house\/en\/wp-json\/wp\/v2\/media?parent=36615"}],"wp:term":[{"taxonomy":"product_brand","embeddable":true,"href":"https:\/\/pix.house\/en\/wp-json\/wp\/v2\/product_brand?post=36615"},{"taxonomy":"product_cat","embeddable":true,"href":"https:\/\/pix.house\/en\/wp-json\/wp\/v2\/product_cat?post=36615"},{"taxonomy":"product_tag","embeddable":true,"href":"https:\/\/pix.house\/en\/wp-json\/wp\/v2\/product_tag?post=36615"}],"curies":[{"name":"wp","href":"https:\/\/api.w.org\/{rel}","templated":true}]}}