{"id":37292,"date":"2024-02-10T15:51:05","date_gmt":"2024-02-10T14:51:05","guid":{"rendered":"https:\/\/pix.house\/?post_type=product&#038;p=37292"},"modified":"2025-08-21T20:11:57","modified_gmt":"2025-08-21T18:11:57","slug":"fyrtel-2023","status":"publish","type":"product","link":"https:\/\/pix.house\/en\/product\/fyrtel-2023\/","title":{"rendered":"M\u00d3J FYRTEL 2023 | zin \u2013 wersja autorska"},"content":{"rendered":"<p>Czy w dobie sztucznej inteligencji, zalewu informacji i przesytu obraz\u00f3w warto dokumentowa\u0107? Po co i jak to robi\u0107, by chocia\u017c na chwil\u0119 zdoby\u0107 dar najcenniejszy \u2014 uwag\u0119 odbiorc\u00f3w. Czy aparat i szerzej fotografia lub sztuki wizualne s\u0105 dobrym narz\u0119dziem do opowiadania historii?<br \/>\nZa nami i niestety przed nami niezwykle trudny czas. Pandemia, wojny, napi\u0119cia polityczne, wszechobecny populizm i narastaj\u0105cy kryzys klimatyczny. To z jednej strony niepewno\u015b\u0107, l\u0119k i strach, z drugiej jednak czas na refleksj\u0119, reakcj\u0119 i pr\u00f3b\u0119 zapisu \u2014 by zrozumie\u0107 i podzieli\u0107 si\u0119 swoj\u0105 opowie\u015bci\u0105 z innymi. Wag\u0119 naszej pracy odkryjemy jednak po czasie. Dokument nie przynosi ekspresowych rezultat\u00f3w i natychmiastowych zmian. To jego utrapienie i jednocze\u015bnie wielka zaleta \u2014 po czasie widzimy wi\u0119cej i dzi\u0119ki temu lepiej rozumiemy.<\/p>\n<p>Warsztaty organizowane przez Fundacj\u0119 Pix.house odbywaj\u0105 si\u0119 nieprzerwanie od dziewi\u0119ciu lat. Ponad setka wspania\u0142ych, wra\u017cliwych os\u00f3b podzieli\u0142a si\u0119 z nami swoimi dokumentalnymi opowie\u015bciami. Niewa\u017cna by\u0142a technika, sprz\u0119t i spektakularna efektywno\u015bci. Starali\u015bmy si\u0119 uwa\u017cnie patrze\u0107, czu\u0107, dowiedzie\u0107 si\u0119 i otworzy\u0107 oczy, dopiero potem zobaczy\u0107 i za pomoc\u0105 aparatu zapisa\u0107.<\/p>\n<p>Tegoroczne opowie\u015bci uczestniczek i uczestnik\u00f3w warsztat\u00f3w s\u0105 wyj\u0105tkowe. Po raz kolejny skupiamy si\u0119 wok\u00f3\u0142 has\u0142a fyrtel \u2014 czyli naszej najbli\u017cszej przestrzeni. Interpretacje tego (mog\u0142oby wydawa\u0107 si\u0119 prostego tematu) zaskakuj\u0105 i ewoluuj\u0105. W publikacji znajdziemy historie personalne, czyli zapis najbli\u017cszego otoczenia, w\u0142asnych prze\u017cy\u0107 i wykorzystanie fotografii jako narz\u0119dzia do radzenia sobie z coraz trudniejsz\u0105 rzeczywisto\u015bci\u0105. Mamy tak\u017ce opowie\u015bci uniwersalne, kt\u00f3re maj\u0105 potencja\u0142 dotarcia do szerokiego grona odbiorc\u00f3w. Wa\u017cny w tym wszystkim jest nieskr\u0119powany przekaz, pluralizm patrzenia i wra\u017cliwo\u015b\u0107 postrzegania. Tego z uporem maniaka si\u0119 trzymamy i trzyma\u0107 b\u0119dziemy.<\/p>\n<p>Adrian Wykrota<\/p>\n<p><strong>Prowadz\u0105cy warsztaty:<\/strong> Micha\u0142 Adamski, Mariusz Forecki, Adrian Wykrota<br \/>\n<strong>Projekt i edycja publikacji:<\/strong> Krzysiek Or\u0142owski<br \/>\n<strong>Koordynacja dzia\u0142a\u0144:<\/strong> Anna Molter, Adrian Wykrota<\/p>\n<p>&nbsp;<\/p>\n<p>Publikacje powsta\u0142y w ramach projektu: \u201ePIX.LAB \u2013 edukacyjne laboratorium fotografii\u201d.<\/p>\n<p>Wsp\u00f3\u0142finansowanie: Miasto Pozna\u0144, Urz\u0105d Marsza\u0142kowski Wojew\u00f3dztwa Wielkopolskiego<\/p>","protected":false},"excerpt":{"rendered":"<p><strong>Tytu\u0142: <\/strong>M\u00f3j Fyrtel 2022<\/p>\n<p><strong>Autorzy:\u00a0<\/strong>Konrad Bryczek, Wojciech Chrubasik, Marta Ejsmont, Olek Knitter, Aleksandra Kossowska, Dominik Ksi\u0119\u017cyk, Sara Majcher-Wojciechowska, Aleksandra Mr\u00f3wczy\u0144ska, Dagmara Nikiel, Agnieszka Nowacka-Witczak, Kalina Szajbe, Amadeusz \u015awierk, Andrzej Trawi\u0144ski, Agnieszka Wanat, \u0141ukasz Zgrzebski<\/p>\n<p><strong>Projekt graficzny: <\/strong>Krzysiek Or\u0142owski<\/p>\n<p><strong>Redakcja: <\/strong>Adrian Wykrota<\/p>\n<p><strong>Wydawca:<\/strong>\u00a0 PIX.HOUSE<\/p>\n<p><strong>Ok\u0142adka: <\/strong>mi\u0119kka, druk cyfrowy<\/p>\n<p class=\"p1\"><strong>Nak\u0142ad:<\/strong> 50 \/ wersja autorska<\/p>","protected":false},"featured_media":37297,"template":"","meta":{"_monsterinsights_skip_tracking":false,"_monsterinsights_sitenote_active":false,"_monsterinsights_sitenote_note":"","_monsterinsights_sitenote_category":0},"product_brand":[],"product_cat":[174],"product_tag":[],"class_list":{"0":"post-37292","1":"product","2":"type-product","3":"status-publish","4":"has-post-thumbnail","6":"product_cat-wydawnictwo-pix-house","8":"first","9":"instock","10":"shipping-taxable","11":"purchasable","12":"product-type-simple"},"_links":{"self":[{"href":"https:\/\/pix.house\/en\/wp-json\/wp\/v2\/product\/37292","targetHints":{"allow":["GET"]}}],"collection":[{"href":"https:\/\/pix.house\/en\/wp-json\/wp\/v2\/product"}],"about":[{"href":"https:\/\/pix.house\/en\/wp-json\/wp\/v2\/types\/product"}],"wp:featuredmedia":[{"embeddable":true,"href":"https:\/\/pix.house\/en\/wp-json\/wp\/v2\/media\/37297"}],"wp:attachment":[{"href":"https:\/\/pix.house\/en\/wp-json\/wp\/v2\/media?parent=37292"}],"wp:term":[{"taxonomy":"product_brand","embeddable":true,"href":"https:\/\/pix.house\/en\/wp-json\/wp\/v2\/product_brand?post=37292"},{"taxonomy":"product_cat","embeddable":true,"href":"https:\/\/pix.house\/en\/wp-json\/wp\/v2\/product_cat?post=37292"},{"taxonomy":"product_tag","embeddable":true,"href":"https:\/\/pix.house\/en\/wp-json\/wp\/v2\/product_tag?post=37292"}],"curies":[{"name":"wp","href":"https:\/\/api.w.org\/{rel}","templated":true}]}}