{"id":38234,"date":"2024-11-29T14:14:49","date_gmt":"2024-11-29T13:14:49","guid":{"rendered":"https:\/\/pix.house\/?post_type=product&#038;p=38234"},"modified":"2026-04-05T23:46:05","modified_gmt":"2026-04-05T21:46:05","slug":"karol_szymkowiak","status":"publish","type":"product","link":"https:\/\/pix.house\/en\/product\/karol_szymkowiak\/","title":{"rendered":"0169-8629 5223-01750 | Karol Szymkowiak"},"content":{"rendered":"<p style=\"text-align: left;\">W po\u0142owie 2023 roku eksperci z Instytutu Meteorologii i Gospodarki Wodnej odnotowali na Jeziorze Powidzkim nowy rekord widzialno\u015bci, wynosz\u0105cy 10,38 metra przezroczysto\u015bci wody pionowo w d\u00f3\u0142. Najwi\u0119ksze jezioro w Wielkopolsce zosta\u0142o tym samym og\u0142oszone najczystszym w Polsce. Akwen obj\u0119ty jest stref\u0105 ciszy, ma dobrze rozwini\u0119t\u0105 flor\u0119 i faun\u0119, a od dziesi\u0119cioleci stanowi popularne miejsce rekreacji i wypoczynku. Wielu ludziom z okolicy, jak i mnie, Jezioro Powidzkie kojarzy si\u0119 przede wszystkim z beztroskim dzieci\u0144stwem, nauk\u0105 p\u0142ywania, pierwszymi wyjazdami pod namiot, \u017ceglowaniem, relaksem, bezpieczn\u0105 przystani\u0105.<\/p>\n<p style=\"text-align: left;\">W bezpo\u015brednim s\u0105siedztwie jeziora rozgrywa si\u0119 r\u00f3wnoleg\u0142a rzeczywisto\u015b\u0107. Zaledwie kilka kilometr\u00f3w od niego w 1953 roku, w czasach zimnej wojny, Sowieci rozpocz\u0119li budow\u0119 bazy lotnictwa wojskowego i do dzi\u015b jest to najwi\u0119ksze polskie lotnisko wojskowe. Kilka lat temu Pentagon ujawni\u0142 \u015bci\u015ble tajne opracowanie pt.\u00a0<em>Studium wymaga\u0144 broni nuklearnej strategicznego dow\u00f3dztwa lotniczego na rok 1959<\/em>. Po\u015br\u00f3d oko\u0142o 2300 cel\u00f3w w krajach bloku wschodniego i Chinach, jakie ameryka\u0144skie lotnictwo strategiczne mia\u0142o zbombardowa\u0107 przy u\u017cyciu bomb nuklearnych w razie wybuchu III wojny \u015bwiatowej, znajduje si\u0119 te\u017c lotnisko w Powidzu. Numer tego celu to 0169-8629 5223-01750.<\/p>\n<p style=\"text-align: left;\">Obecnie mie\u015bci si\u0119 tu 33. Powidzka Baza Lotnictwa Transportowego, kt\u00f3ra jest miejscem stacjonowania m.in. du\u017cych transportowych samolot\u00f3w C-130 Hercules. W Powidzu stacjonuje te\u017c co najmniej tysi\u0105c \u017co\u0142nierzy ameryka\u0144skich. W 2023 roku na terenie przyleg\u0142ym do bazy zosta\u0142 otwarty nowy kompleks logistyczno-sprz\u0119towy LTESM-C, kt\u00f3rego celem jest d\u0142ugoterminowe magazynowanie i naprawa sprz\u0119tu US Army. W budowie znajduj\u0105 si\u0119 tak\u017ce: sk\u0142ady \u015brodk\u00f3w bojowych MSA, magazyny mobilnego systemu bazy lotniczej DABS i sk\u0142ad paliwa BFS.<\/p>\n<p style=\"text-align: left;\">Pod budow\u0119 obiekt\u00f3w militarnych wyci\u0119to ju\u017c co najmniej 100 hektar\u00f3w las\u00f3w, z kt\u00f3rych cz\u0119\u015b\u0107 le\u017ca\u0142a na terenie obszaru Natura 2000 i Powidzkiego Parku Krajobrazowego.<br \/>\nW miejscach, gdzie jeszcze kilka lat temu by\u0142y jedynie polne drogi, powsta\u0142y szerokie szosy i ronda zdolne pomie\u015bci\u0107 ci\u0119\u017cki sprz\u0119t. W okolicach bazy istniej\u0105 miejsca dla \u017co\u0142nierzy, kt\u00f3re nierzadko w karykaturalny spos\u00f3b odwo\u0142uj\u0105 si\u0119 do ameryka\u0144skiej symboliki. Jednocze\u015bnie wzd\u0142u\u017c brzeg\u00f3w jeziora powstaje coraz g\u0119stsza zabudowa domk\u00f3w i innych obiekt\u00f3w wypoczynkowych. Tymczasem w ostatnich latach w jeziorze ubywa wody, za co w g\u0142\u00f3wnej mierze odpowiedzialna jest dzia\u0142alno\u015b\u0107 pobliskiej kopalni odkrywkowej, ale tak\u017ce globalne ocieplenie, kt\u00f3rego skutkami s\u0105: ma\u0142a roczna suma opad\u00f3w i og\u00f3lny wzrost temperatur.<\/p>\n<p style=\"text-align: left;\">W rezultacie wspomnianych inwestycji wojskowych o\u015brodek w Powidzu staje si\u0119 du\u017cym kompleksem lotniczo-logistyczno-sprz\u0119towym i jedn\u0105 z wa\u017cniejszych europejskich baz NATO, kt\u00f3ra z pewno\u015bci\u0105 jest na li\u015bcie cel\u00f3w strategicznych, cho\u0107 rzecz jasna innych mocarstw ni\u017c dawniej. Lotnisku, bazie, lasom, okolicznym wioskom i jezioru nadano nowy numer.<\/p>","protected":false},"excerpt":{"rendered":"<p><strong>tytu\u0142:<\/strong> 0169-8629 5223-01750<br \/>\n<strong>autor:<\/strong> Karol Szymkowiak<br \/>\n<strong>edycja zdj\u0119\u0107:<\/strong> Karol Szymkowiak<br \/>\n<strong>projekt graficzny:<\/strong> Krzysiek Or\u0142owski (Zinteka) i Karol Szymkowiak<br \/>\n<strong>tekst:<\/strong> Karol Szymkowiak<br \/>\n<strong>t\u0142umaczenie:<\/strong> Konrad Baranowski<br \/>\n<strong>korekta:<\/strong> Paulina Jeske-Choi\u0144ska<\/p>\n<p><strong>redakcja:<\/strong> Adrian Wykrota<br \/>\n<strong>wydawca:<\/strong> Fundacja Pix.house | www.pix.house<br \/>\n<strong>miejsce wydania:<\/strong> Pozna\u0144<br \/>\n<strong>format:<\/strong> 20\u00d724,5 cm<br \/>\n<strong>ilo\u015b\u0107 stron:<\/strong> 84<br \/>\nnak\u0142ad podstawowy + autorski + edycja specjalna: 80 + 220 + 10<br \/>\n<strong>j\u0119zyk:<\/strong> polski\/angielski<br \/>\n<strong>ok\u0142adka:<\/strong> mi\u0119kka<br \/>\n<strong>ISBN:<\/strong> 978-83-968764-6-1<\/p>\n<p><em><a href=\"https:\/\/pix.house\/wp-content\/uploads\/2025\/02\/0169-8629-5223-01750-Karol-Szymkowiak-ENGLISH.pdf\">&gt;Download the description in English.&lt;<\/a><\/em><\/p>\n<p>Karol Szymkowiak jest laureatem konkursu Talent Roku 2024 Pix.house w kategorii ZinCall.<\/p>\n<p>&nbsp;<\/p>\n<p>Projekt zrealizowano przy pomocy \u015brodk\u00f3w z bud\u017cetu Wojew\u00f3dztwa Wielkopolskiego w ramach stypendium Marsza\u0142ka Wojew\u00f3dztwa Wielkopolskiego w dziedzinie kultury.<\/p>\n<p>Publikacja wydana w ramach projektu \u201ePIX.LAB \u2013 edukacyjne laboratorium fotografii | wieloletni program dzia\u0142a\u0144 kulturalnych i edukacyjnych\u201d.<br \/>\nKoordynatorka projektu: Anna Molter<br \/>\nWsp\u00f3\u0142finansowanie: Miasto Pozna\u0144<\/p>\n<p>Ksi\u0105\u017cka powsta\u0142a dzi\u0119ki wsparciu Izy i Mariusza Stolarskich.<\/p>\n<p><em>The author's version of the publication is available for sale.<\/em><\/p>\n<p>&nbsp;<\/p>\n<p>W po\u0142owie 2023 roku eksperci z Instytutu Meteorologii i Gospodarki Wodnej odnotowali na Jeziorze Powidzkim nowy rekord widzialno\u015bci, wynosz\u0105cy 10,38 metra przezroczysto\u015bci wody pionowo w d\u00f3\u0142. Najwi\u0119ksze jezioro w Wielkopolsce zosta\u0142o tym samym og\u0142oszone najczystszym w Polsce. Akwen obj\u0119ty jest stref\u0105 ciszy, ma dobrze rozwini\u0119t\u0105 flor\u0119 i faun\u0119, a od dziesi\u0119cioleci stanowi popularne miejsce rekreacji i wypoczynku. Wielu ludziom z okolicy, jak i mnie, Jezioro Powidzkie kojarzy si\u0119 przede wszystkim z beztroskim dzieci\u0144stwem, nauk\u0105 p\u0142ywania, pierwszymi wyjazdami pod namiot, \u017ceglowaniem, relaksem, bezpieczn\u0105 przystani\u0105.<\/p>\n<p>W bezpo\u015brednim s\u0105siedztwie jeziora rozgrywa si\u0119 r\u00f3wnoleg\u0142a rzeczywisto\u015b\u0107. Zaledwie kilka kilometr\u00f3w od niego w 1953 roku, w czasach zimnej wojny, Sowieci rozpocz\u0119li budow\u0119 bazy lotnictwa wojskowego i do dzi\u015b jest to najwi\u0119ksze polskie lotnisko wojskowe. Kilka lat temu Pentagon ujawni\u0142 \u015bci\u015ble tajne opracowanie pt.\u00a0<em>Studium wymaga\u0144 broni nuklearnej strategicznego dow\u00f3dztwa lotniczego na rok 1959<\/em>. Po\u015br\u00f3d oko\u0142o 2300 cel\u00f3w w krajach bloku wschodniego i Chinach, jakie ameryka\u0144skie lotnictwo strategiczne mia\u0142o zbombardowa\u0107 przy u\u017cyciu bomb nuklearnych w razie wybuchu III wojny \u015bwiatowej, znajduje si\u0119 te\u017c lotnisko w Powidzu. Numer tego celu to 0169-8629 5223-01750.<\/p>\n<p>Obecnie mie\u015bci si\u0119 tu 33. Powidzka Baza Lotnictwa Transportowego, kt\u00f3ra jest miejscem stacjonowania m.in. du\u017cych transportowych samolot\u00f3w C-130 Hercules. W Powidzu stacjonuje te\u017c co najmniej tysi\u0105c \u017co\u0142nierzy ameryka\u0144skich. W 2023 roku na terenie przyleg\u0142ym do bazy zosta\u0142 otwarty nowy kompleks logistyczno-sprz\u0119towy LTESM-C, kt\u00f3rego celem jest d\u0142ugoterminowe magazynowanie i naprawa sprz\u0119tu US Army. W budowie znajduj\u0105 si\u0119 tak\u017ce: sk\u0142ady \u015brodk\u00f3w bojowych MSA, magazyny mobilnego systemu bazy lotniczej DABS i sk\u0142ad paliwa BFS.<\/p>\n<p>Pod budow\u0119 obiekt\u00f3w militarnych wyci\u0119to ju\u017c co najmniej 100 hektar\u00f3w las\u00f3w, z kt\u00f3rych cz\u0119\u015b\u0107 le\u017ca\u0142a na terenie obszaru Natura 2000 i Powidzkiego Parku Krajobrazowego.<br \/>\nW miejscach, gdzie jeszcze kilka lat temu by\u0142y jedynie polne drogi, powsta\u0142y szerokie szosy i ronda zdolne pomie\u015bci\u0107 ci\u0119\u017cki sprz\u0119t. W okolicach bazy istniej\u0105 miejsca dla \u017co\u0142nierzy, kt\u00f3re nierzadko w karykaturalny spos\u00f3b odwo\u0142uj\u0105 si\u0119 do ameryka\u0144skiej symboliki. Jednocze\u015bnie wzd\u0142u\u017c brzeg\u00f3w jeziora powstaje coraz g\u0119stsza zabudowa domk\u00f3w i innych obiekt\u00f3w wypoczynkowych. Tymczasem w ostatnich latach w jeziorze ubywa wody, za co w g\u0142\u00f3wnej mierze odpowiedzialna jest dzia\u0142alno\u015b\u0107 pobliskiej kopalni odkrywkowej, ale tak\u017ce globalne ocieplenie, kt\u00f3rego skutkami s\u0105: ma\u0142a roczna suma opad\u00f3w i og\u00f3lny wzrost temperatur.<\/p>\n<p>W rezultacie wspomnianych inwestycji wojskowych o\u015brodek w Powidzu staje si\u0119 du\u017cym kompleksem lotniczo-logistyczno-sprz\u0119towym i jedn\u0105 z wa\u017cniejszych europejskich baz NATO, kt\u00f3ra z pewno\u015bci\u0105 jest na li\u015bcie cel\u00f3w strategicznych, cho\u0107 rzecz jasna innych mocarstw ni\u017c dawniej. Lotnisku, bazie, lasom, okolicznym wioskom i jezioru nadano nowy numer.<\/p>","protected":false},"featured_media":38246,"template":"","meta":{"_monsterinsights_skip_tracking":false,"_monsterinsights_sitenote_active":false,"_monsterinsights_sitenote_note":"","_monsterinsights_sitenote_category":0},"product_brand":[],"product_cat":[174],"product_tag":[],"class_list":{"0":"post-38234","1":"product","2":"type-product","3":"status-publish","4":"has-post-thumbnail","6":"product_cat-wydawnictwo-pix-house","8":"first","9":"instock","10":"shipping-taxable","11":"purchasable","12":"product-type-simple"},"_links":{"self":[{"href":"https:\/\/pix.house\/en\/wp-json\/wp\/v2\/product\/38234","targetHints":{"allow":["GET"]}}],"collection":[{"href":"https:\/\/pix.house\/en\/wp-json\/wp\/v2\/product"}],"about":[{"href":"https:\/\/pix.house\/en\/wp-json\/wp\/v2\/types\/product"}],"wp:featuredmedia":[{"embeddable":true,"href":"https:\/\/pix.house\/en\/wp-json\/wp\/v2\/media\/38246"}],"wp:attachment":[{"href":"https:\/\/pix.house\/en\/wp-json\/wp\/v2\/media?parent=38234"}],"wp:term":[{"taxonomy":"product_brand","embeddable":true,"href":"https:\/\/pix.house\/en\/wp-json\/wp\/v2\/product_brand?post=38234"},{"taxonomy":"product_cat","embeddable":true,"href":"https:\/\/pix.house\/en\/wp-json\/wp\/v2\/product_cat?post=38234"},{"taxonomy":"product_tag","embeddable":true,"href":"https:\/\/pix.house\/en\/wp-json\/wp\/v2\/product_tag?post=38234"}],"curies":[{"name":"wp","href":"https:\/\/api.w.org\/{rel}","templated":true}]}}