{"id":38245,"date":"2024-11-29T14:31:12","date_gmt":"2024-11-29T13:31:12","guid":{"rendered":"https:\/\/pix.house\/?post_type=product&#038;p=38245"},"modified":"2026-03-10T21:18:46","modified_gmt":"2026-03-10T20:18:46","slug":"forever_ks","status":"publish","type":"product","link":"https:\/\/pix.house\/en\/product\/forever_ks\/","title":{"rendered":"Forever Mine | Anna Bedy\u0144ska"},"content":{"rendered":"<p class=\"translation-block\">Japo\u0144ski wymiar sprawiedliwo\u015bci opiera si\u0119 na XIX-wiecznych regu\u0142ach funkcjonowania rodziny, kt\u00f3re nie uznaj\u0105 podzia\u0142u w\u0142adzy rodzicielskiej i nie uwa\u017caj\u0105 uprowadzenia dziecka przez jedno z rodzic\u00f3w za przest\u0119pstwo. W rezultacie rocznie ponad 150 tysi\u0119cy dzieci traci kontakt z mam\u0105 lub tat\u0105.<br>\r\nJaponia to jedyny kraj grupy G7, w kt\u00f3rym po rozwodzie prawo do opieki nad dzieckiem przys\u0142uguje wy\u0142\u0105cznie jednemu rodzicowi, drugi za\u015b zostaje pozbawiony praw rodzicielskich. Nie ma prawa wiedzie\u0107, gdzie dziecko mieszka, gdzie si\u0119 uczy, jak si\u0119 czuje. Nie ma prawa do spotka\u0144.<\/p>\n<p>One day, you are a parent; the next, you are not. The police and the court say: *\"Go home, forget that you were ever a parent! Imagine that your child is dead,\"* recalls one of the people featured in the series.<\/p>\n<p>But parents cannot forget. Tomas Savicas last saw his daughter, Gabriele, over eight years ago. He still catches himself looking into strollers on the street, searching for his nine-month-old daughter\u2014the age Gabriele was when his ex-wife took her from their home.<\/p>\n<p>*\"Under the current Japanese law, the parent who manages to take the children first will be granted custody,\"* explains Richard Delrieu, a professor at Kyoto Sangyo University and chairman of the SOS Parents Japan association, who himself lost custody of his son. *\"The court tolerates child abduction,\"* Delrieu adds in a documentary on Japan's family law.  \n\nAfter six months of the child living in the new residence, the abducting parent gains a legal advantage over the other spouse. Custody is then granted to them.<\/p>\n<p>It is often the case that a parent who has lost custody must\u2014despite having no contact with their child\u2014pay child support until the child turns 21. Between 10% and 30% of the child support payments go each month to the lawyers who helped secure the court ruling.<\/p>\n<p>&nbsp;<\/p>\n<p><strong>Anna Bedy\u0144ska<\/strong><br \/>\nHer focus is always on people. She directs her camera toward those who live in the shadows of the wider world, often on the margins of social and economic life. She strives to capture the social changes shaping contemporary society, such as the evolving role of fathers or the situation of women in social, cultural, and political contexts.\n\nHer projects Dad in Action, Clothes for Death, and Kids Go Home have been used as social campaigns advocating for the humanization of death and birth, while the Spot the Dot photo series was created to support skin cancer prevention efforts.\n\nAnna Bedy\u0144ska specializes in reportage, often addressing taboo topics. In her project Forever Mine, she combines photography and sound to tell the story of parental abductions in Japan.<\/p>\n<p>Laureatka nagrody World Press Photo oraz Nagrody MKiDN (2013). Uko\u0144czy\u0142a PWSFTviT w \u0141odzi oraz Szko\u0142\u0119 Filmu i Teatru Dokumentalnego w Moskwie. Jej rosyjska seria \u201eNiewinnie skazani\u201d zdoby\u0142a tytu\u0142 Zdj\u0119cia Roku w Grand Press Photo 2017. Cz\u0142onkini Canon Ambassador Program (2013\u20132018), Women Photographers i Polish Women Photographers. Mieszka\u0142a i pracowa\u0142a w Warszawie, Moskwie, Tokio, Hongkongu i Bukareszcie.<br \/>\nwww.annabedynska.pl<\/p>\n<p><em>Makieta ksi\u0105\u017cki \u201eForever mine\u201d (2021\u20132023) znalaz\u0142o si\u0119 w\u015br\u00f3d finalist\u00f3w Hong Kong Dummy Award 2023 i w ramach tej nagrody ksi\u0105\u017cka podr\u00f3\u017cuje obecnie po festiwalach ksi\u0105\u017cek fotograficznych na ca\u0142ym \u015bwiecie.<\/em><\/p>","protected":false},"excerpt":{"rendered":"<p class=\"translation-block\"><strong>Koncepcja ksi\u0105\u017cki i opracowanie merytoryczne:<\/strong> Anna Bedy\u0144ska<br>\r\n<strong>Fotografie i tekst:<\/strong> Anna Bedy\u0144ska<br>\r\n<strong>T\u0142umaczenie na japo\u0144ski: <\/strong>Juri Vandenberg<br>\r\n<strong>Projekt graficzny:<\/strong> Anna Bedy\u0144ska, Andrzej Dobosz \/ dobosz.studio<br>\r\n<strong>Sk\u0142ad i przygotowanie fotografii:<\/strong> Dariusz Nowak<\/p>\n<p class=\"translation-block\"><strong>Opieka kuratorska i redakcyjna:<\/strong> Adrian Wykrota<br>\r\n<strong>Wydawnictwo:<\/strong> Fundacja Pix.house \/ www.pix.house<\/p>\n<p><strong>miejsce i rok wydania:<\/strong> Pozna\u0144 2024<br \/>\n<strong>format:<\/strong> 15\u00d721 cm<br \/>\n<strong>ilo\u015b\u0107 stron:<\/strong> 300<br \/>\n<strong>nak\u0142ad<\/strong> podstawowy + autorski + edycja specjalna: 80 + 320<br \/>\n<strong>j\u0119zyk:<\/strong> japo\u0144ski\/angielski<br \/>\n<strong>ok\u0142adka:<\/strong> mi\u0119kka<br \/>\n<strong>ISBN:<\/strong> 978-83-968764-5-4<\/p>\n<p>POZNAN\u0301 2024<\/p>\n<p>Publikacja zosta\u0142a wydana w ramach projektu \u201ePIX.LAB &#8211; edukacyjne laboratorium fotografii |<br \/>\nwieloletni program dzia\u0142a\u0144 kulturalnych i edukacyjnych\u201d<br \/>\nKoordynatorka projektu: Anna Molter<br \/>\nWsp\u00f3\u0142finansowanie: Miasto Pozna\u0144<\/p>\n<p>Ksi\u0105\u017cka powsta\u0142a dzi\u0119ki wsparciu Izy i Mariusza Stolarskich.<\/p>\n<p class=\"translation-block\">Praca nad koncepcj\u0105 i edycj\u0105 rozwijane by\u0142o w ramach warsztat\u00f3w Photobook as Object 2022 z<br>\r\nYumi Goto i Jan Rosseel we wsp\u00f3\u0142pracy z Reminders Photography Stronghold.<\/p>\n<p><em>The author's version of the publication is available for sale.<\/em><\/p>\n<p><a href=\"https:\/\/pix.house\/wp-content\/uploads\/2025\/02\/Forever-Mine-Anna-Bedynska-ENGLISH.pdf\">&gt;Download the description in English.&lt;<\/a><\/p>","protected":false},"featured_media":38256,"template":"","meta":{"_monsterinsights_skip_tracking":false,"_monsterinsights_sitenote_active":false,"_monsterinsights_sitenote_note":"","_monsterinsights_sitenote_category":0},"product_brand":[],"product_cat":[174],"product_tag":[],"class_list":{"0":"post-38245","1":"product","2":"type-product","3":"status-publish","4":"has-post-thumbnail","6":"product_cat-wydawnictwo-pix-house","8":"first","9":"instock","10":"shipping-taxable","11":"purchasable","12":"product-type-simple"},"_links":{"self":[{"href":"https:\/\/pix.house\/en\/wp-json\/wp\/v2\/product\/38245","targetHints":{"allow":["GET"]}}],"collection":[{"href":"https:\/\/pix.house\/en\/wp-json\/wp\/v2\/product"}],"about":[{"href":"https:\/\/pix.house\/en\/wp-json\/wp\/v2\/types\/product"}],"wp:featuredmedia":[{"embeddable":true,"href":"https:\/\/pix.house\/en\/wp-json\/wp\/v2\/media\/38256"}],"wp:attachment":[{"href":"https:\/\/pix.house\/en\/wp-json\/wp\/v2\/media?parent=38245"}],"wp:term":[{"taxonomy":"product_brand","embeddable":true,"href":"https:\/\/pix.house\/en\/wp-json\/wp\/v2\/product_brand?post=38245"},{"taxonomy":"product_cat","embeddable":true,"href":"https:\/\/pix.house\/en\/wp-json\/wp\/v2\/product_cat?post=38245"},{"taxonomy":"product_tag","embeddable":true,"href":"https:\/\/pix.house\/en\/wp-json\/wp\/v2\/product_tag?post=38245"}],"curies":[{"name":"wp","href":"https:\/\/api.w.org\/{rel}","templated":true}]}}