{"id":39179,"date":"2025-12-01T18:17:28","date_gmt":"2025-12-01T17:17:28","guid":{"rendered":"https:\/\/pix.house\/?post_type=product&#038;p=39179"},"modified":"2025-12-04T22:04:36","modified_gmt":"2025-12-04T21:04:36","slug":"torby-banerowe-miedzy-nami-dobrze-jest","status":"publish","type":"product","link":"https:\/\/pix.house\/en\/product\/torby-banerowe-miedzy-nami-dobrze-jest\/","title":{"rendered":"TORBY BANEROWE | MI\u0118DZY NAMI DOBRZE JEST"},"content":{"rendered":"<p>W 2022 roku w Starym Browarze w Poznaniu mia\u0142a miejsce w<span data-contrast=\"auto\">ystawa zbiorowa fotograf\u00f3w zrzeszonych w Pix.House: Micha\u0142a Adamskiego, Mariusza Foreckiego i Adriana Wykroty oraz Mariusza Stachowiaka, kt\u00f3ra by\u0142a pierwszym spojrzeniem na ich archiwa w kontek\u015bcie skomplikowanych relacji spo\u0142ecznych. To tak\u017ce pierwsza pr\u00f3ba po\u0142\u0105czenia r\u00f3\u017cnych perspektyw i punkt\u00f3w widzenia. Wystawa by\u0142a tak\u017ce prezentowana w 2023 roku we wroc\u0142awskiej Galerii Foto-Gen.\u00a0<\/span><\/p>\n<p>Kilka naszych fotografii pokazywana by\u0142a w formie baner\u00f3w, kt\u00f3re teraz postanowili\u015bmy przerobi\u0107 z okazji X-lecia na du\u017ce i wygodne torby. Torby posiadaj\u0105 2 wewn\u0119trzne kieszenie oraz d\u0142u\u017csze paski do noszenia na ramieniu i kr\u00f3tkie do trzymania w r\u0119ce. Wymiary: 47&#215;33 cm.<\/p>\n<p>Torby s\u0105 w jednym egzemplarzu, nie ma dw\u00f3ch takich samych wzor\u00f3w. <strong>Przy zam\u00f3wieniu prosimy o podanie numeru w polu UWAGI!!!<\/strong>\u00a0W przypadku niepodania numeru, zostanie wys\u0142ana torba wybrana losowo.<\/p>\n<p>&nbsp;<\/p>\n<p><strong>Fotografie:<\/strong><\/p>\n<p>1-4. Mariusz Stachowiak &#8211; z ksi\u0105\u017cki Bo \u017cyj\u0119<\/p>\n<p>6-8. Mariusz Forecki &#8211; z ksi\u0105\u017cki Mechanizm<\/p>\n<p>9-11. Micha\u0142 Adamski &#8211; z cyklu Blisko ziemi, daleko do nieba<\/p>\n<p>12-14. Adrian Wykrota &#8211; z ksi\u0105\u017cki Nie<\/p>","protected":false},"excerpt":{"rendered":"<p>W 2022 roku w Starym Browarze w Poznaniu mia\u0142a miejsce wystawa zbiorowa fotograf\u00f3w zrzeszonych w Pix.House: Micha\u0142a Adamskiego, Mariusza Foreckiego i Adriana Wykroty oraz Mariusza Stachowiaka, kt\u00f3ra by\u0142a pierwszym spojrzeniem na ich archiwa w kontek\u015bcie skomplikowanych relacji spo\u0142ecznych. To tak\u017ce pierwsza pr\u00f3ba po\u0142\u0105czenia r\u00f3\u017cnych perspektyw&#8230;<\/p>","protected":false},"featured_media":39190,"template":"","meta":{"_monsterinsights_skip_tracking":false,"_monsterinsights_sitenote_active":false,"_monsterinsights_sitenote_note":"","_monsterinsights_sitenote_category":0},"product_brand":[],"product_cat":[174],"product_tag":[],"class_list":{"0":"post-39179","1":"product","2":"type-product","3":"status-publish","4":"has-post-thumbnail","6":"product_cat-wydawnictwo-pix-house","8":"first","9":"instock","10":"shipping-taxable","11":"purchasable","12":"product-type-simple"},"_links":{"self":[{"href":"https:\/\/pix.house\/en\/wp-json\/wp\/v2\/product\/39179","targetHints":{"allow":["GET"]}}],"collection":[{"href":"https:\/\/pix.house\/en\/wp-json\/wp\/v2\/product"}],"about":[{"href":"https:\/\/pix.house\/en\/wp-json\/wp\/v2\/types\/product"}],"wp:featuredmedia":[{"embeddable":true,"href":"https:\/\/pix.house\/en\/wp-json\/wp\/v2\/media\/39190"}],"wp:attachment":[{"href":"https:\/\/pix.house\/en\/wp-json\/wp\/v2\/media?parent=39179"}],"wp:term":[{"taxonomy":"product_brand","embeddable":true,"href":"https:\/\/pix.house\/en\/wp-json\/wp\/v2\/product_brand?post=39179"},{"taxonomy":"product_cat","embeddable":true,"href":"https:\/\/pix.house\/en\/wp-json\/wp\/v2\/product_cat?post=39179"},{"taxonomy":"product_tag","embeddable":true,"href":"https:\/\/pix.house\/en\/wp-json\/wp\/v2\/product_tag?post=39179"}],"curies":[{"name":"wp","href":"https:\/\/api.w.org\/{rel}","templated":true}]}}