{"id":39976,"date":"2026-03-14T18:29:21","date_gmt":"2026-03-14T17:29:21","guid":{"rendered":"https:\/\/pix.house\/?post_type=product&#038;p=39976"},"modified":"2026-04-11T13:05:47","modified_gmt":"2026-04-11T11:05:47","slug":"wyojcowanie-joanna-tyczynska","status":"publish","type":"product","link":"https:\/\/pix.house\/en\/product\/wyojcowanie-joanna-tyczynska\/","title":{"rendered":"WYOJCOWANIE | Joanna Tyczy\u0144ska"},"content":{"rendered":"<p>\u201eWyojcowanie\u201d to fotograficzna opowie\u015b\u0107 o mojej nierelacji z ojcem-nieojcem, kt\u00f3rego tym samym chcia\u0142abym odes\u0142a\u0107 w niebyt.<\/p>\n<p>Nieojcem, kt\u00f3ry zostawi\u0142 mnie i mam\u0119, gdy mia\u0142am nieca\u0142e dwa lata. Kt\u00f3rego pozna\u0142am dopiero jako nastolatka. Kt\u00f3rego oczekiwa\u0144 nie spe\u0142nia\u0142am. Kt\u00f3rego nie interesowa\u0142am. Od kt\u00f3rego chcia\u0142abym si\u0119 uwolni\u0107; zw\u0142aszcza teraz, gdy ju\u017c umar\u0142.<\/p>\n<p>Nied\u0142ugo po \u015bmierci ojca wiosn\u0105 2023 roku zacz\u0119\u0142am robi\u0107 zdj\u0119cia, jeszcze nie maj\u0105c w planach rozwini\u0119cia ich w d\u0142ugoterminowy projekt fotograficzny. Raczej zapisywa\u0142am chwile, nastroje, my\u015bli, ale tak\u017ce \u2013 paradoksalnie \u2013 zamro\u017cenie uczu\u0107. Chcia\u0142am spojrze\u0107 na bezpo\u015brednie otoczenie przez pryzmat emocjonalny albo interpretowa\u0107 przestrze\u0144 wok\u00f3\u0142 mnie jako pejza\u017c subiektywny. Z jednej strony sta\u0142o si\u0119 to rodzajem autoterapii. Z drugiej \u2013 pr\u00f3b\u0105 prze\u0142o\u017cenia osobistych prze\u017cy\u0107 na uniwersaln\u0105 opowie\u015b\u0107 o niechcianej \u017ca\u0142obie i zwi\u0105zanych z ni\u0105 spo\u0142ecznych oczekiwaniach.<\/p>\n<p><b>Joanna Tyczy\u0144ska <\/b>\u2013 fotografka i redaktorka. Studiowa\u0142a dziennikarstwo na Uniwersytecie Warszawskim. Uczestniczka III edycji Jastrz\u0119bskiej Szko\u0142y Fotografii Dokumentalnej. Pracowa\u0142a jako fotoedytorka, redaktorka i sekretarz redakcji w miesi\u0119cznikach wn\u0119trzarskich i podr\u00f3\u017cniczych. Wsp\u00f3\u0142pracowa\u0142a m.in. z Voyage i Podr\u00f3\u017cami, gdzie opublikowa\u0142a (wraz z m\u0119\u017cem Piotrem Tyczy\u0144skim) ponad 100 materia\u0142\u00f3w ze \u015bwiata.\u00a0 Dzia\u0142a na styku fotografii i s\u0142owa. Realizuje d\u0142ugoterminowe projekty osobiste.\u00a0 Wsp\u00f3\u0142za\u0142o\u017cycielka i cz\u0142onkini Kolektywu DJAM. Mieszka w Warszawie.<\/p>","protected":false},"excerpt":{"rendered":"<p><strong>tytu\u0142:<\/strong> WYOJCOWANIE<br \/>\n<strong>autorka:<\/strong> Joanna Tyczy\u0144ska<br \/>\n<strong>edycja zdj\u0119\u0107:<\/strong> Joanna Tyczy\u0144ska, Krzysiek Or\u0142owski<br \/>\n<strong>projekt graficzny:<\/strong> Krzysiek Or\u0142owski (Zinteka)<br \/>\n<strong>tekst:\u00a0<\/strong>Joanna Tyczy\u0144ska<br \/>\n<strong>t\u0142umaczenie:<\/strong> Piotr Tyczy\u0144ski<\/p>\n<p><strong>opieka redakcyjna:<\/strong> Adrian Wykrota<br \/>\n<strong>wydawca:<\/strong> Fundacja Pix.house | www.pix.house<br \/>\n<strong>miejsce wydania:<\/strong> Pozna\u0144<br \/>\n<strong>nak\u0142ad autorski:<\/strong> 40<br \/>\n<strong>j\u0119zyk:<\/strong> polski\/angielski<br \/>\n<strong>ok\u0142adka:<\/strong> mi\u0119kka<br \/>\n<strong>ISBN:<\/strong> 978-83-978704-1-3<\/p>\n<p>Joanna Tyczy\u0144ska jest laureatk\u0105 konkursu Talent Roku 2025 Pix.house w kategorii ZinCall.<\/p>\n<p><em>The author's version of the publication is available for sale.<\/em><\/p>","protected":false},"featured_media":39979,"template":"","meta":{"_monsterinsights_skip_tracking":false,"_monsterinsights_sitenote_active":false,"_monsterinsights_sitenote_note":"","_monsterinsights_sitenote_category":0},"product_brand":[],"product_cat":[174],"product_tag":[],"class_list":{"0":"post-39976","1":"product","2":"type-product","3":"status-publish","4":"has-post-thumbnail","6":"product_cat-wydawnictwo-pix-house","8":"first","9":"instock","10":"shipping-taxable","11":"purchasable","12":"product-type-simple"},"_links":{"self":[{"href":"https:\/\/pix.house\/en\/wp-json\/wp\/v2\/product\/39976","targetHints":{"allow":["GET"]}}],"collection":[{"href":"https:\/\/pix.house\/en\/wp-json\/wp\/v2\/product"}],"about":[{"href":"https:\/\/pix.house\/en\/wp-json\/wp\/v2\/types\/product"}],"wp:featuredmedia":[{"embeddable":true,"href":"https:\/\/pix.house\/en\/wp-json\/wp\/v2\/media\/39979"}],"wp:attachment":[{"href":"https:\/\/pix.house\/en\/wp-json\/wp\/v2\/media?parent=39976"}],"wp:term":[{"taxonomy":"product_brand","embeddable":true,"href":"https:\/\/pix.house\/en\/wp-json\/wp\/v2\/product_brand?post=39976"},{"taxonomy":"product_cat","embeddable":true,"href":"https:\/\/pix.house\/en\/wp-json\/wp\/v2\/product_cat?post=39976"},{"taxonomy":"product_tag","embeddable":true,"href":"https:\/\/pix.house\/en\/wp-json\/wp\/v2\/product_tag?post=39976"}],"curies":[{"name":"wp","href":"https:\/\/api.w.org\/{rel}","templated":true}]}}